{"id":59243,"date":"2026-04-03T00:59:54","date_gmt":"2026-04-02T21:59:54","guid":{"rendered":"http:\/\/new.ceasuri.md\/shop\/uncategorized\/boccia-titanium-3630-03\/"},"modified":"2026-04-20T01:51:11","modified_gmt":"2026-04-19T22:51:11","slug":"boccia-titanium-3630-03","status":"publish","type":"product","link":"https:\/\/ceasuri.md\/ru\/shop\/branduri\/boccia\/boccia-titanium-3630-03\/","title":{"rendered":"Ceas BOCCIA TITANIUM 3630-03"},"content":{"rendered":"<p>Ceas b\u0103rb\u0103tesc Boccia Titanium cu o carcas\u0103 destul de plat\u0103 \u0219i compact\u0103 (diametru 37,2 mm, grosime doar 7,5 mm).<\/p>\n<p>Carcasa este realizat\u0103 \u00een \u00eentregime din titan pur care a fost sablat cu precizie, ceea ce o face incredibil de u\u0219oar\u0103.<\/p>\n<p>Numerele \u0219i m\u00e2inile luminoase de pe cadranul negru mat asigur\u0103 o lizibilitate perfect\u0103 chiar \u0219i \u00een \u00eentuneric. Afi\u0219ajul datei este situat la ora 3.<\/p>\n<p>Acest ceas casual ultra-u\u0219or este rezistent la ap\u0103 p\u00e2n\u0103 la 50 de metri.<\/p>","protected":false},"excerpt":{"rendered":"<p>Ceas b\u0103rb\u0103tesc Boccia Titanium cu o carcas\u0103 destul de plat\u0103 \u0219i compact\u0103 (diametru 37,2 mm, grosime doar 7,5 mm). Carcasa este realizat\u0103 \u00een \u00eentregime din titan pur care a fost sablat cu precizie, ceea ce o face incredibil de u\u0219oar\u0103. Numerele \u0219i m\u00e2inile luminoase de pe cadranul negru mat asigur\u0103 o lizibilitate perfect\u0103 chiar \u0219i [&hellip;]<\/p>\n","protected":false},"featured_media":59244,"comment_status":"closed","ping_status":"open","template":"","meta":{"_acf_changed":false},"product_brand":[],"product_cat":[626,20],"product_tag":[],"class_list":{"0":"post-59243","1":"product","2":"type-product","3":"status-publish","4":"has-post-thumbnail","6":"product_cat-boccia","7":"product_cat-ceasuri-barbati","8":"pa_brand-boccia","9":"pa_braslet-titan","10":"pa_corpus-37-mm","11":"pa_forma-rotund","12":"pa_funcii-data","13":"pa_garatia-24-luni","14":"pa_korpus-argintiu","15":"pa_kvarc-quartz","16":"pa_material-titan","17":"pa_mehanizm-quartz","18":"pa_remeshok-argintiu","19":"pa_steklo-cristal-mineral","20":"pa_strana-germania","21":"pa_voda-5-atm","23":"first","24":"outofstock","25":"purchasable","26":"product-type-simple"},"acf":[],"_links":{"self":[{"href":"https:\/\/ceasuri.md\/ru\/wp-json\/wp\/v2\/product\/59243","targetHints":{"allow":["GET"]}}],"collection":[{"href":"https:\/\/ceasuri.md\/ru\/wp-json\/wp\/v2\/product"}],"about":[{"href":"https:\/\/ceasuri.md\/ru\/wp-json\/wp\/v2\/types\/product"}],"replies":[{"embeddable":true,"href":"https:\/\/ceasuri.md\/ru\/wp-json\/wp\/v2\/comments?post=59243"}],"wp:featuredmedia":[{"embeddable":true,"href":"https:\/\/ceasuri.md\/ru\/wp-json\/wp\/v2\/media\/59244"}],"wp:attachment":[{"href":"https:\/\/ceasuri.md\/ru\/wp-json\/wp\/v2\/media?parent=59243"}],"wp:term":[{"taxonomy":"product_brand","embeddable":true,"href":"https:\/\/ceasuri.md\/ru\/wp-json\/wp\/v2\/product_brand?post=59243"},{"taxonomy":"product_cat","embeddable":true,"href":"https:\/\/ceasuri.md\/ru\/wp-json\/wp\/v2\/product_cat?post=59243"},{"taxonomy":"product_tag","embeddable":true,"href":"https:\/\/ceasuri.md\/ru\/wp-json\/wp\/v2\/product_tag?post=59243"}],"curies":[{"name":"wp","href":"https:\/\/api.w.org\/{rel}","templated":true}]}}