{"id":59240,"date":"2026-04-03T00:59:54","date_gmt":"2026-04-02T21:59:54","guid":{"rendered":"http:\/\/new.ceasuri.md\/shop\/uncategorized\/boccia-titanium-solar-3643-05\/"},"modified":"2026-04-07T05:04:20","modified_gmt":"2026-04-07T02:04:20","slug":"boccia-titanium-solar-3643-05","status":"publish","type":"product","link":"https:\/\/ceasuri.md\/ru\/shop\/branduri\/boccia\/boccia-titanium-solar-3643-05\/","title":{"rendered":"Ceas BOCCIA TITANIUM SOLAR 3643-05"},"content":{"rendered":"<p>Nu mai trebuie s\u0103 schimba\u021bi bateriile. Acest ceas b\u0103rb\u0103tesc durabil are o mi\u0219care japonez\u0103 alimentat\u0103 cu energie solar\u0103 \u00eentr-o carcas\u0103 hipoalergenic\u0103 din titan pur. Odat\u0103 \u00eenc\u0103rcat complet, ceasul rezist\u0103 p\u00e2n\u0103 la 6 luni \u00een \u00eentuneric. Rezerva de energie este suficient\u0103 pentru a v\u0103 putea baza complet pe el.<\/p>\n<p>\u00cen \u00eentuneric, indicii \u0219i m\u00e2inile str\u0103lucesc clar \u0219i luminos.<\/p>\n<p>Ceasul este rezistent la ap\u0103 p\u00e2n\u0103 la 100 de metri \u0219i are un cristal de safir rezistent la zg\u00e2rieturi.<\/p>\n<p>Br\u0103\u021bara extrem de puternic\u0103 din titan pur este incredibil de u\u0219oar\u0103 \u0219i rezistent\u0103 la coroziune, \u00een timp ce \u00eenchiderea pliabil\u0103 este practic\u0103 \u0219i fiabil\u0103.<\/p>\n<p>Ceasul perfect pentru un stil de via\u021b\u0103 activ, care va face fa\u021b\u0103 oric\u0103rei provoc\u0103ri.<\/p>","protected":false},"excerpt":{"rendered":"<p>Nu mai trebuie s\u0103 schimba\u021bi bateriile. Acest ceas b\u0103rb\u0103tesc durabil are o mi\u0219care japonez\u0103 alimentat\u0103 cu energie solar\u0103 \u00eentr-o carcas\u0103 hipoalergenic\u0103 din titan pur. Odat\u0103 \u00eenc\u0103rcat complet, ceasul rezist\u0103 p\u00e2n\u0103 la 6 luni \u00een \u00eentuneric. Rezerva de energie este suficient\u0103 pentru a v\u0103 putea baza complet pe el. \u00cen \u00eentuneric, indicii \u0219i m\u00e2inile str\u0103lucesc clar [&hellip;]<\/p>\n","protected":false},"featured_media":59241,"comment_status":"closed","ping_status":"open","template":"","meta":{"_acf_changed":false},"product_brand":[],"product_cat":[626,20],"product_tag":[],"class_list":{"0":"post-59240","1":"product","2":"type-product","3":"status-publish","4":"has-post-thumbnail","6":"product_cat-boccia","7":"product_cat-ceasuri-barbati","8":"pa_brand-boccia","9":"pa_braslet-titan","10":"pa_corpus-40-mm","11":"pa_forma-rotund","12":"pa_funcii-data","13":"pa_garatia-24-luni","14":"pa_korpus-argintiu","15":"pa_material-titan","16":"pa_mehanizm-baterie-solara","17":"pa_remeshok-argintiu","18":"pa_steklo-cristal-safir","19":"pa_strana-germania","20":"pa_voda-10-atm","22":"first","23":"instock","24":"purchasable","25":"product-type-simple"},"acf":[],"_links":{"self":[{"href":"https:\/\/ceasuri.md\/ru\/wp-json\/wp\/v2\/product\/59240","targetHints":{"allow":["GET"]}}],"collection":[{"href":"https:\/\/ceasuri.md\/ru\/wp-json\/wp\/v2\/product"}],"about":[{"href":"https:\/\/ceasuri.md\/ru\/wp-json\/wp\/v2\/types\/product"}],"replies":[{"embeddable":true,"href":"https:\/\/ceasuri.md\/ru\/wp-json\/wp\/v2\/comments?post=59240"}],"wp:featuredmedia":[{"embeddable":true,"href":"https:\/\/ceasuri.md\/ru\/wp-json\/wp\/v2\/media\/59241"}],"wp:attachment":[{"href":"https:\/\/ceasuri.md\/ru\/wp-json\/wp\/v2\/media?parent=59240"}],"wp:term":[{"taxonomy":"product_brand","embeddable":true,"href":"https:\/\/ceasuri.md\/ru\/wp-json\/wp\/v2\/product_brand?post=59240"},{"taxonomy":"product_cat","embeddable":true,"href":"https:\/\/ceasuri.md\/ru\/wp-json\/wp\/v2\/product_cat?post=59240"},{"taxonomy":"product_tag","embeddable":true,"href":"https:\/\/ceasuri.md\/ru\/wp-json\/wp\/v2\/product_tag?post=59240"}],"curies":[{"name":"wp","href":"https:\/\/api.w.org\/{rel}","templated":true}]}}