{"id":59237,"date":"2025-07-17T07:00:37","date_gmt":"2025-07-17T04:00:37","guid":{"rendered":"http:\/\/new.ceasuri.md\/shop\/uncategorized\/boccia-titanium-3663-02\/"},"modified":"2026-05-01T19:30:42","modified_gmt":"2026-05-01T16:30:42","slug":"boccia-titanium-3663-02","status":"publish","type":"product","link":"https:\/\/ceasuri.md\/ru\/shop\/branduri\/boccia\/boccia-titanium-3663-02\/","title":{"rendered":"\u0427\u0430\u0441\u044b BOCCIA TITANIUM 3663-02"},"content":{"rendered":"<p>Ceasul b\u0103rb\u0103tesc Boccia este caracterizat de designul s\u0103u clasic, dar sportiv.<\/p>\n<p>Cu o carcas\u0103 rotund\u0103 de 39 mm din titan \u0219i un cadran albastru inchis cu fereastr\u0103 pentru dat\u0103. Carcasa este completat\u0103 de o br\u0103\u021bar\u0103 din titan periat cu \u00eenchidere pliabil\u0103. Ceasul este prev\u0103zut cu un cristal mineral \u0219i poate rezista la 10 atm.<\/p>\n<p>Fie c\u0103 sunte\u021bi \u00een c\u0103utarea unui aspect sportiv sau elegant, acest ceas va completa orice \u021binut\u0103 \u0219i se va potrivi oric\u0103rei ocazii.<\/p>","protected":false},"excerpt":{"rendered":"<p>Ceasul b\u0103rb\u0103tesc Boccia este caracterizat de designul s\u0103u clasic, dar sportiv. Cu o carcas\u0103 rotund\u0103 de 39 mm din titan \u0219i un cadran albastru inchis cu fereastr\u0103 pentru dat\u0103. Carcasa este completat\u0103 de o br\u0103\u021bar\u0103 din titan periat cu \u00eenchidere pliabil\u0103. Ceasul este prev\u0103zut cu un cristal mineral \u0219i poate rezista la 10 atm. Fie [&hellip;]<\/p>\n","protected":false},"featured_media":59238,"comment_status":"closed","ping_status":"open","template":"","meta":{"_acf_changed":false},"product_brand":[],"product_cat":[626,20],"product_tag":[],"class_list":{"0":"post-59237","1":"product","2":"type-product","3":"status-publish","4":"has-post-thumbnail","6":"product_cat-boccia","7":"product_cat-ceasuri-barbati","8":"pa_brand-boccia","9":"pa_braslet-titan","10":"pa_corpus-39-mm","11":"pa_forma-rotund","12":"pa_funcii-data","13":"pa_garatia-24-luni","14":"pa_korpus-argintiu","15":"pa_kvarc-quartz","16":"pa_material-titan","17":"pa_mehanizm-quartz","18":"pa_remeshok-argintiu","19":"pa_steklo-cristal-mineral","20":"pa_strana-germania","21":"pa_voda-10-atm","23":"first","24":"instock","25":"purchasable","26":"product-type-simple"},"acf":[],"_links":{"self":[{"href":"https:\/\/ceasuri.md\/ru\/wp-json\/wp\/v2\/product\/59237","targetHints":{"allow":["GET"]}}],"collection":[{"href":"https:\/\/ceasuri.md\/ru\/wp-json\/wp\/v2\/product"}],"about":[{"href":"https:\/\/ceasuri.md\/ru\/wp-json\/wp\/v2\/types\/product"}],"replies":[{"embeddable":true,"href":"https:\/\/ceasuri.md\/ru\/wp-json\/wp\/v2\/comments?post=59237"}],"wp:featuredmedia":[{"embeddable":true,"href":"https:\/\/ceasuri.md\/ru\/wp-json\/wp\/v2\/media\/59238"}],"wp:attachment":[{"href":"https:\/\/ceasuri.md\/ru\/wp-json\/wp\/v2\/media?parent=59237"}],"wp:term":[{"taxonomy":"product_brand","embeddable":true,"href":"https:\/\/ceasuri.md\/ru\/wp-json\/wp\/v2\/product_brand?post=59237"},{"taxonomy":"product_cat","embeddable":true,"href":"https:\/\/ceasuri.md\/ru\/wp-json\/wp\/v2\/product_cat?post=59237"},{"taxonomy":"product_tag","embeddable":true,"href":"https:\/\/ceasuri.md\/ru\/wp-json\/wp\/v2\/product_tag?post=59237"}],"curies":[{"name":"wp","href":"https:\/\/api.w.org\/{rel}","templated":true}]}}