{"id":59233,"date":"2026-04-03T00:59:54","date_gmt":"2026-04-02T21:59:54","guid":{"rendered":"http:\/\/new.ceasuri.md\/shop\/uncategorized\/boccia-titanium-3664-04\/"},"modified":"2026-04-07T05:04:18","modified_gmt":"2026-04-07T02:04:18","slug":"boccia-titanium-3664-04","status":"publish","type":"product","link":"https:\/\/ceasuri.md\/ru\/shop\/branduri\/boccia\/boccia-titanium-3664-04\/","title":{"rendered":"Ceas BOCCIA TITANIUM 3664-04"},"content":{"rendered":"<p>Ceas sport robust din titan \u00een stil scafandru \u00eentr-o dimensiune compact\u0103. Cadran clar lizibil \u0219i luneta reglabil\u0103 unidirec\u021bional\u0103.<\/p>\n<p>Carcas\u0103 din titan pur rezistent\u0103 la alergeni, cu fundul carcasei \u00een\u0219urubat pentru rezisten\u021b\u0103 permanent\u0103 la ap\u0103, finisaj mat satinat, laturile carcasei lustruite meticulos.<\/p>\n<p>Br\u0103\u021bar\u0103 din titan pur cu \u00eenchiz\u0103toare pliabil\u0103 compact\u0103, sigur\u0103, cu dou\u0103 butoane.<\/p>\n<p>Luneta de scafandru se rote\u0219te numai \u00een sens antiorar.<\/p>\n<p>Rezistent la ap\u0103 p\u00e2n\u0103 la 100 de metri.<\/p>","protected":false},"excerpt":{"rendered":"<p>Ceas sport robust din titan \u00een stil scafandru \u00eentr-o dimensiune compact\u0103. Cadran clar lizibil \u0219i luneta reglabil\u0103 unidirec\u021bional\u0103. Carcas\u0103 din titan pur rezistent\u0103 la alergeni, cu fundul carcasei \u00een\u0219urubat pentru rezisten\u021b\u0103 permanent\u0103 la ap\u0103, finisaj mat satinat, laturile carcasei lustruite meticulos. Br\u0103\u021bar\u0103 din titan pur cu \u00eenchiz\u0103toare pliabil\u0103 compact\u0103, sigur\u0103, cu dou\u0103 butoane. Luneta de [&hellip;]<\/p>\n","protected":false},"featured_media":59234,"comment_status":"closed","ping_status":"open","template":"","meta":{"_acf_changed":false},"product_brand":[],"product_cat":[626,20],"product_tag":[],"class_list":{"0":"post-59233","1":"product","2":"type-product","3":"status-publish","4":"has-post-thumbnail","6":"product_cat-boccia","7":"product_cat-ceasuri-barbati","8":"pa_brand-boccia","9":"pa_braslet-titan","10":"pa_corpus-39-mm","11":"pa_forma-rotund","12":"pa_funcii-data","13":"pa_garatia-24-luni","14":"pa_korpus-argintiu","15":"pa_material-titan","16":"pa_mehanizm-quartz","17":"pa_remeshok-argintiu","18":"pa_steklo-cristal-mineral","19":"pa_strana-germania","20":"pa_voda-10-atm","22":"first","23":"instock","24":"purchasable","25":"product-type-simple"},"acf":[],"_links":{"self":[{"href":"https:\/\/ceasuri.md\/ru\/wp-json\/wp\/v2\/product\/59233","targetHints":{"allow":["GET"]}}],"collection":[{"href":"https:\/\/ceasuri.md\/ru\/wp-json\/wp\/v2\/product"}],"about":[{"href":"https:\/\/ceasuri.md\/ru\/wp-json\/wp\/v2\/types\/product"}],"replies":[{"embeddable":true,"href":"https:\/\/ceasuri.md\/ru\/wp-json\/wp\/v2\/comments?post=59233"}],"wp:featuredmedia":[{"embeddable":true,"href":"https:\/\/ceasuri.md\/ru\/wp-json\/wp\/v2\/media\/59234"}],"wp:attachment":[{"href":"https:\/\/ceasuri.md\/ru\/wp-json\/wp\/v2\/media?parent=59233"}],"wp:term":[{"taxonomy":"product_brand","embeddable":true,"href":"https:\/\/ceasuri.md\/ru\/wp-json\/wp\/v2\/product_brand?post=59233"},{"taxonomy":"product_cat","embeddable":true,"href":"https:\/\/ceasuri.md\/ru\/wp-json\/wp\/v2\/product_cat?post=59233"},{"taxonomy":"product_tag","embeddable":true,"href":"https:\/\/ceasuri.md\/ru\/wp-json\/wp\/v2\/product_tag?post=59233"}],"curies":[{"name":"wp","href":"https:\/\/api.w.org\/{rel}","templated":true}]}}