{"id":59226,"date":"2026-04-03T00:59:21","date_gmt":"2026-04-02T21:59:21","guid":{"rendered":"http:\/\/new.ceasuri.md\/shop\/uncategorized\/boccia-titanium-3669-01\/"},"modified":"2026-04-07T05:04:15","modified_gmt":"2026-04-07T02:04:15","slug":"boccia-titanium-3669-01","status":"publish","type":"product","link":"https:\/\/ceasuri.md\/ru\/shop\/branduri\/boccia\/boccia-titanium-3669-01\/","title":{"rendered":"Ceas BOCCIA TITANIUM 3669-01"},"content":{"rendered":"<p>Ceas b\u0103rb\u0103tesc Boccia Titanium \u00een designul clasic popular.<\/p>\n<p>Cadranul alb cu contrast ridicat, cu o suprafa\u021b\u0103 aspr\u0103 cu granula\u021bie fin\u0103, combinat cu cifre arabe, asigur\u0103 o lizibilitate optim\u0103. Indicatorul datei este situat la ora 3.<\/p>\n<p>Carcasa este fabricat\u0103 din titan pur hipoalergenic, iar cureaua este din piele natural\u0103.<\/p>\n<p>Ceasul este rezistent la ap\u0103 p\u00e2n\u0103 la 100 de metri, ceea ce \u00eel face ideal pentru sport \u0219i activit\u0103\u021bi \u00een aer liber.<\/p>","protected":false},"excerpt":{"rendered":"<p>Ceas b\u0103rb\u0103tesc Boccia Titanium \u00een designul clasic popular. Cadranul alb cu contrast ridicat, cu o suprafa\u021b\u0103 aspr\u0103 cu granula\u021bie fin\u0103, combinat cu cifre arabe, asigur\u0103 o lizibilitate optim\u0103. Indicatorul datei este situat la ora 3. Carcasa este fabricat\u0103 din titan pur hipoalergenic, iar cureaua este din piele natural\u0103. Ceasul este rezistent la ap\u0103 p\u00e2n\u0103 la [&hellip;]<\/p>\n","protected":false},"featured_media":59227,"comment_status":"closed","ping_status":"open","template":"","meta":{"_acf_changed":false},"product_brand":[],"product_cat":[626,20],"product_tag":[],"class_list":{"0":"post-59226","1":"product","2":"type-product","3":"status-publish","4":"has-post-thumbnail","6":"product_cat-boccia","7":"product_cat-ceasuri-barbati","8":"pa_brand-boccia","9":"pa_braslet-piele","10":"pa_corpus-39-mm","11":"pa_forma-rotund","12":"pa_funcii-data","13":"pa_garatia-24-luni","14":"pa_korpus-argintiu","15":"pa_material-titan","16":"pa_mehanizm-quartz","17":"pa_remeshok-negru","18":"pa_steklo-cristal-mineral","19":"pa_strana-germania","20":"pa_voda-10-atm","22":"first","23":"instock","24":"purchasable","25":"product-type-simple"},"acf":[],"_links":{"self":[{"href":"https:\/\/ceasuri.md\/ru\/wp-json\/wp\/v2\/product\/59226","targetHints":{"allow":["GET"]}}],"collection":[{"href":"https:\/\/ceasuri.md\/ru\/wp-json\/wp\/v2\/product"}],"about":[{"href":"https:\/\/ceasuri.md\/ru\/wp-json\/wp\/v2\/types\/product"}],"replies":[{"embeddable":true,"href":"https:\/\/ceasuri.md\/ru\/wp-json\/wp\/v2\/comments?post=59226"}],"wp:featuredmedia":[{"embeddable":true,"href":"https:\/\/ceasuri.md\/ru\/wp-json\/wp\/v2\/media\/59227"}],"wp:attachment":[{"href":"https:\/\/ceasuri.md\/ru\/wp-json\/wp\/v2\/media?parent=59226"}],"wp:term":[{"taxonomy":"product_brand","embeddable":true,"href":"https:\/\/ceasuri.md\/ru\/wp-json\/wp\/v2\/product_brand?post=59226"},{"taxonomy":"product_cat","embeddable":true,"href":"https:\/\/ceasuri.md\/ru\/wp-json\/wp\/v2\/product_cat?post=59226"},{"taxonomy":"product_tag","embeddable":true,"href":"https:\/\/ceasuri.md\/ru\/wp-json\/wp\/v2\/product_tag?post=59226"}],"curies":[{"name":"wp","href":"https:\/\/api.w.org\/{rel}","templated":true}]}}