{"id":59217,"date":"2026-04-03T00:59:21","date_gmt":"2026-04-02T21:59:21","guid":{"rendered":"http:\/\/new.ceasuri.md\/shop\/uncategorized\/boccia-titanium-3669-04\/"},"modified":"2026-04-07T05:04:14","modified_gmt":"2026-04-07T02:04:14","slug":"boccia-titanium-3669-04","status":"publish","type":"product","link":"https:\/\/ceasuri.md\/ru\/shop\/branduri\/boccia\/boccia-titanium-3669-04\/","title":{"rendered":"Ceas BOCCIA TITANIUM 3669-04"},"content":{"rendered":"<p>Ceas b\u0103rb\u0103tesc Boccia Titanium \u00een designul clasic popular.<\/p>\n<p>Cadranul albastru \u00eenchis cu contrast ridicat are o suprafa\u021b\u0103 special\u0103 rugoas\u0103 cu granula\u021bie fin\u0103 pentru o lizibilitate optim\u0103. Afi\u0219ajul datei este situat la ora 3.<\/p>\n<p>Carcasa \u0219i br\u0103\u021bara sunt realizate din titan pur hipoalergenic.<\/p>\n<p>Ceasul este rezistent la ap\u0103 p\u00e2n\u0103 la 100 de metri, ceea ce \u00eel face ideal pentru utilizarea sportiv\u0103 \u0219i activ\u0103.<\/p>","protected":false},"excerpt":{"rendered":"<p>Ceas b\u0103rb\u0103tesc Boccia Titanium \u00een designul clasic popular. Cadranul albastru \u00eenchis cu contrast ridicat are o suprafa\u021b\u0103 special\u0103 rugoas\u0103 cu granula\u021bie fin\u0103 pentru o lizibilitate optim\u0103. Afi\u0219ajul datei este situat la ora 3. Carcasa \u0219i br\u0103\u021bara sunt realizate din titan pur hipoalergenic. Ceasul este rezistent la ap\u0103 p\u00e2n\u0103 la 100 de metri, ceea ce \u00eel [&hellip;]<\/p>\n","protected":false},"featured_media":59218,"comment_status":"closed","ping_status":"open","template":"","meta":{"_acf_changed":false},"product_brand":[],"product_cat":[626,20],"product_tag":[],"class_list":{"0":"post-59217","1":"product","2":"type-product","3":"status-publish","4":"has-post-thumbnail","6":"product_cat-boccia","7":"product_cat-ceasuri-barbati","8":"pa_brand-boccia","9":"pa_braslet-titan","10":"pa_corpus-39-mm","11":"pa_forma-rotund","12":"pa_funcii-data","13":"pa_garatia-24-luni","14":"pa_korpus-argintiu","15":"pa_material-titan","16":"pa_mehanizm-quartz","17":"pa_remeshok-argintiu","18":"pa_steklo-cristal-mineral","19":"pa_strana-germania","20":"pa_voda-10-atm","22":"first","23":"instock","24":"purchasable","25":"product-type-simple"},"acf":[],"_links":{"self":[{"href":"https:\/\/ceasuri.md\/ru\/wp-json\/wp\/v2\/product\/59217","targetHints":{"allow":["GET"]}}],"collection":[{"href":"https:\/\/ceasuri.md\/ru\/wp-json\/wp\/v2\/product"}],"about":[{"href":"https:\/\/ceasuri.md\/ru\/wp-json\/wp\/v2\/types\/product"}],"replies":[{"embeddable":true,"href":"https:\/\/ceasuri.md\/ru\/wp-json\/wp\/v2\/comments?post=59217"}],"wp:featuredmedia":[{"embeddable":true,"href":"https:\/\/ceasuri.md\/ru\/wp-json\/wp\/v2\/media\/59218"}],"wp:attachment":[{"href":"https:\/\/ceasuri.md\/ru\/wp-json\/wp\/v2\/media?parent=59217"}],"wp:term":[{"taxonomy":"product_brand","embeddable":true,"href":"https:\/\/ceasuri.md\/ru\/wp-json\/wp\/v2\/product_brand?post=59217"},{"taxonomy":"product_cat","embeddable":true,"href":"https:\/\/ceasuri.md\/ru\/wp-json\/wp\/v2\/product_cat?post=59217"},{"taxonomy":"product_tag","embeddable":true,"href":"https:\/\/ceasuri.md\/ru\/wp-json\/wp\/v2\/product_tag?post=59217"}],"curies":[{"name":"wp","href":"https:\/\/api.w.org\/{rel}","templated":true}]}}