{"id":59215,"date":"2026-04-03T00:59:21","date_gmt":"2026-04-02T21:59:21","guid":{"rendered":"http:\/\/new.ceasuri.md\/shop\/uncategorized\/boccia-titanium-solar-3673-01\/"},"modified":"2026-04-20T01:51:17","modified_gmt":"2026-04-19T22:51:17","slug":"boccia-titanium-solar-3673-01","status":"publish","type":"product","link":"https:\/\/ceasuri.md\/ru\/shop\/branduri\/boccia\/boccia-titanium-solar-3673-01\/","title":{"rendered":"Ceas BOCCIA TITANIUM SOLAR 3673-01"},"content":{"rendered":"<p>Nu mai este nevoie s\u0103 schimba\u021bi bateriile! Acest ceas durabil pentru b\u0103rba\u021bi are o mi\u0219care japonez\u0103 alimentat\u0103 cu energie solar\u0103 \u00eentr-o carcas\u0103 hipoalergenic\u0103 din titan pur. Odat\u0103 \u00eenc\u0103rcat complet \u00een orice lumin\u0103, ceasul va func\u021biona timp de 6 luni \u00een \u00eentuneric. Rezerva de energie este suficient\u0103 pentru a v\u0103 putea baza complet pe el.<\/p>\n<p>Ceasul are un cadran albastru \u00eenchis cu o tranzi\u021bie lin\u0103 de culoare spre negru spre margine. Ceasul este rezistent la ap\u0103 p\u00e2n\u0103 la 50 de metri \u0219i are un cristal de safir rezistent la zg\u00e2rieturi. Cureaua clasic\u0103 din piele maro \u00eenchis cu cus\u0103turi albastre are o \u00eenchidere elegant\u0103 din titan.<\/p>\n<p>Un ceas excelent pentru un stil de via\u021b\u0103 activ, care va face fa\u021b\u0103 aproape oric\u0103rei provoc\u0103ri.<\/p>","protected":false},"excerpt":{"rendered":"<p>Nu mai este nevoie s\u0103 schimba\u021bi bateriile! Acest ceas durabil pentru b\u0103rba\u021bi are o mi\u0219care japonez\u0103 alimentat\u0103 cu energie solar\u0103 \u00eentr-o carcas\u0103 hipoalergenic\u0103 din titan pur. Odat\u0103 \u00eenc\u0103rcat complet \u00een orice lumin\u0103, ceasul va func\u021biona timp de 6 luni \u00een \u00eentuneric. Rezerva de energie este suficient\u0103 pentru a v\u0103 putea baza complet pe el. Ceasul [&hellip;]<\/p>\n","protected":false},"featured_media":59216,"comment_status":"closed","ping_status":"open","template":"","meta":{"_acf_changed":false},"product_brand":[],"product_cat":[626,20],"product_tag":[],"class_list":{"0":"post-59215","1":"product","2":"type-product","3":"status-publish","4":"has-post-thumbnail","6":"product_cat-boccia","7":"product_cat-ceasuri-barbati","8":"pa_brand-boccia","9":"pa_braslet-piele","10":"pa_corpus-39-mm","11":"pa_forma-rotund","12":"pa_funcii-data","13":"pa_garatia-24-luni","14":"pa_korpus-argintiu","15":"pa_kvarc-quartz","16":"pa_material-titan","17":"pa_mehanizm-baterie-solara","18":"pa_remeshok-maro","19":"pa_steklo-cristal-safir","20":"pa_strana-germania","21":"pa_voda-5-atm","23":"first","24":"instock","25":"purchasable","26":"product-type-simple"},"acf":[],"_links":{"self":[{"href":"https:\/\/ceasuri.md\/ru\/wp-json\/wp\/v2\/product\/59215","targetHints":{"allow":["GET"]}}],"collection":[{"href":"https:\/\/ceasuri.md\/ru\/wp-json\/wp\/v2\/product"}],"about":[{"href":"https:\/\/ceasuri.md\/ru\/wp-json\/wp\/v2\/types\/product"}],"replies":[{"embeddable":true,"href":"https:\/\/ceasuri.md\/ru\/wp-json\/wp\/v2\/comments?post=59215"}],"wp:featuredmedia":[{"embeddable":true,"href":"https:\/\/ceasuri.md\/ru\/wp-json\/wp\/v2\/media\/59216"}],"wp:attachment":[{"href":"https:\/\/ceasuri.md\/ru\/wp-json\/wp\/v2\/media?parent=59215"}],"wp:term":[{"taxonomy":"product_brand","embeddable":true,"href":"https:\/\/ceasuri.md\/ru\/wp-json\/wp\/v2\/product_brand?post=59215"},{"taxonomy":"product_cat","embeddable":true,"href":"https:\/\/ceasuri.md\/ru\/wp-json\/wp\/v2\/product_cat?post=59215"},{"taxonomy":"product_tag","embeddable":true,"href":"https:\/\/ceasuri.md\/ru\/wp-json\/wp\/v2\/product_tag?post=59215"}],"curies":[{"name":"wp","href":"https:\/\/api.w.org\/{rel}","templated":true}]}}