{"id":59211,"date":"2026-04-03T00:59:21","date_gmt":"2026-04-02T21:59:21","guid":{"rendered":"http:\/\/new.ceasuri.md\/shop\/uncategorized\/boccia-titanium-3674-01\/"},"modified":"2026-04-07T05:04:11","modified_gmt":"2026-04-07T02:04:11","slug":"boccia-titanium-3674-01","status":"publish","type":"product","link":"https:\/\/ceasuri.md\/ru\/shop\/branduri\/boccia\/boccia-titanium-3674-01\/","title":{"rendered":"Ceas BOCCIA TITANIUM 3674-01"},"content":{"rendered":"<p>Ceas clasic Boccia Titanium pentru b\u0103rba\u021bi, cu o carcas\u0103 din titan pur hipoalergenic.<\/p>\n<p>Cadranul cu contrast ridicat este perfect lizibil chiar \u0219i \u00een \u00eentuneric total datorit\u0103 materialului luminescent. Acesta este protejat de un cristal de safir rezistent. Indicatorul datei este situat la ora 3.<\/p>\n<p>Cureaua din piele moale, cusut\u0103, este deosebit de confortabil\u0103 la purtare.<\/p>\n<p>Datorit\u0103 materialelor utilizate, ceasul este u\u0219or \u0219i robust. De asemenea, este rezistent la ap\u0103 p\u00e2n\u0103 la 50 de metri.<\/p>","protected":false},"excerpt":{"rendered":"<p>Ceas clasic Boccia Titanium pentru b\u0103rba\u021bi, cu o carcas\u0103 din titan pur hipoalergenic. Cadranul cu contrast ridicat este perfect lizibil chiar \u0219i \u00een \u00eentuneric total datorit\u0103 materialului luminescent. Acesta este protejat de un cristal de safir rezistent. Indicatorul datei este situat la ora 3. Cureaua din piele moale, cusut\u0103, este deosebit de confortabil\u0103 la purtare. [&hellip;]<\/p>\n","protected":false},"featured_media":59212,"comment_status":"closed","ping_status":"open","template":"","meta":{"_acf_changed":false},"product_brand":[],"product_cat":[626,20],"product_tag":[],"class_list":{"0":"post-59211","1":"product","2":"type-product","3":"status-publish","4":"has-post-thumbnail","6":"product_cat-boccia","7":"product_cat-ceasuri-barbati","8":"pa_brand-boccia","9":"pa_braslet-piele","10":"pa_corpus-39-mm","11":"pa_forma-rotund","12":"pa_funcii-data","13":"pa_garatia-24-luni","14":"pa_korpus-argintiu","15":"pa_material-titan","16":"pa_mehanizm-quartz","17":"pa_remeshok-negru","18":"pa_steklo-cristal-safir","19":"pa_strana-germania","20":"pa_voda-5-atm","22":"first","23":"instock","24":"purchasable","25":"product-type-simple"},"acf":[],"_links":{"self":[{"href":"https:\/\/ceasuri.md\/ru\/wp-json\/wp\/v2\/product\/59211","targetHints":{"allow":["GET"]}}],"collection":[{"href":"https:\/\/ceasuri.md\/ru\/wp-json\/wp\/v2\/product"}],"about":[{"href":"https:\/\/ceasuri.md\/ru\/wp-json\/wp\/v2\/types\/product"}],"replies":[{"embeddable":true,"href":"https:\/\/ceasuri.md\/ru\/wp-json\/wp\/v2\/comments?post=59211"}],"wp:featuredmedia":[{"embeddable":true,"href":"https:\/\/ceasuri.md\/ru\/wp-json\/wp\/v2\/media\/59212"}],"wp:attachment":[{"href":"https:\/\/ceasuri.md\/ru\/wp-json\/wp\/v2\/media?parent=59211"}],"wp:term":[{"taxonomy":"product_brand","embeddable":true,"href":"https:\/\/ceasuri.md\/ru\/wp-json\/wp\/v2\/product_brand?post=59211"},{"taxonomy":"product_cat","embeddable":true,"href":"https:\/\/ceasuri.md\/ru\/wp-json\/wp\/v2\/product_cat?post=59211"},{"taxonomy":"product_tag","embeddable":true,"href":"https:\/\/ceasuri.md\/ru\/wp-json\/wp\/v2\/product_tag?post=59211"}],"curies":[{"name":"wp","href":"https:\/\/api.w.org\/{rel}","templated":true}]}}