{"id":59209,"date":"2026-04-03T00:59:21","date_gmt":"2026-04-02T21:59:21","guid":{"rendered":"http:\/\/new.ceasuri.md\/shop\/uncategorized\/boccia-titanium-3674-02\/"},"modified":"2026-04-16T21:34:13","modified_gmt":"2026-04-16T18:34:13","slug":"boccia-titanium-3674-02","status":"publish","type":"product","link":"https:\/\/ceasuri.md\/ru\/shop\/branduri\/boccia\/boccia-titanium-3674-02\/","title":{"rendered":"Ceas BOCCIA 3674-02"},"content":{"rendered":"<p>Ceas clasic Boccia Titanium pentru b\u0103rba\u021bi, cu carcas\u0103 plat\u0103 \u0219i br\u0103\u021bar\u0103 din titan pur, u\u0219or \u0219i complet hipoalergenic.<\/p>\n<p>Ceasul este rezistent la ap\u0103 p\u00e2n\u0103 la 50 de metri.<\/p>\n<p>Cadranul mat, cu contrast ridicat, asigur\u0103 o lizibilitate optim\u0103. Indicatorul datei este amplasat \u00een pozi\u021bia orei 3.<\/p>\n<p>Geamul de safir r\u0103m\u00e2ne f\u0103r\u0103 zg\u00e2rieturi pe \u00eentreaga durat\u0103 de via\u021b\u0103 a ceasului.<\/p>\n<p>Un ceas durabil, de \u00eenalt\u0103 calitate, din Germania, la un pre\u021b imbatabil.<\/p>","protected":false},"excerpt":{"rendered":"<p>Ceas clasic Boccia Titanium pentru b\u0103rba\u021bi, cu carcas\u0103 plat\u0103 \u0219i br\u0103\u021bar\u0103 din titan pur, u\u0219or \u0219i complet hipoalergenic. Ceasul este rezistent la ap\u0103 p\u00e2n\u0103 la 50 de metri. Cadranul mat, cu contrast ridicat, asigur\u0103 o lizibilitate optim\u0103. Indicatorul datei este amplasat \u00een pozi\u021bia orei 3. Geamul de safir r\u0103m\u00e2ne f\u0103r\u0103 zg\u00e2rieturi pe \u00eentreaga durat\u0103 de [&hellip;]<\/p>\n","protected":false},"featured_media":59210,"comment_status":"closed","ping_status":"open","template":"","meta":{"_acf_changed":false},"product_brand":[],"product_cat":[626,20],"product_tag":[],"class_list":{"0":"post-59209","1":"product","2":"type-product","3":"status-publish","4":"has-post-thumbnail","6":"product_cat-boccia","7":"product_cat-ceasuri-barbati","8":"pa_brand-boccia","9":"pa_braslet-titan","10":"pa_corpus-39-mm","11":"pa_forma-rotund","12":"pa_funcii-data","13":"pa_garatia-24-luni","14":"pa_korpus-argintiu","15":"pa_kvarc-quartz","16":"pa_material-titan","17":"pa_mehanizm-quartz","18":"pa_remeshok-argintiu","19":"pa_steklo-cristal-safir","20":"pa_strana-germania","21":"pa_voda-5-atm","23":"first","24":"instock","25":"purchasable","26":"product-type-simple"},"acf":[],"_links":{"self":[{"href":"https:\/\/ceasuri.md\/ru\/wp-json\/wp\/v2\/product\/59209","targetHints":{"allow":["GET"]}}],"collection":[{"href":"https:\/\/ceasuri.md\/ru\/wp-json\/wp\/v2\/product"}],"about":[{"href":"https:\/\/ceasuri.md\/ru\/wp-json\/wp\/v2\/types\/product"}],"replies":[{"embeddable":true,"href":"https:\/\/ceasuri.md\/ru\/wp-json\/wp\/v2\/comments?post=59209"}],"wp:featuredmedia":[{"embeddable":true,"href":"https:\/\/ceasuri.md\/ru\/wp-json\/wp\/v2\/media\/59210"}],"wp:attachment":[{"href":"https:\/\/ceasuri.md\/ru\/wp-json\/wp\/v2\/media?parent=59209"}],"wp:term":[{"taxonomy":"product_brand","embeddable":true,"href":"https:\/\/ceasuri.md\/ru\/wp-json\/wp\/v2\/product_brand?post=59209"},{"taxonomy":"product_cat","embeddable":true,"href":"https:\/\/ceasuri.md\/ru\/wp-json\/wp\/v2\/product_cat?post=59209"},{"taxonomy":"product_tag","embeddable":true,"href":"https:\/\/ceasuri.md\/ru\/wp-json\/wp\/v2\/product_tag?post=59209"}],"curies":[{"name":"wp","href":"https:\/\/api.w.org\/{rel}","templated":true}]}}