{"id":59207,"date":"2026-04-03T00:59:21","date_gmt":"2026-04-02T21:59:21","guid":{"rendered":"http:\/\/new.ceasuri.md\/shop\/uncategorized\/boccia-titanium-3734-01\/"},"modified":"2026-04-20T01:51:19","modified_gmt":"2026-04-19T22:51:19","slug":"boccia-titanium-3734-01","status":"publish","type":"product","link":"https:\/\/ceasuri.md\/ru\/shop\/branduri\/boccia\/boccia-titanium-3734-01\/","title":{"rendered":"\u0427\u0430\u0441\u044b BOCCIA TITANIUM 3734-01"},"content":{"rendered":"<p>Cronograful Boccia Titanium pentru b\u0103rba\u021bi se m\u00e2ndre\u0219te cu un aspect elegant \u0219i rafinat.<\/p>\n<p>Luneta lucioas\u0103 \u00eencadreaz\u0103 un cadran negru cu o textur\u0103 asem\u0103n\u0103toare scoar\u021bei \u0219i m\u00e2ini \u0219i indici argintii lucio\u0219i. Un indicator al datei \u00een pozi\u021bia dintre orele 4 \u0219i 5 \u0219i subcadranele albe completeaz\u0103 cadranul, cre\u00e2nd un aspect bogat contrastant.<\/p>\n<p>Cureaua din piele natural\u0103, cu textura sa caracteristic\u0103, asem\u0103n\u0103toare scoar\u021bei, se armonizeaz\u0103 perfect cu textura cadranului.<\/p>\n<p>Ceasul este durabil \u0219i versatil. Rezistent la ap\u0103 p\u00e2n\u0103 la 50 de metri, acesta poate fi purtat \u00een orice situa\u021bie, chiar dac\u0103 este foarte umed. <\/p>\n<p>Fie pentru \u00eent\u00e2lniri de afaceri casual, petreceri sau pur \u0219i simplu relaxare, acest ceas Boccia Titanium pentru b\u0103rba\u021bi \u00een stil clasic va fi o adev\u0103rat\u0103 atrac\u021bie.<\/p>","protected":false},"excerpt":{"rendered":"<p>Cronograful Boccia Titanium pentru b\u0103rba\u021bi se m\u00e2ndre\u0219te cu un aspect elegant \u0219i rafinat. Luneta lucioas\u0103 \u00eencadreaz\u0103 un cadran negru cu o textur\u0103 asem\u0103n\u0103toare scoar\u021bei \u0219i m\u00e2ini \u0219i indici argintii lucio\u0219i. Un indicator al datei \u00een pozi\u021bia dintre orele 4 \u0219i 5 \u0219i subcadranele albe completeaz\u0103 cadranul, cre\u00e2nd un aspect bogat contrastant. Cureaua din piele natural\u0103, [&hellip;]<\/p>\n","protected":false},"featured_media":59208,"comment_status":"closed","ping_status":"open","template":"","meta":{"_acf_changed":false},"product_brand":[],"product_cat":[626,20],"product_tag":[],"class_list":{"0":"post-59207","1":"product","2":"type-product","3":"status-publish","4":"has-post-thumbnail","6":"product_cat-boccia","7":"product_cat-ceasuri-barbati","8":"pa_brand-boccia","9":"pa_braslet-piele","10":"pa_corpus-40-mm","11":"pa_forma-rotund","12":"pa_funcii-cronograf","13":"pa_funcii-data","14":"pa_funcii-tahimetru","15":"pa_garatia-24-luni","16":"pa_korpus-argintiu","17":"pa_kvarc-quartz","18":"pa_material-titan","19":"pa_mehanizm-quartz","20":"pa_remeshok-negru","21":"pa_steklo-cristal-safir","22":"pa_strana-germania","23":"pa_voda-5-atm","25":"first","26":"instock","27":"purchasable","28":"product-type-simple"},"acf":[],"_links":{"self":[{"href":"https:\/\/ceasuri.md\/ru\/wp-json\/wp\/v2\/product\/59207","targetHints":{"allow":["GET"]}}],"collection":[{"href":"https:\/\/ceasuri.md\/ru\/wp-json\/wp\/v2\/product"}],"about":[{"href":"https:\/\/ceasuri.md\/ru\/wp-json\/wp\/v2\/types\/product"}],"replies":[{"embeddable":true,"href":"https:\/\/ceasuri.md\/ru\/wp-json\/wp\/v2\/comments?post=59207"}],"wp:featuredmedia":[{"embeddable":true,"href":"https:\/\/ceasuri.md\/ru\/wp-json\/wp\/v2\/media\/59208"}],"wp:attachment":[{"href":"https:\/\/ceasuri.md\/ru\/wp-json\/wp\/v2\/media?parent=59207"}],"wp:term":[{"taxonomy":"product_brand","embeddable":true,"href":"https:\/\/ceasuri.md\/ru\/wp-json\/wp\/v2\/product_brand?post=59207"},{"taxonomy":"product_cat","embeddable":true,"href":"https:\/\/ceasuri.md\/ru\/wp-json\/wp\/v2\/product_cat?post=59207"},{"taxonomy":"product_tag","embeddable":true,"href":"https:\/\/ceasuri.md\/ru\/wp-json\/wp\/v2\/product_tag?post=59207"}],"curies":[{"name":"wp","href":"https:\/\/api.w.org\/{rel}","templated":true}]}}