{"id":59205,"date":"2026-04-03T00:59:21","date_gmt":"2026-04-02T21:59:21","guid":{"rendered":"http:\/\/new.ceasuri.md\/shop\/uncategorized\/boccia-titanium3734-02\/"},"modified":"2026-04-20T01:51:19","modified_gmt":"2026-04-19T22:51:19","slug":"boccia-titanium3734-02","status":"publish","type":"product","link":"https:\/\/ceasuri.md\/ru\/shop\/branduri\/boccia\/boccia-titanium3734-02\/","title":{"rendered":"Ceas BOCCIA TITANIUM3734-02"},"content":{"rendered":"<p>Cronograful Boccia Titanium pentru b\u0103rba\u021bi se m\u00e2ndre\u0219te cu un aspect elegant \u0219i sofisticat.<\/p>\n<p>Un luneta \u0219lefuit\u0103 \u00eencadreaz\u0103 un cadran albastru \u00eenchis texturat cu scoar\u021b\u0103, cu m\u00e2ini \u0219i indici argintii \u0219lefui\u021bi. Un indicator al datei \u00een pozi\u021bia dintre orele \u201e4\u201d \u0219i \u201e5\u201d \u0219i subcadranele albe completeaz\u0103 cadranul, cre\u00e2nd un aspect contrastant.<\/p>\n<p>Cureaua din piele natural\u0103 cu o textur\u0103 distinctiv\u0103 de scoar\u021b\u0103 se armonizeaz\u0103 perfect cu textura cadranului.<\/p>\n<p>Ceasul este durabil \u0219i versatil. Datorit\u0103 rezisten\u021bei la ap\u0103 de p\u00e2n\u0103 la 50 de metri, acesta poate fi purtat \u00een orice situa\u021bie, chiar dac\u0103 este foarte umed.<\/p>\n<p>Fie pentru c\u0103l\u0103toriile de afaceri de zi cu zi, evenimente festive sau pur \u0219i simplu relaxare, acest ceas Boccia Titanium pentru b\u0103rba\u021bi \u00een stil clasic va fi o adev\u0103rat\u0103 atrac\u021bie.<\/p>","protected":false},"excerpt":{"rendered":"<p>Cronograful Boccia Titanium pentru b\u0103rba\u021bi se m\u00e2ndre\u0219te cu un aspect elegant \u0219i sofisticat. Un luneta \u0219lefuit\u0103 \u00eencadreaz\u0103 un cadran albastru \u00eenchis texturat cu scoar\u021b\u0103, cu m\u00e2ini \u0219i indici argintii \u0219lefui\u021bi. Un indicator al datei \u00een pozi\u021bia dintre orele \u201e4\u201d \u0219i \u201e5\u201d \u0219i subcadranele albe completeaz\u0103 cadranul, cre\u00e2nd un aspect contrastant. Cureaua din piele natural\u0103 cu [&hellip;]<\/p>\n","protected":false},"featured_media":59206,"comment_status":"closed","ping_status":"open","template":"","meta":{"_acf_changed":false},"product_brand":[],"product_cat":[626,20],"product_tag":[],"class_list":{"0":"post-59205","1":"product","2":"type-product","3":"status-publish","4":"has-post-thumbnail","6":"product_cat-boccia","7":"product_cat-ceasuri-barbati","8":"pa_brand-boccia","9":"pa_braslet-piele","10":"pa_corpus-40-mm","11":"pa_forma-rotund","12":"pa_funcii-cronograf","13":"pa_funcii-data","14":"pa_funcii-tahimetru","15":"pa_garatia-24-luni","16":"pa_korpus-argintiu","17":"pa_kvarc-quartz","18":"pa_material-titan","19":"pa_mehanizm-quartz","20":"pa_remeshok-albastru-inchis","21":"pa_steklo-cristal-safir","22":"pa_strana-germania","23":"pa_voda-5-atm","25":"first","26":"instock","27":"purchasable","28":"product-type-simple"},"acf":[],"_links":{"self":[{"href":"https:\/\/ceasuri.md\/ru\/wp-json\/wp\/v2\/product\/59205","targetHints":{"allow":["GET"]}}],"collection":[{"href":"https:\/\/ceasuri.md\/ru\/wp-json\/wp\/v2\/product"}],"about":[{"href":"https:\/\/ceasuri.md\/ru\/wp-json\/wp\/v2\/types\/product"}],"replies":[{"embeddable":true,"href":"https:\/\/ceasuri.md\/ru\/wp-json\/wp\/v2\/comments?post=59205"}],"wp:featuredmedia":[{"embeddable":true,"href":"https:\/\/ceasuri.md\/ru\/wp-json\/wp\/v2\/media\/59206"}],"wp:attachment":[{"href":"https:\/\/ceasuri.md\/ru\/wp-json\/wp\/v2\/media?parent=59205"}],"wp:term":[{"taxonomy":"product_brand","embeddable":true,"href":"https:\/\/ceasuri.md\/ru\/wp-json\/wp\/v2\/product_brand?post=59205"},{"taxonomy":"product_cat","embeddable":true,"href":"https:\/\/ceasuri.md\/ru\/wp-json\/wp\/v2\/product_cat?post=59205"},{"taxonomy":"product_tag","embeddable":true,"href":"https:\/\/ceasuri.md\/ru\/wp-json\/wp\/v2\/product_tag?post=59205"}],"curies":[{"name":"wp","href":"https:\/\/api.w.org\/{rel}","templated":true}]}}