{"id":59203,"date":"2026-04-03T00:59:21","date_gmt":"2026-04-02T21:59:21","guid":{"rendered":"http:\/\/new.ceasuri.md\/shop\/uncategorized\/boccia-titanium-solar-3735-01\/"},"modified":"2026-04-20T01:51:20","modified_gmt":"2026-04-19T22:51:20","slug":"boccia-titanium-solar-3735-01","status":"publish","type":"product","link":"https:\/\/ceasuri.md\/ru\/shop\/branduri\/boccia\/boccia-titanium-solar-3735-01\/","title":{"rendered":"\u0427\u0430\u0441\u044b BOCCIA TITANIUM SOLAR 3735-01"},"content":{"rendered":"<p>Cronograful Boccia Titanium Solar pentru b\u0103rba\u021bi combin\u0103 un aspect clasic elegant cu fiabilitatea unui ceas cu cuar\u021b modern cu un panou solar f\u0103r\u0103 baterie.<\/p>\n<p>Un luneta atent lustruit \u00eencadreaz\u0103 frumosul cadran negru. U\u0219or de citit chiar \u0219i \u00een \u00eentuneric: m\u00e2inile \u0219i cifrele albe au un strat luminescent. Afi\u0219ajul datei la orele 4 \u0219i 5, subcadranele cu m\u00e2ini ro\u0219ii \u0219i albe completeaz\u0103 cadranul, cre\u00e2nd un aspect contrastant.<\/p>\n<p>Cureaua este realizat\u0103 din piele de vi\u021bel \u0219i se fixeaz\u0103 sigur cu o cataram\u0103 elegant\u0103 din titan pur satinat. Ceasul este durabil \u0219i versatil. Datorit\u0103 rezisten\u021bei la ap\u0103 de p\u00e2n\u0103 la 50 m, acesta poate fi purtat \u00een orice situa\u021bie, chiar dac\u0103 este foarte umed.<\/p>\n<p>Fie c\u0103 este vorba de \u00eent\u00e2lniri de afaceri casual, evenimente festive sau pur \u0219i simplu relaxare. Acest ceas Boccia Titanium Solar pentru b\u0103rba\u021bi este o adev\u0103rat\u0103 atrac\u021bie \u00een stil clasic.<\/p>","protected":false},"excerpt":{"rendered":"<p>Cronograful Boccia Titanium Solar pentru b\u0103rba\u021bi combin\u0103 un aspect clasic elegant cu fiabilitatea unui ceas cu cuar\u021b modern cu un panou solar f\u0103r\u0103 baterie. Un luneta atent lustruit \u00eencadreaz\u0103 frumosul cadran negru. U\u0219or de citit chiar \u0219i \u00een \u00eentuneric: m\u00e2inile \u0219i cifrele albe au un strat luminescent. Afi\u0219ajul datei la orele 4 \u0219i 5, subcadranele [&hellip;]<\/p>\n","protected":false},"featured_media":59204,"comment_status":"closed","ping_status":"open","template":"","meta":{"_acf_changed":false},"product_brand":[],"product_cat":[626,20],"product_tag":[],"class_list":{"0":"post-59203","1":"product","2":"type-product","3":"status-publish","4":"has-post-thumbnail","6":"product_cat-boccia","7":"product_cat-ceasuri-barbati","8":"pa_brand-boccia","9":"pa_braslet-piele","10":"pa_corpus-40-mm","11":"pa_forma-rotund","12":"pa_funcii-cronograf","13":"pa_funcii-data","14":"pa_funcii-rezerva-de-energie","15":"pa_garatia-24-luni","16":"pa_korpus-argintiu","17":"pa_kvarc-quartz","18":"pa_material-titan","19":"pa_mehanizm-baterie-solara","20":"pa_remeshok-negru","21":"pa_steklo-cristal-safir","22":"pa_strana-germania","23":"pa_voda-5-atm","25":"first","26":"instock","27":"purchasable","28":"product-type-simple"},"acf":[],"_links":{"self":[{"href":"https:\/\/ceasuri.md\/ru\/wp-json\/wp\/v2\/product\/59203","targetHints":{"allow":["GET"]}}],"collection":[{"href":"https:\/\/ceasuri.md\/ru\/wp-json\/wp\/v2\/product"}],"about":[{"href":"https:\/\/ceasuri.md\/ru\/wp-json\/wp\/v2\/types\/product"}],"replies":[{"embeddable":true,"href":"https:\/\/ceasuri.md\/ru\/wp-json\/wp\/v2\/comments?post=59203"}],"wp:featuredmedia":[{"embeddable":true,"href":"https:\/\/ceasuri.md\/ru\/wp-json\/wp\/v2\/media\/59204"}],"wp:attachment":[{"href":"https:\/\/ceasuri.md\/ru\/wp-json\/wp\/v2\/media?parent=59203"}],"wp:term":[{"taxonomy":"product_brand","embeddable":true,"href":"https:\/\/ceasuri.md\/ru\/wp-json\/wp\/v2\/product_brand?post=59203"},{"taxonomy":"product_cat","embeddable":true,"href":"https:\/\/ceasuri.md\/ru\/wp-json\/wp\/v2\/product_cat?post=59203"},{"taxonomy":"product_tag","embeddable":true,"href":"https:\/\/ceasuri.md\/ru\/wp-json\/wp\/v2\/product_tag?post=59203"}],"curies":[{"name":"wp","href":"https:\/\/api.w.org\/{rel}","templated":true}]}}