{"id":59197,"date":"2026-04-03T00:59:21","date_gmt":"2026-04-02T21:59:21","guid":{"rendered":"http:\/\/new.ceasuri.md\/shop\/uncategorized\/boccia-titanium-ceramic-3736-02\/"},"modified":"2026-04-20T01:51:22","modified_gmt":"2026-04-19T22:51:22","slug":"boccia-titanium-ceramic-3736-02","status":"publish","type":"product","link":"https:\/\/ceasuri.md\/ru\/shop\/branduri\/boccia\/boccia-titanium-ceramic-3736-02\/","title":{"rendered":"\u0427\u0430\u0441\u044b BOCCIA TITANIUM CERAMIC 3736-02"},"content":{"rendered":"<p>Cronograful pentru b\u0103rba\u021bi combin\u0103 un aspect elegant \u0219i sofisticat cu o frumuse\u021be atemporal\u0103 datorit\u0103 utiliz\u0103rii materialelor hipoalergenice \u0219i rezistente la zg\u00e2rieturi.<\/p>\n<p>Luneta ceramic\u0103 high-tech \u00eencadreaz\u0103 un cadran negru mat cu m\u00e2ini \u0219i indici lustrui\u021bi. Cristalul de safir protejeaz\u0103 cadranul. Afi\u0219ajul datei \u0219i subcadranele cronografului completeaz\u0103 aspectul contrastant al cadranului.<\/p>\n<p>Br\u0103\u021bara din titan prietenoas\u0103 cu pielea se potrive\u0219te perfect \u00een jurul \u00eencheieturii m\u00e2inii \u0219i ofer\u0103 un nivel ridicat de confort. Ceasul este durabil \u0219i versatil. Datorit\u0103 rezisten\u021bei la ap\u0103 de p\u00e2n\u0103 la 50 m, acesta poate fi purtat \u00een toate situa\u021biile, chiar dac\u0103 se ud\u0103.<\/p>\n<p>Fie pentru c\u0103l\u0103toriile de afaceri de zi cu zi, evenimente festive sau pur \u0219i simplu relaxare, acest ceas Boccia Titanium pentru b\u0103rba\u021bi va atrage toate privirile datorit\u0103 stilului s\u0103u clasic.<\/p>","protected":false},"excerpt":{"rendered":"<p>Cronograful pentru b\u0103rba\u021bi combin\u0103 un aspect elegant \u0219i sofisticat cu o frumuse\u021be atemporal\u0103 datorit\u0103 utiliz\u0103rii materialelor hipoalergenice \u0219i rezistente la zg\u00e2rieturi. Luneta ceramic\u0103 high-tech \u00eencadreaz\u0103 un cadran negru mat cu m\u00e2ini \u0219i indici lustrui\u021bi. Cristalul de safir protejeaz\u0103 cadranul. Afi\u0219ajul datei \u0219i subcadranele cronografului completeaz\u0103 aspectul contrastant al cadranului. Br\u0103\u021bara din titan prietenoas\u0103 cu pielea [&hellip;]<\/p>\n","protected":false},"featured_media":59198,"comment_status":"closed","ping_status":"open","template":"","meta":{"_acf_changed":false},"product_brand":[],"product_cat":[626,20],"product_tag":[],"class_list":{"0":"post-59197","1":"product","2":"type-product","3":"status-publish","4":"has-post-thumbnail","6":"product_cat-boccia","7":"product_cat-ceasuri-barbati","8":"pa_brand-boccia","9":"pa_braslet-titan","10":"pa_corpus-39-mm","11":"pa_forma-rotund","12":"pa_funcii-cronograf","13":"pa_funcii-data","14":"pa_garatia-24-luni","15":"pa_korpus-argintiu","16":"pa_korpus-negru","17":"pa_kvarc-quartz","18":"pa_material-ceramica","19":"pa_material-titan","20":"pa_mehanizm-quartz","21":"pa_remeshok-argintiu","22":"pa_steklo-cristal-safir","23":"pa_strana-germania","24":"pa_voda-5-atm","26":"first","27":"instock","28":"purchasable","29":"product-type-simple"},"acf":[],"_links":{"self":[{"href":"https:\/\/ceasuri.md\/ru\/wp-json\/wp\/v2\/product\/59197","targetHints":{"allow":["GET"]}}],"collection":[{"href":"https:\/\/ceasuri.md\/ru\/wp-json\/wp\/v2\/product"}],"about":[{"href":"https:\/\/ceasuri.md\/ru\/wp-json\/wp\/v2\/types\/product"}],"replies":[{"embeddable":true,"href":"https:\/\/ceasuri.md\/ru\/wp-json\/wp\/v2\/comments?post=59197"}],"wp:featuredmedia":[{"embeddable":true,"href":"https:\/\/ceasuri.md\/ru\/wp-json\/wp\/v2\/media\/59198"}],"wp:attachment":[{"href":"https:\/\/ceasuri.md\/ru\/wp-json\/wp\/v2\/media?parent=59197"}],"wp:term":[{"taxonomy":"product_brand","embeddable":true,"href":"https:\/\/ceasuri.md\/ru\/wp-json\/wp\/v2\/product_brand?post=59197"},{"taxonomy":"product_cat","embeddable":true,"href":"https:\/\/ceasuri.md\/ru\/wp-json\/wp\/v2\/product_cat?post=59197"},{"taxonomy":"product_tag","embeddable":true,"href":"https:\/\/ceasuri.md\/ru\/wp-json\/wp\/v2\/product_tag?post=59197"}],"curies":[{"name":"wp","href":"https:\/\/api.w.org\/{rel}","templated":true}]}}