{"id":59193,"date":"2026-04-03T00:59:21","date_gmt":"2026-04-02T21:59:21","guid":{"rendered":"http:\/\/new.ceasuri.md\/shop\/uncategorized\/boccia-titanium-solar-3737-02\/"},"modified":"2026-04-20T01:51:23","modified_gmt":"2026-04-19T22:51:23","slug":"boccia-titanium-solar-3737-02","status":"publish","type":"product","link":"https:\/\/ceasuri.md\/ru\/shop\/branduri\/boccia\/boccia-titanium-solar-3737-02\/","title":{"rendered":"\u0427\u0430\u0441\u044b BOCCIA TITANIUM SOLAR 3737-02"},"content":{"rendered":"<p>Ceas cronograf cu cronometru \u0219i tahimetru.<\/p>\n<p>Carcasa din titan u\u0219oar\u0103 \u0219i durabil\u0103 asigur\u0103 o purtare confortabil\u0103, \u00een timp ce designul laconic al cadranului cu m\u00e2ini \u0219i indicatoare sub\u021biri subliniaz\u0103 gustul rafinat al purt\u0103torului. Sticla mineral\u0103 protejeaz\u0103 \u00eempotriva zg\u00e2rieturilor \u0219i deterior\u0103rilor.<\/p>\n<p>Func\u021bioneaz\u0103 cu energie solar\u0103. Indicator de rezerv\u0103 de energie. Format de 12 \u0219i 24 de ore. Cadran cu repere de curs\u0103. Fereastra datei este situat\u0103 \u00eentre indicatoarele orelor 4 \u0219i 5.<\/p>\n<p>Br\u0103\u021bar\u0103 din titan cu \u00eenchidere pliabil\u0103.<\/p>\n<p>Rezistent la ap\u0103 p\u00e2n\u0103 la 50 m.<\/p>","protected":false},"excerpt":{"rendered":"<p>Ceas cronograf cu cronometru \u0219i tahimetru. Carcasa din titan u\u0219oar\u0103 \u0219i durabil\u0103 asigur\u0103 o purtare confortabil\u0103, \u00een timp ce designul laconic al cadranului cu m\u00e2ini \u0219i indicatoare sub\u021biri subliniaz\u0103 gustul rafinat al purt\u0103torului. Sticla mineral\u0103 protejeaz\u0103 \u00eempotriva zg\u00e2rieturilor \u0219i deterior\u0103rilor. Func\u021bioneaz\u0103 cu energie solar\u0103. Indicator de rezerv\u0103 de energie. Format de 12 \u0219i 24 de [&hellip;]<\/p>\n","protected":false},"featured_media":59194,"comment_status":"closed","ping_status":"open","template":"","meta":{"_acf_changed":false},"product_brand":[],"product_cat":[626,20],"product_tag":[],"class_list":{"0":"post-59193","1":"product","2":"type-product","3":"status-publish","4":"has-post-thumbnail","6":"product_cat-boccia","7":"product_cat-ceasuri-barbati","8":"pa_brand-boccia","9":"pa_braslet-titan","10":"pa_corpus-41-mm","11":"pa_forma-rotund","12":"pa_funcii-cronograf","13":"pa_funcii-data","14":"pa_funcii-rezerva-de-energie","15":"pa_funcii-tahimetru","16":"pa_garatia-24-luni","17":"pa_korpus-argintiu","18":"pa_kvarc-quartz","19":"pa_material-titan","20":"pa_mehanizm-baterie-solara","21":"pa_remeshok-argintiu","22":"pa_steklo-cristal-mineral","23":"pa_strana-germania","24":"pa_voda-5-atm","26":"first","27":"instock","28":"purchasable","29":"product-type-simple"},"acf":[],"_links":{"self":[{"href":"https:\/\/ceasuri.md\/ru\/wp-json\/wp\/v2\/product\/59193","targetHints":{"allow":["GET"]}}],"collection":[{"href":"https:\/\/ceasuri.md\/ru\/wp-json\/wp\/v2\/product"}],"about":[{"href":"https:\/\/ceasuri.md\/ru\/wp-json\/wp\/v2\/types\/product"}],"replies":[{"embeddable":true,"href":"https:\/\/ceasuri.md\/ru\/wp-json\/wp\/v2\/comments?post=59193"}],"wp:featuredmedia":[{"embeddable":true,"href":"https:\/\/ceasuri.md\/ru\/wp-json\/wp\/v2\/media\/59194"}],"wp:attachment":[{"href":"https:\/\/ceasuri.md\/ru\/wp-json\/wp\/v2\/media?parent=59193"}],"wp:term":[{"taxonomy":"product_brand","embeddable":true,"href":"https:\/\/ceasuri.md\/ru\/wp-json\/wp\/v2\/product_brand?post=59193"},{"taxonomy":"product_cat","embeddable":true,"href":"https:\/\/ceasuri.md\/ru\/wp-json\/wp\/v2\/product_cat?post=59193"},{"taxonomy":"product_tag","embeddable":true,"href":"https:\/\/ceasuri.md\/ru\/wp-json\/wp\/v2\/product_tag?post=59193"}],"curies":[{"name":"wp","href":"https:\/\/api.w.org\/{rel}","templated":true}]}}