{"id":59191,"date":"2026-04-03T00:59:21","date_gmt":"2026-04-02T21:59:21","guid":{"rendered":"http:\/\/new.ceasuri.md\/shop\/uncategorized\/boccia-titanium-digital-3738-01\/"},"modified":"2026-04-15T21:12:13","modified_gmt":"2026-04-15T18:12:13","slug":"boccia-titanium-digital-3738-01","status":"publish","type":"product","link":"https:\/\/ceasuri.md\/ru\/shop\/branduri\/boccia\/boccia-titanium-digital-3738-01\/","title":{"rendered":"Ceas BOCCIA TITANIUM DIGITAL 3738-01"},"content":{"rendered":"<p>Un exemplu izbitor al combina\u021biei dintre designul modern \u0219i versatilitatea func\u021bional\u0103. Acest ceas digital este conceput pentru cei care apreciaz\u0103 calitatea, durabilitatea \u0219i elegan\u021ba discret\u0103. Carcasa auster\u0103 din titan pur subliniaz\u0103 caracterul urban al acestui ceas, care are \u0219i un stil sportiv \u0219i dinamic datorit\u0103 curelei din poliuretan gri.<\/p>\n<p>Utilizarea titanului pur are multe avantaje: este hipoalergenic, foarte u\u0219or \u0219i, \u00een acela\u0219i timp, extrem de rezistent la influen\u021bele externe, cum ar fi coroziunea. Titanul este cea mai bun\u0103 alegere, mai ales pentru pielea sensibil\u0103. Cureaua din poliuretan cu cataram\u0103 asigur\u0103 un confort ridicat la purtare, este u\u0219or de \u00eentre\u021binut \u0219i se potrive\u0219te confortabil \u00een jurul \u00eencheieturii.<\/p>\n<p>Afi\u0219ajul digital al acestui ceas aduce un omagiu tehnologiei de pionierat din anii 1970, c\u00e2nd ceasurile digitale au revolu\u021bionat pentru prima dat\u0103 lumea ceasurilor de m\u00e2n\u0103. Ast\u0103zi, afi\u0219ajul digital simbolizeaz\u0103 claritate, precizie \u0219i vitez\u0103. Ceasul are un afi\u0219aj pe care ora, ziua s\u0103pt\u0103m\u00e2nii \u0219i data sunt u\u0219or de citit. \u00cen plus, ceasul este echipat cu func\u021bii de alarm\u0103, cronograf (cronometru), cronometru \u0219i iluminare din spate.<\/p>\n<p>O sticl\u0103 mineral\u0103 protejeaz\u0103 afi\u0219ajul. Ceasul este rezistent la ap\u0103 p\u00e2n\u0103 la 5 bar.  Diametrul de 37 mm asigur\u0103 o purtare confortabil\u0103 \u0219i se potrive\u0219te tuturor m\u0103rimilor \u00eencheieturii m\u00e2inii.<\/p>\n<p>Acest model demonstreaz\u0103 c\u0103 ceasurile digitale nu sunt deloc \u00eenvechite, ci mai degrab\u0103 \u00eentruchipeaz\u0103 priceperea tehnic\u0103 \u0219i sim\u021bul stilului ast\u0103zi mai mult ca niciodat\u0103.<\/p>","protected":false},"excerpt":{"rendered":"<p>Un exemplu izbitor al combina\u021biei dintre designul modern \u0219i versatilitatea func\u021bional\u0103. Acest ceas digital este conceput pentru cei care apreciaz\u0103 calitatea, durabilitatea \u0219i elegan\u021ba discret\u0103. Carcasa auster\u0103 din titan pur subliniaz\u0103 caracterul urban al acestui ceas, care are \u0219i un stil sportiv \u0219i dinamic datorit\u0103 curelei din poliuretan gri. Utilizarea titanului pur are multe avantaje: [&hellip;]<\/p>\n","protected":false},"featured_media":59192,"comment_status":"closed","ping_status":"open","template":"","meta":{"_acf_changed":false},"product_brand":[],"product_cat":[626,20,25],"product_tag":[],"class_list":{"0":"post-59191","1":"product","2":"type-product","3":"status-publish","4":"has-post-thumbnail","6":"product_cat-boccia","7":"product_cat-ceasuri-barbati","8":"product_cat-ceasuri-dama","9":"pa_brand-boccia","10":"pa_braslet-plastic","11":"pa_corpus-37-mm","12":"pa_forma-butoi","13":"pa_funcii-alarma","14":"pa_funcii-calendar","15":"pa_funcii-cronometru","16":"pa_funcii-iluminare","17":"pa_garatia-24-luni","18":"pa_korpus-argintiu","19":"pa_kvarc-quartz","20":"pa_material-titan","21":"pa_mehanizm-electronic","22":"pa_remeshok-gri","23":"pa_steklo-cristal-mineral","24":"pa_strana-germania","25":"pa_voda-5-atm","27":"first","28":"instock","29":"purchasable","30":"product-type-simple"},"acf":[],"_links":{"self":[{"href":"https:\/\/ceasuri.md\/ru\/wp-json\/wp\/v2\/product\/59191","targetHints":{"allow":["GET"]}}],"collection":[{"href":"https:\/\/ceasuri.md\/ru\/wp-json\/wp\/v2\/product"}],"about":[{"href":"https:\/\/ceasuri.md\/ru\/wp-json\/wp\/v2\/types\/product"}],"replies":[{"embeddable":true,"href":"https:\/\/ceasuri.md\/ru\/wp-json\/wp\/v2\/comments?post=59191"}],"wp:featuredmedia":[{"embeddable":true,"href":"https:\/\/ceasuri.md\/ru\/wp-json\/wp\/v2\/media\/59192"}],"wp:attachment":[{"href":"https:\/\/ceasuri.md\/ru\/wp-json\/wp\/v2\/media?parent=59191"}],"wp:term":[{"taxonomy":"product_brand","embeddable":true,"href":"https:\/\/ceasuri.md\/ru\/wp-json\/wp\/v2\/product_brand?post=59191"},{"taxonomy":"product_cat","embeddable":true,"href":"https:\/\/ceasuri.md\/ru\/wp-json\/wp\/v2\/product_cat?post=59191"},{"taxonomy":"product_tag","embeddable":true,"href":"https:\/\/ceasuri.md\/ru\/wp-json\/wp\/v2\/product_tag?post=59191"}],"curies":[{"name":"wp","href":"https:\/\/api.w.org\/{rel}","templated":true}]}}