{"id":59187,"date":"2025-07-17T06:58:41","date_gmt":"2025-07-17T03:58:41","guid":{"rendered":"http:\/\/new.ceasuri.md\/shop\/uncategorized\/boccia-titanium-digital-3738-03\/"},"modified":"2026-05-01T19:29:47","modified_gmt":"2026-05-01T16:29:47","slug":"boccia-titanium-digital-3738-03","status":"publish","type":"product","link":"https:\/\/ceasuri.md\/ru\/shop\/branduri\/boccia\/boccia-titanium-digital-3738-03\/","title":{"rendered":"\u0427\u0430\u0441\u044b BOCCIA TITANIUM DIGITAL 3738-03"},"content":{"rendered":"<p>Ceasul impresioneaz\u0103 prin schema sa original\u0103 de culori \u0219i func\u021bionalitatea dovedit\u0103. Cureaua din poliuretan verde m\u0103slin ofer\u0103 ceasului un aspect robust \u0219i natural. \u00cen combina\u021bie cu carcasa din titan periat, aceasta creeaz\u0103 un aspect sportiv care \u00eei va atrage \u00een special pe cei cu un stil de via\u021b\u0103 activ.<\/p>\n<p>Inima digital\u0103 a acestui ceas este mai mult dec\u00e2t un simplu indicator de timp. Pe l\u00e2ng\u0103 ore, minute \u0219i secunde, acesta dispune \u0219i de alarm\u0103, cronometru, cronometru \u0219i afi\u0219aj pentru zi \u0219i dat\u0103. Lumina de fundal asigur\u0103 vizibilitatea clar\u0103 a informa\u021biilor chiar \u0219i \u00een \u00eentuneric. Afi\u0219ajul este protejat de sticl\u0103 mineral\u0103. Ceasul este rezistent la ap\u0103 p\u00e2n\u0103 la 5 bar.<\/p>\n<p>Carcasa este fabricat\u0103 din titan pur 100%, care nu este doar u\u0219or \u0219i confortabil, ci \u0219i ideal pentru persoanele cu alergii. Cureaua din poliuretan cu cataram\u0103 cu \u0219tift asigur\u0103 o potrivire sigur\u0103 \u0219i confortabil\u0103. Este durabil\u0103, flexibil\u0103 \u0219i ideal\u0103 pentru purtarea zilnic\u0103.<\/p>\n<p>Ceasul digital este un simbol al inova\u021biei tehnologice. De la apari\u021bia primului ceas LCD \u00een anii 1970, acesta a reprezentat un nou mod de a percepe timpul.<\/p>","protected":false},"excerpt":{"rendered":"<p>Ceasul impresioneaz\u0103 prin schema sa original\u0103 de culori \u0219i func\u021bionalitatea dovedit\u0103. Cureaua din poliuretan verde m\u0103slin ofer\u0103 ceasului un aspect robust \u0219i natural. \u00cen combina\u021bie cu carcasa din titan periat, aceasta creeaz\u0103 un aspect sportiv care \u00eei va atrage \u00een special pe cei cu un stil de via\u021b\u0103 activ. Inima digital\u0103 a acestui ceas este [&hellip;]<\/p>\n","protected":false},"featured_media":59188,"comment_status":"closed","ping_status":"open","template":"","meta":{"_acf_changed":false},"product_brand":[],"product_cat":[626,20,25],"product_tag":[],"class_list":{"0":"post-59187","1":"product","2":"type-product","3":"status-publish","4":"has-post-thumbnail","6":"product_cat-boccia","7":"product_cat-ceasuri-barbati","8":"product_cat-ceasuri-dama","9":"pa_brand-boccia","10":"pa_braslet-plastic","11":"pa_corpus-37-mm","12":"pa_forma-butoi","13":"pa_funcii-alarma","14":"pa_funcii-calendar","15":"pa_funcii-cronometru","16":"pa_funcii-iluminare","17":"pa_garatia-24-luni","18":"pa_korpus-argintiu","19":"pa_kvarc-quartz","20":"pa_material-titan","21":"pa_mehanizm-electronic","22":"pa_remeshok-verde","23":"pa_steklo-cristal-mineral","24":"pa_strana-germania","25":"pa_voda-5-atm","27":"first","28":"instock","29":"purchasable","30":"product-type-simple"},"acf":[],"_links":{"self":[{"href":"https:\/\/ceasuri.md\/ru\/wp-json\/wp\/v2\/product\/59187","targetHints":{"allow":["GET"]}}],"collection":[{"href":"https:\/\/ceasuri.md\/ru\/wp-json\/wp\/v2\/product"}],"about":[{"href":"https:\/\/ceasuri.md\/ru\/wp-json\/wp\/v2\/types\/product"}],"replies":[{"embeddable":true,"href":"https:\/\/ceasuri.md\/ru\/wp-json\/wp\/v2\/comments?post=59187"}],"wp:featuredmedia":[{"embeddable":true,"href":"https:\/\/ceasuri.md\/ru\/wp-json\/wp\/v2\/media\/59188"}],"wp:attachment":[{"href":"https:\/\/ceasuri.md\/ru\/wp-json\/wp\/v2\/media?parent=59187"}],"wp:term":[{"taxonomy":"product_brand","embeddable":true,"href":"https:\/\/ceasuri.md\/ru\/wp-json\/wp\/v2\/product_brand?post=59187"},{"taxonomy":"product_cat","embeddable":true,"href":"https:\/\/ceasuri.md\/ru\/wp-json\/wp\/v2\/product_cat?post=59187"},{"taxonomy":"product_tag","embeddable":true,"href":"https:\/\/ceasuri.md\/ru\/wp-json\/wp\/v2\/product_tag?post=59187"}],"curies":[{"name":"wp","href":"https:\/\/api.w.org\/{rel}","templated":true}]}}