{"id":59185,"date":"2026-04-03T00:59:21","date_gmt":"2026-04-02T21:59:21","guid":{"rendered":"http:\/\/new.ceasuri.md\/shop\/uncategorized\/boccia-titanium-digital-3738-04\/"},"modified":"2026-04-20T01:51:46","modified_gmt":"2026-04-19T22:51:46","slug":"boccia-titanium-digital-3738-04","status":"publish","type":"product","link":"https:\/\/ceasuri.md\/ru\/shop\/branduri\/boccia\/boccia-titanium-digital-3738-04\/","title":{"rendered":"\u0427\u0430\u0441\u044b BOCCIA TITANIUM DIGITAL 3738-04"},"content":{"rendered":"<p>Un ceas care combin\u0103 elegan\u021ba clasic\u0103 cu func\u021bionalitatea modern\u0103. Carcasa este fabricat\u0103 din titan pur de \u00eenalt\u0103 calitate, cu un finisaj rafinat placat cu aur. Combinate cu cureaua alb\u0103 din poliuretan, acestea creeaz\u0103 un aspect luminos \u0219i prietenos, perfect at\u00e2t pentru stilul casual, c\u00e2t \u0219i pentru cel business.<\/p>\n<p>\u00cen ciuda aspectului s\u0103u elegant, ceasul nu se zg\u00e2rce\u0219te la partea practic\u0103: \u00een plus fa\u021b\u0103 de un afi\u0219aj digital la \u00eendem\u00e2n\u0103 care arat\u0103 ora, data \u0219i ziua s\u0103pt\u0103m\u00e2nii, acesta dispune \u0219i de cronometru, cronometru, alarm\u0103 \u0219i iluminare de fundal. \u00cen acest fel, ceasul combin\u0103 armonios estetica \u0219i sofisticarea tehnic\u0103.<\/p>\n<p>Carcasa din titan placat cu aur nu este doar atr\u0103g\u0103toare din punct de vedere vizual, ci asigur\u0103 \u0219i un contact optim cu pielea datorit\u0103 propriet\u0103\u021bilor sale hipoalergenice. Cureaua din poliuretan cu cataram\u0103 clasic\u0103 este moale, flexibil\u0103 \u0219i u\u0219or de \u00eentre\u021binut &#8211; ideal\u0103 pentru purtarea zilnic\u0103. \u00cen ciuda construc\u021biei sale u\u0219oare, ceasul este rezistent la ap\u0103 p\u00e2n\u0103 la 5 bar \u0219i rezistent la zg\u00e2rieturi datorit\u0103 cristalului mineral.<\/p>\n<p>\u00cen anii 1970, ceasurile digitale au \u00eenceput s\u0103 schimbe percep\u021bia asupra ceasului clasic. Ast\u0103zi, ele simbolizeaz\u0103 sofisticarea tehnologic\u0103 \u0219i func\u021bionalitatea precis\u0103.<\/p>","protected":false},"excerpt":{"rendered":"<p>Un ceas care combin\u0103 elegan\u021ba clasic\u0103 cu func\u021bionalitatea modern\u0103. Carcasa este fabricat\u0103 din titan pur de \u00eenalt\u0103 calitate, cu un finisaj rafinat placat cu aur. Combinate cu cureaua alb\u0103 din poliuretan, acestea creeaz\u0103 un aspect luminos \u0219i prietenos, perfect at\u00e2t pentru stilul casual, c\u00e2t \u0219i pentru cel business. \u00cen ciuda aspectului s\u0103u elegant, ceasul nu [&hellip;]<\/p>\n","protected":false},"featured_media":59186,"comment_status":"closed","ping_status":"open","template":"","meta":{"_acf_changed":false},"product_brand":[],"product_cat":[626,20,25],"product_tag":[],"class_list":{"0":"post-59185","1":"product","2":"type-product","3":"status-publish","4":"has-post-thumbnail","6":"product_cat-boccia","7":"product_cat-ceasuri-barbati","8":"product_cat-ceasuri-dama","9":"pa_brand-boccia","10":"pa_braslet-plastic","11":"pa_corpus-37-mm","12":"pa_forma-butoi","13":"pa_funcii-alarma","14":"pa_funcii-calendar","15":"pa_funcii-cronometru","16":"pa_funcii-iluminare","17":"pa_garatia-24-luni","18":"pa_korpus-auriu","19":"pa_kvarc-quartz","20":"pa_material-titan","21":"pa_mehanizm-electronic","22":"pa_remeshok-alb","23":"pa_steklo-cristal-mineral","24":"pa_strana-germania","25":"pa_voda-5-atm","27":"first","28":"instock","29":"purchasable","30":"product-type-simple"},"acf":[],"_links":{"self":[{"href":"https:\/\/ceasuri.md\/ru\/wp-json\/wp\/v2\/product\/59185","targetHints":{"allow":["GET"]}}],"collection":[{"href":"https:\/\/ceasuri.md\/ru\/wp-json\/wp\/v2\/product"}],"about":[{"href":"https:\/\/ceasuri.md\/ru\/wp-json\/wp\/v2\/types\/product"}],"replies":[{"embeddable":true,"href":"https:\/\/ceasuri.md\/ru\/wp-json\/wp\/v2\/comments?post=59185"}],"wp:featuredmedia":[{"embeddable":true,"href":"https:\/\/ceasuri.md\/ru\/wp-json\/wp\/v2\/media\/59186"}],"wp:attachment":[{"href":"https:\/\/ceasuri.md\/ru\/wp-json\/wp\/v2\/media?parent=59185"}],"wp:term":[{"taxonomy":"product_brand","embeddable":true,"href":"https:\/\/ceasuri.md\/ru\/wp-json\/wp\/v2\/product_brand?post=59185"},{"taxonomy":"product_cat","embeddable":true,"href":"https:\/\/ceasuri.md\/ru\/wp-json\/wp\/v2\/product_cat?post=59185"},{"taxonomy":"product_tag","embeddable":true,"href":"https:\/\/ceasuri.md\/ru\/wp-json\/wp\/v2\/product_tag?post=59185"}],"curies":[{"name":"wp","href":"https:\/\/api.w.org\/{rel}","templated":true}]}}