{"id":59181,"date":"2026-04-03T00:58:36","date_gmt":"2026-04-02T21:58:36","guid":{"rendered":"http:\/\/new.ceasuri.md\/shop\/uncategorized\/boccia-titanium-digital-3738-06\/"},"modified":"2026-04-07T05:04:00","modified_gmt":"2026-04-07T02:04:00","slug":"boccia-titanium-digital-3738-06","status":"publish","type":"product","link":"https:\/\/ceasuri.md\/ru\/shop\/branduri\/boccia\/boccia-titanium-digital-3738-06\/","title":{"rendered":"Ceas BOCCIA TITANIUM DIGITAL 3738-06"},"content":{"rendered":"<p>Ceasul Boccia Titanium Digital este conceput pentru cei care apreciaz\u0103 elegan\u021ba auster\u0103 \u0219i fiabilitatea tehnic\u0103. Carcasa \u0219i br\u0103\u021bara sunt realizate \u00een \u00eentregime din titan pur, combin\u00e2nd tehnologia digital\u0103 clasic\u0103 cu un design modern, minimalist.<\/p>\n<p>Br\u0103\u021bara integral din titan cu o \u00eenchidere pliabil\u0103 sigur\u0103 asigur\u0103 o potrivire confortabil\u0103 pe \u00eencheietura m\u00e2inii, f\u0103r\u0103 a ad\u0103uga volum. Cadranul albastru combinat cu afi\u0219ajul digital ofer\u0103 o lizibilitate excelent\u0103, \u00een timp ce func\u021bii precum alarma, cronometrul, cronometrul \u0219i afi\u0219ajul zilei \u0219i al datei nu las\u0103 nimic de dorit.<\/p>\n<p>Titanul pur este unul dintre cele mai uimitoare materiale din orologerie: u\u0219or, incredibil de puternic \u0219i pl\u0103cut la atingere. Combinat cu un cristal mineral puternic \u0219i rezisten\u021b\u0103 la ap\u0103 p\u00e2n\u0103 la 50 m, acesta creeaz\u0103 un ceas care poate face fa\u021b\u0103 tuturor provoc\u0103rilor vie\u021bii de zi cu zi.<\/p>\n<p>Acest ceas combin\u0103 ceasurile iconice ale anilor 1980 cu standardele moderne de calitate. Func\u021bional, fiabil \u0219i totu\u0219i uimitor de discret &#8211; companionul perfect pentru orice ocazie.<\/p>","protected":false},"excerpt":{"rendered":"<p>Ceasul Boccia Titanium Digital este conceput pentru cei care apreciaz\u0103 elegan\u021ba auster\u0103 \u0219i fiabilitatea tehnic\u0103. Carcasa \u0219i br\u0103\u021bara sunt realizate \u00een \u00eentregime din titan pur, combin\u00e2nd tehnologia digital\u0103 clasic\u0103 cu un design modern, minimalist. Br\u0103\u021bara integral din titan cu o \u00eenchidere pliabil\u0103 sigur\u0103 asigur\u0103 o potrivire confortabil\u0103 pe \u00eencheietura m\u00e2inii, f\u0103r\u0103 a ad\u0103uga volum. Cadranul [&hellip;]<\/p>\n","protected":false},"featured_media":59182,"comment_status":"closed","ping_status":"open","template":"","meta":{"_acf_changed":false},"product_brand":[],"product_cat":[626,20,25],"product_tag":[],"class_list":{"0":"post-59181","1":"product","2":"type-product","3":"status-publish","4":"has-post-thumbnail","6":"product_cat-boccia","7":"product_cat-ceasuri-barbati","8":"product_cat-ceasuri-dama","9":"pa_brand-boccia","10":"pa_braslet-titan","11":"pa_corpus-37-mm","12":"pa_forma-butoi","13":"pa_funcii-alarma","14":"pa_funcii-calendar","15":"pa_funcii-cronometru","16":"pa_funcii-iluminare","17":"pa_garatia-24-luni","18":"pa_korpus-gri","19":"pa_material-titan","20":"pa_mehanizm-electronic","21":"pa_remeshok-gri","22":"pa_steklo-cristal-mineral","23":"pa_strana-germania","24":"pa_voda-5-atm","26":"first","27":"instock","28":"purchasable","29":"product-type-simple"},"acf":[],"yoast_head":"<!-- This site is optimized with the Yoast SEO plugin v27.3 - https:\/\/yoast.com\/product\/yoast-seo-wordpress\/ -->\n<title>BOCCIA TITANIUM DIGITAL 3738-06 - Cronograf<\/title>\n<meta name=\"robots\" content=\"index, follow, max-snippet:-1, max-image-preview:large, max-video-preview:-1\" \/>\n<link rel=\"canonical\" href=\"https:\/\/ceasuri.md\/ru\/shop\/branduri\/boccia\/boccia-titanium-digital-3738-06\/\" \/>\n<meta property=\"og:locale\" content=\"ru_RU\" \/>\n<meta property=\"og:type\" content=\"article\" \/>\n<meta property=\"og:title\" content=\"BOCCIA TITANIUM DIGITAL 3738-06 - Cronograf\" \/>\n<meta property=\"og:description\" content=\"Ceasul Boccia Titanium Digital este conceput pentru cei care apreciaz\u0103 elegan\u021ba auster\u0103 \u0219i fiabilitatea tehnic\u0103. Carcasa \u0219i br\u0103\u021bara sunt realizate \u00een \u00eentregime din titan pur, combin\u00e2nd tehnologia digital\u0103 clasic\u0103 cu un design modern, minimalist. Br\u0103\u021bara integral din titan cu o \u00eenchidere pliabil\u0103 sigur\u0103 asigur\u0103 o potrivire confortabil\u0103 pe \u00eencheietura m\u00e2inii, f\u0103r\u0103 a ad\u0103uga volum. Cadranul [&hellip;]\" \/>\n<meta property=\"og:url\" content=\"https:\/\/ceasuri.md\/ru\/shop\/branduri\/boccia\/boccia-titanium-digital-3738-06\/\" \/>\n<meta property=\"og:site_name\" content=\"Cronograf\" \/>\n<meta property=\"article:modified_time\" content=\"2026-04-07T02:04:00+00:00\" \/>\n<meta property=\"og:image\" content=\"https:\/\/ceasuri.md\/wp-content\/uploads\/3738-06.3.webp\" \/>\n\t<meta property=\"og:image:width\" content=\"600\" \/>\n\t<meta property=\"og:image:height\" content=\"800\" \/>\n\t<meta property=\"og:image:type\" content=\"image\/webp\" \/>\n<meta name=\"twitter:card\" content=\"summary_large_image\" \/>\n<meta name=\"twitter:label1\" content=\"\u041f\u0440\u0438\u043c\u0435\u0440\u043d\u043e\u0435 \u0432\u0440\u0435\u043c\u044f \u0434\u043b\u044f \u0447\u0442\u0435\u043d\u0438\u044f\" \/>\n\t<meta name=\"twitter:data1\" content=\"1 \u043c\u0438\u043d\u0443\u0442\u0430\" \/>\n<script type=\"application\/ld+json\" class=\"yoast-schema-graph\">{\"@context\":\"https:\\\/\\\/schema.org\",\"@graph\":[{\"@type\":\"WebPage\",\"@id\":\"https:\\\/\\\/ceasuri.md\\\/shop\\\/branduri\\\/boccia\\\/boccia-titanium-digital-3738-06\\\/\",\"url\":\"https:\\\/\\\/ceasuri.md\\\/shop\\\/branduri\\\/boccia\\\/boccia-titanium-digital-3738-06\\\/\",\"name\":\"BOCCIA TITANIUM DIGITAL 3738-06 - Cronograf\",\"isPartOf\":{\"@id\":\"https:\\\/\\\/ceasuri.md\\\/ru\\\/#website\"},\"primaryImageOfPage\":{\"@id\":\"https:\\\/\\\/ceasuri.md\\\/shop\\\/branduri\\\/boccia\\\/boccia-titanium-digital-3738-06\\\/#primaryimage\"},\"image\":{\"@id\":\"https:\\\/\\\/ceasuri.md\\\/shop\\\/branduri\\\/boccia\\\/boccia-titanium-digital-3738-06\\\/#primaryimage\"},\"thumbnailUrl\":\"https:\\\/\\\/ceasuri.md\\\/wp-content\\\/uploads\\\/3738-06.3.webp\",\"datePublished\":\"2026-04-02T21:58:36+00:00\",\"dateModified\":\"2026-04-07T02:04:00+00:00\",\"breadcrumb\":{\"@id\":\"https:\\\/\\\/ceasuri.md\\\/shop\\\/branduri\\\/boccia\\\/boccia-titanium-digital-3738-06\\\/#breadcrumb\"},\"inLanguage\":\"ru-RU\",\"potentialAction\":[{\"@type\":\"ReadAction\",\"target\":[\"https:\\\/\\\/ceasuri.md\\\/shop\\\/branduri\\\/boccia\\\/boccia-titanium-digital-3738-06\\\/\"]}]},{\"@type\":\"ImageObject\",\"inLanguage\":\"ru-RU\",\"@id\":\"https:\\\/\\\/ceasuri.md\\\/shop\\\/branduri\\\/boccia\\\/boccia-titanium-digital-3738-06\\\/#primaryimage\",\"url\":\"https:\\\/\\\/ceasuri.md\\\/wp-content\\\/uploads\\\/3738-06.3.webp\",\"contentUrl\":\"https:\\\/\\\/ceasuri.md\\\/wp-content\\\/uploads\\\/3738-06.3.webp\",\"width\":600,\"height\":800},{\"@type\":\"BreadcrumbList\",\"@id\":\"https:\\\/\\\/ceasuri.md\\\/shop\\\/branduri\\\/boccia\\\/boccia-titanium-digital-3738-06\\\/#breadcrumb\",\"itemListElement\":[{\"@type\":\"ListItem\",\"position\":1,\"name\":\"Home\",\"item\":\"https:\\\/\\\/ceasuri.md\\\/\"},{\"@type\":\"ListItem\",\"position\":2,\"name\":\"Magazin\",\"item\":\"https:\\\/\\\/ceasuri.md\\\/shop\\\/\"},{\"@type\":\"ListItem\",\"position\":3,\"name\":\"Ceas BOCCIA TITANIUM DIGITAL 3738-06\"}]},{\"@type\":\"WebSite\",\"@id\":\"https:\\\/\\\/ceasuri.md\\\/ru\\\/#website\",\"url\":\"https:\\\/\\\/ceasuri.md\\\/ru\\\/\",\"name\":\"Cronograf\",\"description\":\"\",\"publisher\":{\"@id\":\"https:\\\/\\\/ceasuri.md\\\/ru\\\/#organization\"},\"potentialAction\":[{\"@type\":\"SearchAction\",\"target\":{\"@type\":\"EntryPoint\",\"urlTemplate\":\"https:\\\/\\\/ceasuri.md\\\/ru\\\/?s={search_term_string}\"},\"query-input\":{\"@type\":\"PropertyValueSpecification\",\"valueRequired\":true,\"valueName\":\"search_term_string\"}}],\"inLanguage\":\"ru-RU\"},{\"@type\":\"Organization\",\"@id\":\"https:\\\/\\\/ceasuri.md\\\/ru\\\/#organization\",\"name\":\"Cronograf\",\"url\":\"https:\\\/\\\/ceasuri.md\\\/ru\\\/\",\"logo\":{\"@type\":\"ImageObject\",\"inLanguage\":\"ru-RU\",\"@id\":\"https:\\\/\\\/ceasuri.md\\\/ru\\\/#\\\/schema\\\/logo\\\/image\\\/\",\"url\":\"https:\\\/\\\/ceasuri.md\\\/wp-content\\\/uploads\\\/2025\\\/12\\\/Logo.svg\",\"contentUrl\":\"https:\\\/\\\/ceasuri.md\\\/wp-content\\\/uploads\\\/2025\\\/12\\\/Logo.svg\",\"width\":3338,\"height\":811,\"caption\":\"Cronograf\"},\"image\":{\"@id\":\"https:\\\/\\\/ceasuri.md\\\/ru\\\/#\\\/schema\\\/logo\\\/image\\\/\"}}]}<\/script>\n<!-- \/ Yoast SEO plugin. -->","yoast_head_json":{"title":"BOCCIA TITANIUM DIGITAL 3738-06 - Cronograf","robots":{"index":"index","follow":"follow","max-snippet":"max-snippet:-1","max-image-preview":"max-image-preview:large","max-video-preview":"max-video-preview:-1"},"canonical":"https:\/\/ceasuri.md\/ru\/shop\/branduri\/boccia\/boccia-titanium-digital-3738-06\/","og_locale":"ru_RU","og_type":"article","og_title":"BOCCIA TITANIUM DIGITAL 3738-06 - Cronograf","og_description":"Ceasul Boccia Titanium Digital este conceput pentru cei care apreciaz\u0103 elegan\u021ba auster\u0103 \u0219i fiabilitatea tehnic\u0103. Carcasa \u0219i br\u0103\u021bara sunt realizate \u00een \u00eentregime din titan pur, combin\u00e2nd tehnologia digital\u0103 clasic\u0103 cu un design modern, minimalist. Br\u0103\u021bara integral din titan cu o \u00eenchidere pliabil\u0103 sigur\u0103 asigur\u0103 o potrivire confortabil\u0103 pe \u00eencheietura m\u00e2inii, f\u0103r\u0103 a ad\u0103uga volum. Cadranul [&hellip;]","og_url":"https:\/\/ceasuri.md\/ru\/shop\/branduri\/boccia\/boccia-titanium-digital-3738-06\/","og_site_name":"Cronograf","article_modified_time":"2026-04-07T02:04:00+00:00","og_image":[{"width":600,"height":800,"url":"https:\/\/ceasuri.md\/wp-content\/uploads\/3738-06.3.webp","type":"image\/webp"}],"twitter_card":"summary_large_image","twitter_misc":{"\u041f\u0440\u0438\u043c\u0435\u0440\u043d\u043e\u0435 \u0432\u0440\u0435\u043c\u044f \u0434\u043b\u044f \u0447\u0442\u0435\u043d\u0438\u044f":"1 \u043c\u0438\u043d\u0443\u0442\u0430"},"schema":{"@context":"https:\/\/schema.org","@graph":[{"@type":"WebPage","@id":"https:\/\/ceasuri.md\/shop\/branduri\/boccia\/boccia-titanium-digital-3738-06\/","url":"https:\/\/ceasuri.md\/shop\/branduri\/boccia\/boccia-titanium-digital-3738-06\/","name":"BOCCIA TITANIUM DIGITAL 3738-06 - Cronograf","isPartOf":{"@id":"https:\/\/ceasuri.md\/ru\/#website"},"primaryImageOfPage":{"@id":"https:\/\/ceasuri.md\/shop\/branduri\/boccia\/boccia-titanium-digital-3738-06\/#primaryimage"},"image":{"@id":"https:\/\/ceasuri.md\/shop\/branduri\/boccia\/boccia-titanium-digital-3738-06\/#primaryimage"},"thumbnailUrl":"https:\/\/ceasuri.md\/wp-content\/uploads\/3738-06.3.webp","datePublished":"2026-04-02T21:58:36+00:00","dateModified":"2026-04-07T02:04:00+00:00","breadcrumb":{"@id":"https:\/\/ceasuri.md\/shop\/branduri\/boccia\/boccia-titanium-digital-3738-06\/#breadcrumb"},"inLanguage":"ru-RU","potentialAction":[{"@type":"ReadAction","target":["https:\/\/ceasuri.md\/shop\/branduri\/boccia\/boccia-titanium-digital-3738-06\/"]}]},{"@type":"ImageObject","inLanguage":"ru-RU","@id":"https:\/\/ceasuri.md\/shop\/branduri\/boccia\/boccia-titanium-digital-3738-06\/#primaryimage","url":"https:\/\/ceasuri.md\/wp-content\/uploads\/3738-06.3.webp","contentUrl":"https:\/\/ceasuri.md\/wp-content\/uploads\/3738-06.3.webp","width":600,"height":800},{"@type":"BreadcrumbList","@id":"https:\/\/ceasuri.md\/shop\/branduri\/boccia\/boccia-titanium-digital-3738-06\/#breadcrumb","itemListElement":[{"@type":"ListItem","position":1,"name":"Home","item":"https:\/\/ceasuri.md\/"},{"@type":"ListItem","position":2,"name":"Magazin","item":"https:\/\/ceasuri.md\/shop\/"},{"@type":"ListItem","position":3,"name":"Ceas BOCCIA TITANIUM DIGITAL 3738-06"}]},{"@type":"WebSite","@id":"https:\/\/ceasuri.md\/ru\/#website","url":"https:\/\/ceasuri.md\/ru\/","name":"Cronograf","description":"","publisher":{"@id":"https:\/\/ceasuri.md\/ru\/#organization"},"potentialAction":[{"@type":"SearchAction","target":{"@type":"EntryPoint","urlTemplate":"https:\/\/ceasuri.md\/ru\/?s={search_term_string}"},"query-input":{"@type":"PropertyValueSpecification","valueRequired":true,"valueName":"search_term_string"}}],"inLanguage":"ru-RU"},{"@type":"Organization","@id":"https:\/\/ceasuri.md\/ru\/#organization","name":"Cronograf","url":"https:\/\/ceasuri.md\/ru\/","logo":{"@type":"ImageObject","inLanguage":"ru-RU","@id":"https:\/\/ceasuri.md\/ru\/#\/schema\/logo\/image\/","url":"https:\/\/ceasuri.md\/wp-content\/uploads\/2025\/12\/Logo.svg","contentUrl":"https:\/\/ceasuri.md\/wp-content\/uploads\/2025\/12\/Logo.svg","width":3338,"height":811,"caption":"Cronograf"},"image":{"@id":"https:\/\/ceasuri.md\/ru\/#\/schema\/logo\/image\/"}}]}},"_links":{"self":[{"href":"https:\/\/ceasuri.md\/ru\/wp-json\/wp\/v2\/product\/59181","targetHints":{"allow":["GET"]}}],"collection":[{"href":"https:\/\/ceasuri.md\/ru\/wp-json\/wp\/v2\/product"}],"about":[{"href":"https:\/\/ceasuri.md\/ru\/wp-json\/wp\/v2\/types\/product"}],"replies":[{"embeddable":true,"href":"https:\/\/ceasuri.md\/ru\/wp-json\/wp\/v2\/comments?post=59181"}],"wp:featuredmedia":[{"embeddable":true,"href":"https:\/\/ceasuri.md\/ru\/wp-json\/wp\/v2\/media\/59182"}],"wp:attachment":[{"href":"https:\/\/ceasuri.md\/ru\/wp-json\/wp\/v2\/media?parent=59181"}],"wp:term":[{"taxonomy":"product_brand","embeddable":true,"href":"https:\/\/ceasuri.md\/ru\/wp-json\/wp\/v2\/product_brand?post=59181"},{"taxonomy":"product_cat","embeddable":true,"href":"https:\/\/ceasuri.md\/ru\/wp-json\/wp\/v2\/product_cat?post=59181"},{"taxonomy":"product_tag","embeddable":true,"href":"https:\/\/ceasuri.md\/ru\/wp-json\/wp\/v2\/product_tag?post=59181"}],"curies":[{"name":"wp","href":"https:\/\/api.w.org\/{rel}","templated":true}]}}