{"id":59172,"date":"2026-04-03T00:58:36","date_gmt":"2026-04-02T21:58:36","guid":{"rendered":"http:\/\/new.ceasuri.md\/shop\/uncategorized\/casio-g-shock-dw-5600ww-7er\/"},"modified":"2026-04-20T01:50:45","modified_gmt":"2026-04-19T22:50:45","slug":"casio-g-shock-dw-5600ww-7er","status":"publish","type":"product","link":"https:\/\/ceasuri.md\/ru\/shop\/branduri\/casio\/casio-g-shock-dw-5600ww-7er\/","title":{"rendered":"\u0427\u0430\u0441\u044b CASIO G-SHOCK DW-5600WW-7ER"},"content":{"rendered":"<p>Face\u021bi cuno\u0219tin\u021b\u0103 cu modelul monocrom \u00een alb &#8211; carcas\u0103, luneta, curea, p\u00e2n\u0103 la sticla ceasului.<\/p>\n<p>Accesoriul de zi cu zi perfect pentru a v\u0103 duce stilul street fashion la nivelul urm\u0103tor.<\/p>\n<p>Modelul p\u0103streaz\u0103 caracteristicile cheie ale emblematicului DW-5600: rezistent la \u0219ocuri \u0219i rezistent la ap\u0103 p\u00e2n\u0103 la 200 m.<\/p>\n<p>Afi\u0219ajul LCD luminos are o lumin\u0103 de fundal LED alb\u0103 pentru o citire u\u0219oar\u0103 pe timp de noapte.<\/p>\n<p>Caracteristicile func\u021bionale includ un cronometru precis la 1\/100 de secund\u0103, num\u0103r\u0103toare invers\u0103 pe 24 de ore, ceas cu alarm\u0103 \u0219i alarme orare. Calendarul este complet automat, format de timp de 12 \u0219i 24 de ore.<\/p>","protected":false},"excerpt":{"rendered":"<p>Face\u021bi cuno\u0219tin\u021b\u0103 cu modelul monocrom \u00een alb &#8211; carcas\u0103, luneta, curea, p\u00e2n\u0103 la sticla ceasului. Accesoriul de zi cu zi perfect pentru a v\u0103 duce stilul street fashion la nivelul urm\u0103tor. Modelul p\u0103streaz\u0103 caracteristicile cheie ale emblematicului DW-5600: rezistent la \u0219ocuri \u0219i rezistent la ap\u0103 p\u00e2n\u0103 la 200 m. Afi\u0219ajul LCD luminos are o lumin\u0103 [&hellip;]<\/p>\n","protected":false},"featured_media":59173,"comment_status":"closed","ping_status":"open","template":"","meta":{"_acf_changed":false},"product_brand":[],"product_cat":[27,20,25,419],"product_tag":[],"class_list":{"0":"post-59172","1":"product","2":"type-product","3":"status-publish","4":"has-post-thumbnail","6":"product_cat-casio","7":"product_cat-ceasuri-barbati","8":"product_cat-ceasuri-dama","9":"product_cat-g-shock","10":"pa_brand-casio","11":"pa_brand-g-shock","12":"pa_braslet-plastic","13":"pa_corpus-43x49mm","14":"pa_forma-octogonala","15":"pa_funcii-alarma","16":"pa_funcii-calendar","17":"pa_funcii-cronometru","18":"pa_funcii-iluminare","19":"pa_garatia-24-luni","20":"pa_korpus-alb","21":"pa_kvarc-quartz","22":"pa_material-plastic","23":"pa_mehanizm-electronic","24":"pa_remeshok-alb","25":"pa_steklo-cristal-mineral","26":"pa_strana-japonia","27":"pa_voda-20-atm","29":"first","30":"instock","31":"purchasable","32":"product-type-simple"},"acf":[],"_links":{"self":[{"href":"https:\/\/ceasuri.md\/ru\/wp-json\/wp\/v2\/product\/59172","targetHints":{"allow":["GET"]}}],"collection":[{"href":"https:\/\/ceasuri.md\/ru\/wp-json\/wp\/v2\/product"}],"about":[{"href":"https:\/\/ceasuri.md\/ru\/wp-json\/wp\/v2\/types\/product"}],"replies":[{"embeddable":true,"href":"https:\/\/ceasuri.md\/ru\/wp-json\/wp\/v2\/comments?post=59172"}],"wp:featuredmedia":[{"embeddable":true,"href":"https:\/\/ceasuri.md\/ru\/wp-json\/wp\/v2\/media\/59173"}],"wp:attachment":[{"href":"https:\/\/ceasuri.md\/ru\/wp-json\/wp\/v2\/media?parent=59172"}],"wp:term":[{"taxonomy":"product_brand","embeddable":true,"href":"https:\/\/ceasuri.md\/ru\/wp-json\/wp\/v2\/product_brand?post=59172"},{"taxonomy":"product_cat","embeddable":true,"href":"https:\/\/ceasuri.md\/ru\/wp-json\/wp\/v2\/product_cat?post=59172"},{"taxonomy":"product_tag","embeddable":true,"href":"https:\/\/ceasuri.md\/ru\/wp-json\/wp\/v2\/product_tag?post=59172"}],"curies":[{"name":"wp","href":"https:\/\/api.w.org\/{rel}","templated":true}]}}