{"id":59165,"date":"2026-04-03T00:58:36","date_gmt":"2026-04-02T21:58:36","guid":{"rendered":"http:\/\/new.ceasuri.md\/shop\/uncategorized\/casio-g-shock-g-5600sfj-9er\/"},"modified":"2026-04-20T01:50:46","modified_gmt":"2026-04-19T22:50:46","slug":"casio-g-shock-g-5600sfj-9er","status":"publish","type":"product","link":"https:\/\/ceasuri.md\/ru\/shop\/branduri\/casio\/casio-g-shock-g-5600sfj-9er\/","title":{"rendered":"Ceas CASIO G-SHOCK G-5600SFJ-9ER"},"content":{"rendered":"<p>O colaborare uimitoare \u00eentre G-Shock \u0219i Surfrider Foundation Japan, o organiza\u021bie japonez\u0103 de surferi amatori dedicat\u0103 cur\u0103\u021beniei oceanelor \u0219i resurselor de ap\u0103 ale planetei noastre.<\/p>\n<p>Aceast\u0103 colaborare ob\u021bine carcasa G-5600 direct din 1987 \u00eentr-o nuan\u021b\u0103 galben-portocalie cu un imprimeu abstract neobi\u0219nuit. Un efect similar a fost ob\u021binut datorit\u0103 utiliz\u0103rii polimerului reciclat, care, \u00een loc s\u0103 fie eliminat, a fost reutilizat pentru a crea carcasa \u0219i curea ceasului, reduc\u00e2nd astfel povara asupra mediului. Designerii Casio au folosit culorile soarelui care r\u0103sare devreme \u00een reflexia oceanului, \u00een timp ce surferii \u00eenoat\u0103 \u00een a\u0219teptarea valurilor bune. La unicitatea ceasului se adaug\u0103 faptul c\u0103 nu ve\u021bi g\u0103si dou\u0103 modele complet identice, fiecare av\u00e2nd propriul imprimeu \u201eviu\u201d cu un model abstract diferit. <\/p>\n<p>Silueta acestei carcase a devenit de mult timp un clasic al ceasurilor \u0219i este una dintre cele mai recognoscibile din lumea ceasurilor de m\u00e2n\u0103.<\/p>\n<p>Re\u021bine\u021bi c\u0103 modelul are un modul actualizat cu ad\u0103ugarea limbii ruse \u00een denumirile zilelor s\u0103pt\u0103m\u00e2nii, iluminare automat\u0103 de fundal \u00eembun\u0103t\u0103\u021bit\u0103, format de afi\u0219are a lunii \u0219i datei personalizabil, revenire rapid\u0103 \u0219i convenabil\u0103 la modul ora curent\u0103, cronometru \u00eembun\u0103t\u0103\u021bit cu incremente de 1 secund\u0103 \u0219i func\u021bionalitate actualizat\u0103 a orei mondiale.<\/p>","protected":false},"excerpt":{"rendered":"<p>O colaborare uimitoare \u00eentre G-Shock \u0219i Surfrider Foundation Japan, o organiza\u021bie japonez\u0103 de surferi amatori dedicat\u0103 cur\u0103\u021beniei oceanelor \u0219i resurselor de ap\u0103 ale planetei noastre. Aceast\u0103 colaborare ob\u021bine carcasa G-5600 direct din 1987 \u00eentr-o nuan\u021b\u0103 galben-portocalie cu un imprimeu abstract neobi\u0219nuit. Un efect similar a fost ob\u021binut datorit\u0103 utiliz\u0103rii polimerului reciclat, care, \u00een loc s\u0103 [&hellip;]<\/p>\n","protected":false},"featured_media":59166,"comment_status":"closed","ping_status":"open","template":"","meta":{"_acf_changed":false},"product_brand":[],"product_cat":[27,20,25,419],"product_tag":[],"class_list":{"0":"post-59165","1":"product","2":"type-product","3":"status-publish","4":"has-post-thumbnail","6":"product_cat-casio","7":"product_cat-ceasuri-barbati","8":"product_cat-ceasuri-dama","9":"product_cat-g-shock","10":"pa_brand-casio","11":"pa_brand-g-shock","12":"pa_braslet-plastic","13":"pa_corpus-43x47mm","14":"pa_forma-octogonala","15":"pa_funcii-alarma","16":"pa_funcii-calendar","17":"pa_funcii-cronometru","18":"pa_funcii-iluminare","19":"pa_funcii-rezerva-de-energie","20":"pa_funcii-special-edition","21":"pa_funcii-timp-mondial","22":"pa_garatia-24-luni","23":"pa_korpus-portocaliu","24":"pa_kvarc-quartz","25":"pa_material-plastic","26":"pa_mehanizm-baterie-solara","27":"pa_mehanizm-electronic","28":"pa_remeshok-portocaliu","29":"pa_steklo-cristal-mineral","30":"pa_strana-japonia","31":"pa_voda-20-atm","33":"first","34":"instock","35":"purchasable","36":"product-type-simple"},"acf":[],"_links":{"self":[{"href":"https:\/\/ceasuri.md\/ru\/wp-json\/wp\/v2\/product\/59165","targetHints":{"allow":["GET"]}}],"collection":[{"href":"https:\/\/ceasuri.md\/ru\/wp-json\/wp\/v2\/product"}],"about":[{"href":"https:\/\/ceasuri.md\/ru\/wp-json\/wp\/v2\/types\/product"}],"replies":[{"embeddable":true,"href":"https:\/\/ceasuri.md\/ru\/wp-json\/wp\/v2\/comments?post=59165"}],"wp:featuredmedia":[{"embeddable":true,"href":"https:\/\/ceasuri.md\/ru\/wp-json\/wp\/v2\/media\/59166"}],"wp:attachment":[{"href":"https:\/\/ceasuri.md\/ru\/wp-json\/wp\/v2\/media?parent=59165"}],"wp:term":[{"taxonomy":"product_brand","embeddable":true,"href":"https:\/\/ceasuri.md\/ru\/wp-json\/wp\/v2\/product_brand?post=59165"},{"taxonomy":"product_cat","embeddable":true,"href":"https:\/\/ceasuri.md\/ru\/wp-json\/wp\/v2\/product_cat?post=59165"},{"taxonomy":"product_tag","embeddable":true,"href":"https:\/\/ceasuri.md\/ru\/wp-json\/wp\/v2\/product_tag?post=59165"}],"curies":[{"name":"wp","href":"https:\/\/api.w.org\/{rel}","templated":true}]}}