{"id":59160,"date":"2026-04-03T00:58:36","date_gmt":"2026-04-02T21:58:36","guid":{"rendered":"http:\/\/new.ceasuri.md\/shop\/uncategorized\/casio-g-shock-gba-950-1aer\/"},"modified":"2026-04-07T05:03:56","modified_gmt":"2026-04-07T02:03:56","slug":"casio-g-shock-gba-950-1aer","status":"publish","type":"product","link":"https:\/\/ceasuri.md\/ru\/shop\/branduri\/casio\/casio-g-shock-gba-950-1aer\/","title":{"rendered":"Ceas CASIO G-SHOCK GBA-950-1AER"},"content":{"rendered":"<p>Ceasul G-SHOCK este conceput pentru cei care doresc s\u0103 r\u0103m\u00e2n\u0103 activi.<\/p>\n<p>Acest model dispune de Bluetooth pentru sincronizarea cu aplica\u021bia G-SHOCK MOVE, care v\u0103 ofer\u0103 acces la jurnale detaliate de activitate, set\u0103ri de antrenament \u0219i controale ale func\u021biilor.<\/p>\n<p>Un accelerometru \u00eencorporat urm\u0103re\u0219te cu precizie pa\u0219ii, \u00een timp ce func\u021bia GPS permite calibrarea m\u0103sur\u0103torilor distan\u021bei pentru o mai mare precizie &#8211; chiar \u0219i pentru utilizarea viitoare f\u0103r\u0103 o conexiune la smartphone.<\/p>\n<p>Printre func\u021biile de fitness: pedometru(contorizare automat\u0103 a pa\u0219ilor cu activitate zilnic\u0103 \u0219i progresul obiectivului afi\u0219ate pe un indicator de tur); m\u0103surarea distan\u021bei \u0219i ritmului(date despre distan\u021ba, viteza \u0219i ritmul de alergare cu func\u021bie de \u00eenregistrare automat\u0103 a tururilor); cronometru(memorie cu 45 de \u00eenregistr\u0103ri cu timp, distan\u021b\u0103, ritm mediu \u0219i calorii arse); cronometru de intervale(p\u00e2n\u0103 la cinci cronometre personalizabile cu p\u00e2n\u0103 la 20 de repeti\u021bii pentru antrenamente structurate); calorie tracker(calculeaz\u0103 caloriile arse pe baza profilului utilizatorului); grafic de intensitate(afi\u0219eaz\u0103 cinci niveluri de intensitate pentru a monitoriza antrenamentele). Ceasul suport\u0103, de asemenea, integrarea Strava, care \u00eei va \u00eenc\u00e2nta pe cei c\u0103rora le place s\u0103 \u00ee\u0219i \u00eemp\u0103rt\u0103\u0219easc\u0103 rezultatele.<\/p>\n<p>Structura \u00eembun\u0103t\u0103\u021bit\u0103 a carcasei din fibr\u0103 de carbon le face \u0219i mai rezistente. Luneta \u0219i cureaua sunt integrate perfect \u00eentr-o singur\u0103 pies\u0103 exterioar\u0103, asigur\u00e2nd o protec\u021bie fiabil\u0103 pentru carcasa din r\u0103\u0219in\u0103 armat\u0103 cu fibr\u0103 de carbon. Cureaua este proiectat\u0103 pentru a maximiza flexibilitatea, asigur\u00e2nd o potrivire \u0219i mai confortabil\u0103 pe \u00eencheietura m\u00e2inii. \u00cen plus, lipirea adeziv\u0103 a sticlei permite ca ansele s\u0103 fie mai compacte, subliniind claritatea siluetei de la luneta la curea.<\/p>\n<p>Noul design al curelelor a fost dezvoltat \u00een colaborare cu OUTSENSE Inc. un lider \u00een \u201eingineria origami\u201d. Cuno\u0219tin\u021bele lor, extrase din arta \u00eemp\u0103turirii h\u00e2rtiei, le-au permis s\u0103 creeze o curea cu o potrivire extrem de confortabil\u0103. Unghiurile de pliere calculate cu precizie la baza curelei se extind la st\u00e2nga \u0219i la dreapta, asigur\u00e2nd c\u0103 carcasa se potrive\u0219te perfect pe \u00eencheietura m\u00e2inii din partea inferioar\u0103 a bazei ondulate a curelei.<\/p>\n<p>Ca toate ceasurile G-Shock, GBA-950 este rezistent la \u0219ocuri legendare \u0219i la ap\u0103 p\u00e2n\u0103 la 200 de metri.<\/p>","protected":false},"excerpt":{"rendered":"<p>Ceasul G-SHOCK este conceput pentru cei care doresc s\u0103 r\u0103m\u00e2n\u0103 activi. Acest model dispune de Bluetooth pentru sincronizarea cu aplica\u021bia G-SHOCK MOVE, care v\u0103 ofer\u0103 acces la jurnale detaliate de activitate, set\u0103ri de antrenament \u0219i controale ale func\u021biilor. Un accelerometru \u00eencorporat urm\u0103re\u0219te cu precizie pa\u0219ii, \u00een timp ce func\u021bia GPS permite calibrarea m\u0103sur\u0103torilor distan\u021bei pentru [&hellip;]<\/p>\n","protected":false},"featured_media":59161,"comment_status":"closed","ping_status":"open","template":"","meta":{"_acf_changed":false},"product_brand":[],"product_cat":[27,20,25,419],"product_tag":[],"class_list":{"0":"post-59160","1":"product","2":"type-product","3":"status-publish","4":"has-post-thumbnail","6":"product_cat-casio","7":"product_cat-ceasuri-barbati","8":"product_cat-ceasuri-dama","9":"product_cat-g-shock","10":"pa_brand-casio","11":"pa_brand-g-shock","12":"pa_braslet-plastic","13":"pa_corpus-44x49mm","14":"pa_forma-rotund","15":"pa_funcii-accelerometru","16":"pa_funcii-alarma","17":"pa_funcii-bluetooth-smart","18":"pa_funcii-calendar","19":"pa_funcii-cronometru","20":"pa_funcii-dual-time","21":"pa_funcii-iluminare","22":"pa_garatia-24-luni","23":"pa_korpus-negru","24":"pa_material-plastic","25":"pa_mehanizm-electronic","26":"pa_mehanizm-quartz","27":"pa_remeshok-negru","28":"pa_steklo-cristal-mineral","29":"pa_strana-japonia","30":"pa_voda-20-atm","32":"first","33":"instock","34":"purchasable","35":"product-type-simple"},"acf":[],"_links":{"self":[{"href":"https:\/\/ceasuri.md\/ru\/wp-json\/wp\/v2\/product\/59160","targetHints":{"allow":["GET"]}}],"collection":[{"href":"https:\/\/ceasuri.md\/ru\/wp-json\/wp\/v2\/product"}],"about":[{"href":"https:\/\/ceasuri.md\/ru\/wp-json\/wp\/v2\/types\/product"}],"replies":[{"embeddable":true,"href":"https:\/\/ceasuri.md\/ru\/wp-json\/wp\/v2\/comments?post=59160"}],"wp:featuredmedia":[{"embeddable":true,"href":"https:\/\/ceasuri.md\/ru\/wp-json\/wp\/v2\/media\/59161"}],"wp:attachment":[{"href":"https:\/\/ceasuri.md\/ru\/wp-json\/wp\/v2\/media?parent=59160"}],"wp:term":[{"taxonomy":"product_brand","embeddable":true,"href":"https:\/\/ceasuri.md\/ru\/wp-json\/wp\/v2\/product_brand?post=59160"},{"taxonomy":"product_cat","embeddable":true,"href":"https:\/\/ceasuri.md\/ru\/wp-json\/wp\/v2\/product_cat?post=59160"},{"taxonomy":"product_tag","embeddable":true,"href":"https:\/\/ceasuri.md\/ru\/wp-json\/wp\/v2\/product_tag?post=59160"}],"curies":[{"name":"wp","href":"https:\/\/api.w.org\/{rel}","templated":true}]}}