{"id":59143,"date":"2026-04-03T00:58:36","date_gmt":"2026-04-02T21:58:36","guid":{"rendered":"http:\/\/new.ceasuri.md\/shop\/uncategorized\/casio-g-shock-gma-p2100sa-1a2er\/"},"modified":"2026-04-07T05:03:52","modified_gmt":"2026-04-07T02:03:52","slug":"casio-g-shock-gma-p2100sa-1a2er","status":"publish","type":"product","link":"https:\/\/ceasuri.md\/ru\/shop\/branduri\/casio\/casio-g-shock-gma-p2100sa-1a2er\/","title":{"rendered":"Ceas CASIO G-SHOCK GMA-P2100SA-1A2ER"},"content":{"rendered":"<p>GMA-P2100SA \u00eencepe cu clasicul negru \u0219i este completat de nuan\u021be vibrante inspirate de echipamentele sportive pentru a crea un contrast izbitor care ofer\u0103 un adev\u0103rat stil sportiv.<\/p>\n<p>Componentele principale ale lunetei \u0219i ale curelei sunt fabricate din r\u0103\u0219in\u0103 pe baz\u0103 biologic\u0103. Acest material, produs folosind resurse organice regenerabile, contribuie la reducerea impactului asupra mediului.<\/p>\n<p>Indicatoarele orelor sunt \u00een galben neon sau ro\u0219u, \u00een timp ce m\u00e2inile sunt \u00een aceea\u0219i culoare \u0219i acoperite cu un strat fosforescent. Aceste detalii multicolore dau o personalitate izbitoare formei octogonale a ceasului \u0219i designului s\u0103u aerodinamic, complet negru.<\/p>","protected":false},"excerpt":{"rendered":"<p>GMA-P2100SA \u00eencepe cu clasicul negru \u0219i este completat de nuan\u021be vibrante inspirate de echipamentele sportive pentru a crea un contrast izbitor care ofer\u0103 un adev\u0103rat stil sportiv. Componentele principale ale lunetei \u0219i ale curelei sunt fabricate din r\u0103\u0219in\u0103 pe baz\u0103 biologic\u0103. Acest material, produs folosind resurse organice regenerabile, contribuie la reducerea impactului asupra mediului. Indicatoarele [&hellip;]<\/p>\n","protected":false},"featured_media":59144,"comment_status":"closed","ping_status":"open","template":"","meta":{"_acf_changed":false},"product_brand":[],"product_cat":[27,20,25,419],"product_tag":[],"class_list":{"0":"post-59143","1":"product","2":"type-product","3":"status-publish","4":"has-post-thumbnail","6":"product_cat-casio","7":"product_cat-ceasuri-barbati","8":"product_cat-ceasuri-dama","9":"product_cat-g-shock","10":"pa_brand-casio","11":"pa_brand-g-shock","12":"pa_braslet-plastic","13":"pa_corpus-40x46mm","14":"pa_forma-octogonala","15":"pa_funcii-alarma","16":"pa_funcii-calendar","17":"pa_funcii-cronometru","18":"pa_funcii-iluminare","19":"pa_funcii-timp-mondial","20":"pa_garatia-24-luni","21":"pa_korpus-negru","22":"pa_material-plastic","23":"pa_mehanizm-electronic","24":"pa_mehanizm-quartz","25":"pa_remeshok-negru","26":"pa_steklo-cristal-mineral","27":"pa_strana-japonia","28":"pa_voda-20-atm","30":"first","31":"instock","32":"purchasable","33":"product-type-simple"},"acf":[],"_links":{"self":[{"href":"https:\/\/ceasuri.md\/ru\/wp-json\/wp\/v2\/product\/59143","targetHints":{"allow":["GET"]}}],"collection":[{"href":"https:\/\/ceasuri.md\/ru\/wp-json\/wp\/v2\/product"}],"about":[{"href":"https:\/\/ceasuri.md\/ru\/wp-json\/wp\/v2\/types\/product"}],"replies":[{"embeddable":true,"href":"https:\/\/ceasuri.md\/ru\/wp-json\/wp\/v2\/comments?post=59143"}],"wp:featuredmedia":[{"embeddable":true,"href":"https:\/\/ceasuri.md\/ru\/wp-json\/wp\/v2\/media\/59144"}],"wp:attachment":[{"href":"https:\/\/ceasuri.md\/ru\/wp-json\/wp\/v2\/media?parent=59143"}],"wp:term":[{"taxonomy":"product_brand","embeddable":true,"href":"https:\/\/ceasuri.md\/ru\/wp-json\/wp\/v2\/product_brand?post=59143"},{"taxonomy":"product_cat","embeddable":true,"href":"https:\/\/ceasuri.md\/ru\/wp-json\/wp\/v2\/product_cat?post=59143"},{"taxonomy":"product_tag","embeddable":true,"href":"https:\/\/ceasuri.md\/ru\/wp-json\/wp\/v2\/product_tag?post=59143"}],"curies":[{"name":"wp","href":"https:\/\/api.w.org\/{rel}","templated":true}]}}