{"id":59140,"date":"2026-04-03T00:58:36","date_gmt":"2026-04-02T21:58:36","guid":{"rendered":"http:\/\/new.ceasuri.md\/shop\/uncategorized\/casio-collection-lf-30w-1aef\/"},"modified":"2026-04-20T01:50:50","modified_gmt":"2026-04-19T22:50:50","slug":"casio-collection-lf-30w-1aef","status":"publish","type":"product","link":"https:\/\/ceasuri.md\/ru\/shop\/branduri\/casio\/casio-collection-lf-30w-1aef\/","title":{"rendered":"\u0427\u0430\u0441\u044b CASIO COLLECTION LF-30W-1AEF"},"content":{"rendered":"<p>Stabili\u021bi-v\u0103 propriul curs cu un ceas digital unic cu o hart\u0103 a lumii.<\/p>\n<p>Harta lumii din dreapta sus a ecranului este sincronizat\u0103 cu ora curent\u0103 de dedesubt, astfel \u00eenc\u00e2t s\u0103 pute\u021bi urm\u0103ri cu u\u0219urin\u021b\u0103 unde v\u0103 afla\u021bi \u00een c\u0103l\u0103toria dumneavoastr\u0103.<\/p>\n<p>Cureaua ceasului este realizat\u0103 din r\u0103\u0219in\u0103 provenit\u0103 din surse organice, fabricat\u0103 din materiale organice durabile.<\/p>\n<p>Acest ceas special este dotat cu func\u021bii fiabile \u0219i utile, cum ar fi lumina LED, cronometru, alarm\u0103, cronometru, ora mondial\u0103 \u0219i multe altele, astfel \u00eenc\u00e2t s\u0103 pute\u021bi r\u0103m\u00e2ne \u00eentotdeauna pe drumul cel bun.<\/p>","protected":false},"excerpt":{"rendered":"<p>Stabili\u021bi-v\u0103 propriul curs cu un ceas digital unic cu o hart\u0103 a lumii. Harta lumii din dreapta sus a ecranului este sincronizat\u0103 cu ora curent\u0103 de dedesubt, astfel \u00eenc\u00e2t s\u0103 pute\u021bi urm\u0103ri cu u\u0219urin\u021b\u0103 unde v\u0103 afla\u021bi \u00een c\u0103l\u0103toria dumneavoastr\u0103. Cureaua ceasului este realizat\u0103 din r\u0103\u0219in\u0103 provenit\u0103 din surse organice, fabricat\u0103 din materiale organice durabile. [&hellip;]<\/p>\n","protected":false},"featured_media":59141,"comment_status":"closed","ping_status":"open","template":"","meta":{"_acf_changed":false},"product_brand":[],"product_cat":[27,20,25],"product_tag":[],"class_list":{"0":"post-59140","1":"product","2":"type-product","3":"status-publish","4":"has-post-thumbnail","6":"product_cat-casio","7":"product_cat-ceasuri-barbati","8":"product_cat-ceasuri-dama","9":"pa_brand-casio","10":"pa_braslet-plastic","11":"pa_corpus-34x38mm","12":"pa_forma-octogonala","13":"pa_funcii-alarma","14":"pa_funcii-calendar","15":"pa_funcii-cronometru","16":"pa_funcii-iluminare","17":"pa_funcii-timp-mondial","18":"pa_garatia-24-luni","19":"pa_korpus-negru","20":"pa_kvarc-quartz","21":"pa_material-plastic","22":"pa_mehanizm-electronic","23":"pa_remeshok-negru","24":"pa_steklo-plastic","25":"pa_strana-japonia","26":"pa_voda-3-atm","28":"first","29":"instock","30":"purchasable","31":"product-type-simple"},"acf":[],"_links":{"self":[{"href":"https:\/\/ceasuri.md\/ru\/wp-json\/wp\/v2\/product\/59140","targetHints":{"allow":["GET"]}}],"collection":[{"href":"https:\/\/ceasuri.md\/ru\/wp-json\/wp\/v2\/product"}],"about":[{"href":"https:\/\/ceasuri.md\/ru\/wp-json\/wp\/v2\/types\/product"}],"replies":[{"embeddable":true,"href":"https:\/\/ceasuri.md\/ru\/wp-json\/wp\/v2\/comments?post=59140"}],"wp:featuredmedia":[{"embeddable":true,"href":"https:\/\/ceasuri.md\/ru\/wp-json\/wp\/v2\/media\/59141"}],"wp:attachment":[{"href":"https:\/\/ceasuri.md\/ru\/wp-json\/wp\/v2\/media?parent=59140"}],"wp:term":[{"taxonomy":"product_brand","embeddable":true,"href":"https:\/\/ceasuri.md\/ru\/wp-json\/wp\/v2\/product_brand?post=59140"},{"taxonomy":"product_cat","embeddable":true,"href":"https:\/\/ceasuri.md\/ru\/wp-json\/wp\/v2\/product_cat?post=59140"},{"taxonomy":"product_tag","embeddable":true,"href":"https:\/\/ceasuri.md\/ru\/wp-json\/wp\/v2\/product_tag?post=59140"}],"curies":[{"name":"wp","href":"https:\/\/api.w.org\/{rel}","templated":true}]}}