{"id":59138,"date":"2026-04-03T00:58:36","date_gmt":"2026-04-02T21:58:36","guid":{"rendered":"http:\/\/new.ceasuri.md\/shop\/uncategorized\/casio-collection-ltp-b166d-2avef\/"},"modified":"2026-04-07T05:03:51","modified_gmt":"2026-04-07T02:03:51","slug":"casio-collection-ltp-b166d-2avef","status":"publish","type":"product","link":"https:\/\/ceasuri.md\/ru\/shop\/branduri\/casio\/casio-collection-ltp-b166d-2avef\/","title":{"rendered":"Ceas CASIO COLLECTION LTP-B166D-2AVEF"},"content":{"rendered":"<p>Ceasurile de m\u00e2n\u0103 Casio Collection au devenit simbolul ideilor originale \u0219i al tehnologiei moderne. Aceasta este o colec\u021bie foarte divers\u0103, cu modele elegante \u0219i solu\u021bii multifunc\u021bionale.<\/p>\n<p>Sunt ceasuri cu func\u021bii de calcul, ecrane de ultim\u0103 genera\u021bie, op\u021biuni de sincronizare cu smartphone-urile \u0219i multe altele. Majoritatea modelelor au un stil elegant, clasic, care nu le umbre\u0219te designul unic \u0219i recunoa\u0219terea excelent\u0103.<\/p>\n<p>Dac\u0103 sunte\u021bi \u00een c\u0103utarea unui ceas cu un buget accesibil, dar \u0219i durabil de la o marc\u0103 legendar\u0103, alege\u021bi ceasurile Casio Collection.<\/p>\n<p>Ceas de dam\u0103 cu carcas\u0103 din o\u021bel. Cadranul cu indicatoare de bord este realizat cu tehnologia Sunray. Fereastr\u0103 pentru dat\u0103 la ora 3. Br\u0103\u021bar\u0103 cu \u00eenchidere reglabil\u0103.<\/p>","protected":false},"excerpt":{"rendered":"<p>Ceasurile de m\u00e2n\u0103 Casio Collection au devenit simbolul ideilor originale \u0219i al tehnologiei moderne. Aceasta este o colec\u021bie foarte divers\u0103, cu modele elegante \u0219i solu\u021bii multifunc\u021bionale. Sunt ceasuri cu func\u021bii de calcul, ecrane de ultim\u0103 genera\u021bie, op\u021biuni de sincronizare cu smartphone-urile \u0219i multe altele. Majoritatea modelelor au un stil elegant, clasic, care nu le umbre\u0219te [&hellip;]<\/p>\n","protected":false},"featured_media":59139,"comment_status":"closed","ping_status":"open","template":"","meta":{"_acf_changed":false},"product_brand":[],"product_cat":[27,25],"product_tag":[],"class_list":{"0":"post-59138","1":"product","2":"type-product","3":"status-publish","4":"has-post-thumbnail","6":"product_cat-casio","7":"product_cat-ceasuri-dama","8":"pa_brand-casio","9":"pa_braslet-otel-inoxidabil","10":"pa_corpus-30-mm","11":"pa_forma-patrat","12":"pa_funcii-data","13":"pa_garatia-24-luni","14":"pa_korpus-argintiu","15":"pa_material-otel-inoxidabil","16":"pa_mehanizm-quartz","17":"pa_remeshok-argintiu","18":"pa_steklo-cristal-mineral","19":"pa_strana-japonia","20":"pa_voda-5-atm","22":"first","23":"instock","24":"purchasable","25":"product-type-simple"},"acf":[],"_links":{"self":[{"href":"https:\/\/ceasuri.md\/ru\/wp-json\/wp\/v2\/product\/59138","targetHints":{"allow":["GET"]}}],"collection":[{"href":"https:\/\/ceasuri.md\/ru\/wp-json\/wp\/v2\/product"}],"about":[{"href":"https:\/\/ceasuri.md\/ru\/wp-json\/wp\/v2\/types\/product"}],"replies":[{"embeddable":true,"href":"https:\/\/ceasuri.md\/ru\/wp-json\/wp\/v2\/comments?post=59138"}],"wp:featuredmedia":[{"embeddable":true,"href":"https:\/\/ceasuri.md\/ru\/wp-json\/wp\/v2\/media\/59139"}],"wp:attachment":[{"href":"https:\/\/ceasuri.md\/ru\/wp-json\/wp\/v2\/media?parent=59138"}],"wp:term":[{"taxonomy":"product_brand","embeddable":true,"href":"https:\/\/ceasuri.md\/ru\/wp-json\/wp\/v2\/product_brand?post=59138"},{"taxonomy":"product_cat","embeddable":true,"href":"https:\/\/ceasuri.md\/ru\/wp-json\/wp\/v2\/product_cat?post=59138"},{"taxonomy":"product_tag","embeddable":true,"href":"https:\/\/ceasuri.md\/ru\/wp-json\/wp\/v2\/product_tag?post=59138"}],"curies":[{"name":"wp","href":"https:\/\/api.w.org\/{rel}","templated":true}]}}