{"id":59072,"date":"2026-04-03T00:57:53","date_gmt":"2026-04-02T21:57:53","guid":{"rendered":"http:\/\/new.ceasuri.md\/shop\/uncategorized\/seiko-kinetic-ska785p1\/"},"modified":"2026-04-20T01:50:06","modified_gmt":"2026-04-19T22:50:06","slug":"seiko-kinetic-ska785p1","status":"publish","type":"product","link":"https:\/\/ceasuri.md\/ru\/shop\/branduri\/seiko\/seiko-kinetic-ska785p1\/","title":{"rendered":"\u0427\u0430\u0441\u044b SEIKO KINETIC SKA785P1"},"content":{"rendered":"<p>Ceasul Seiko Kinetic transform\u0103 mi\u0219c\u0103rile m\u00e2inii \u0219i \u00eencheieturii proprietarului s\u0103u \u00een energie.<\/p>\n<p>Aceast\u0103 energie este stocat\u0103 \u00eentr-o baterie re\u00eenc\u0103rcabil\u0103 foarte mic\u0103 care dureaz\u0103 de multe ori mai mult dec\u00e2t bateriile conven\u021bionale. Odat\u0103 \u00eenc\u0103rcat complet, ceasul are o rezerv\u0103 de energie de aproximativ 6 luni.<\/p>\n<p>Calibrul 5M82 Kinetic are un indicator de rezerv\u0103 de energie care arat\u0103 c\u00e2t\u0103 energie a mai r\u0103mas \u00een ceas. De asemenea, ceasul v\u0103 avertizeaz\u0103 atunci c\u00e2nd \u00eei lipse\u0219te energia. Bateria este protejat\u0103 \u00eempotriva supra\u00eenc\u0103rc\u0103rii.<\/p>","protected":false},"excerpt":{"rendered":"<p>Ceasul Seiko Kinetic transform\u0103 mi\u0219c\u0103rile m\u00e2inii \u0219i \u00eencheieturii proprietarului s\u0103u \u00een energie. Aceast\u0103 energie este stocat\u0103 \u00eentr-o baterie re\u00eenc\u0103rcabil\u0103 foarte mic\u0103 care dureaz\u0103 de multe ori mai mult dec\u00e2t bateriile conven\u021bionale. Odat\u0103 \u00eenc\u0103rcat complet, ceasul are o rezerv\u0103 de energie de aproximativ 6 luni. Calibrul 5M82 Kinetic are un indicator de rezerv\u0103 de energie care [&hellip;]<\/p>\n","protected":false},"featured_media":59073,"comment_status":"closed","ping_status":"open","template":"","meta":{"_acf_changed":false},"product_brand":[],"product_cat":[20,588],"product_tag":[],"class_list":{"0":"post-59072","1":"product","2":"type-product","3":"status-publish","4":"has-post-thumbnail","6":"product_cat-ceasuri-barbati","7":"product_cat-seiko","8":"pa_brand-seiko","9":"pa_braslet-otel-inoxidabil","10":"pa_corpus-43-mm","11":"pa_forma-rotund","12":"pa_funcii-data","13":"pa_garatia-24-luni","14":"pa_korpus-argintiu","15":"pa_kvarc-quartz","16":"pa_material-otel-inoxidabil","17":"pa_mehanizm-kinetic","18":"pa_remeshok-argintiu","19":"pa_steklo-hardlex-crystal","20":"pa_strana-japonia","21":"pa_voda-10-atm","23":"first","24":"instock","25":"purchasable","26":"product-type-simple"},"acf":[],"_links":{"self":[{"href":"https:\/\/ceasuri.md\/ru\/wp-json\/wp\/v2\/product\/59072","targetHints":{"allow":["GET"]}}],"collection":[{"href":"https:\/\/ceasuri.md\/ru\/wp-json\/wp\/v2\/product"}],"about":[{"href":"https:\/\/ceasuri.md\/ru\/wp-json\/wp\/v2\/types\/product"}],"replies":[{"embeddable":true,"href":"https:\/\/ceasuri.md\/ru\/wp-json\/wp\/v2\/comments?post=59072"}],"wp:featuredmedia":[{"embeddable":true,"href":"https:\/\/ceasuri.md\/ru\/wp-json\/wp\/v2\/media\/59073"}],"wp:attachment":[{"href":"https:\/\/ceasuri.md\/ru\/wp-json\/wp\/v2\/media?parent=59072"}],"wp:term":[{"taxonomy":"product_brand","embeddable":true,"href":"https:\/\/ceasuri.md\/ru\/wp-json\/wp\/v2\/product_brand?post=59072"},{"taxonomy":"product_cat","embeddable":true,"href":"https:\/\/ceasuri.md\/ru\/wp-json\/wp\/v2\/product_cat?post=59072"},{"taxonomy":"product_tag","embeddable":true,"href":"https:\/\/ceasuri.md\/ru\/wp-json\/wp\/v2\/product_tag?post=59072"}],"curies":[{"name":"wp","href":"https:\/\/api.w.org\/{rel}","templated":true}]}}