{"id":59065,"date":"2026-04-03T00:57:53","date_gmt":"2026-04-02T21:57:53","guid":{"rendered":"http:\/\/new.ceasuri.md\/shop\/uncategorized\/seiko-presage-srpk46j1\/"},"modified":"2026-04-20T01:50:07","modified_gmt":"2026-04-19T22:50:07","slug":"seiko-presage-srpk46j1","status":"publish","type":"product","link":"https:\/\/ceasuri.md\/ru\/shop\/branduri\/seiko\/seiko-presage-srpk46j1\/","title":{"rendered":"\u0427\u0430\u0441\u044b SEIKO PRESAGE SRPK46J1"},"content":{"rendered":"<p>Colec\u021bia Presage combin\u0103 perfec\u021biunea mecanic\u0103 cu designul elegant.<\/p>\n<p>Aceast\u0103 edi\u021bie special\u0103 este inspirat\u0103 de barurile de cocktailuri glamour high-end, cu repere sub\u021biri lustruite \u0219i m\u00e2ini curbate gra\u021bioase care amintesc de un pahar de martini cu un design elegant.<\/p>\n<p>Carcasa din o\u021bel inoxidabil cu diametrul de 40,5 mm, acoperit\u0103 cu PVD auriu, prezint\u0103 calibrul in-house Seiko 4R35, cu un fond transparent.<\/p>\n<p>Cadranul texturat cu pete aurii gradient este ascuns \u00een spatele sticlei Hardlex rezistente la zg\u00e2rieturi. Indicatoare fa\u021betate de culoare aurie lucioas\u0103 \u0219i m\u00e2ini \u00een form\u0103 de sabie ascu\u021bite ca o lam\u0103. \u00cen pozi\u021bia orei 3 se afl\u0103 o fereastr\u0103 pentru dat\u0103.<\/p>\n<p>Protec\u021bie la ap\u0103 50 m (nu \u00eenota\u021bi \u0219i nu v\u0103 scufunda\u021bi).<\/p>\n<p>O br\u0103\u021bar\u0103 din o\u021bel inoxidabil de culoare aurie cu strat PVD periat \u0219i lustruit \u0219i o \u00eenchidere tripl\u0103 cu dou\u0103 butoane v\u0103 protejeaz\u0103 ceasul.<\/p>","protected":false},"excerpt":{"rendered":"<p>Colec\u021bia Presage combin\u0103 perfec\u021biunea mecanic\u0103 cu designul elegant. Aceast\u0103 edi\u021bie special\u0103 este inspirat\u0103 de barurile de cocktailuri glamour high-end, cu repere sub\u021biri lustruite \u0219i m\u00e2ini curbate gra\u021bioase care amintesc de un pahar de martini cu un design elegant. Carcasa din o\u021bel inoxidabil cu diametrul de 40,5 mm, acoperit\u0103 cu PVD auriu, prezint\u0103 calibrul in-house Seiko [&hellip;]<\/p>\n","protected":false},"featured_media":59066,"comment_status":"closed","ping_status":"open","template":"","meta":{"_acf_changed":false},"product_brand":[],"product_cat":[20,588],"product_tag":[],"class_list":{"0":"post-59065","1":"product","2":"type-product","3":"status-publish","4":"has-post-thumbnail","6":"product_cat-ceasuri-barbati","7":"product_cat-seiko","8":"pa_brand-seiko","9":"pa_braslet-otel-inoxidabil","10":"pa_corpus-41-mm","11":"pa_forma-rotund","12":"pa_funcii-data","13":"pa_garatia-24-luni","14":"pa_korpus-auriu","15":"pa_material-otel-inoxidabil","16":"pa_mehanizm-mecanic","17":"pa_mehanizm-mecanism-automatic","18":"pa_remeshok-auriu","19":"pa_steklo-hardlex-crystal","20":"pa_strana-japonia","21":"pa_voda-5-atm","23":"first","24":"instock","25":"purchasable","26":"product-type-simple"},"acf":[],"_links":{"self":[{"href":"https:\/\/ceasuri.md\/ru\/wp-json\/wp\/v2\/product\/59065","targetHints":{"allow":["GET"]}}],"collection":[{"href":"https:\/\/ceasuri.md\/ru\/wp-json\/wp\/v2\/product"}],"about":[{"href":"https:\/\/ceasuri.md\/ru\/wp-json\/wp\/v2\/types\/product"}],"replies":[{"embeddable":true,"href":"https:\/\/ceasuri.md\/ru\/wp-json\/wp\/v2\/comments?post=59065"}],"wp:featuredmedia":[{"embeddable":true,"href":"https:\/\/ceasuri.md\/ru\/wp-json\/wp\/v2\/media\/59066"}],"wp:attachment":[{"href":"https:\/\/ceasuri.md\/ru\/wp-json\/wp\/v2\/media?parent=59065"}],"wp:term":[{"taxonomy":"product_brand","embeddable":true,"href":"https:\/\/ceasuri.md\/ru\/wp-json\/wp\/v2\/product_brand?post=59065"},{"taxonomy":"product_cat","embeddable":true,"href":"https:\/\/ceasuri.md\/ru\/wp-json\/wp\/v2\/product_cat?post=59065"},{"taxonomy":"product_tag","embeddable":true,"href":"https:\/\/ceasuri.md\/ru\/wp-json\/wp\/v2\/product_tag?post=59065"}],"curies":[{"name":"wp","href":"https:\/\/api.w.org\/{rel}","templated":true}]}}