{"id":59059,"date":"2026-04-03T00:57:53","date_gmt":"2026-04-02T21:57:53","guid":{"rendered":"http:\/\/new.ceasuri.md\/shop\/uncategorized\/seiko-presage-le-srpl19j1\/"},"modified":"2026-04-20T01:50:07","modified_gmt":"2026-04-19T22:50:07","slug":"seiko-presage-le-srpl19j1","status":"publish","type":"product","link":"https:\/\/ceasuri.md\/ru\/shop\/branduri\/seiko\/seiko-presage-le-srpl19j1\/","title":{"rendered":"\u0427\u0430\u0441\u044b SEIKO PRESAGE LE SRPL19J1"},"content":{"rendered":"<p>Disponibil exclusiv \u00een Europa, acest ceas \u00een edi\u021bie limitat\u0103 \u00ee\u0219i ia locul \u00een colec\u021bia Seiko Presage Style 60s &#8211; modele clasice inspirate de principiile de design ale anilor 1960.<\/p>\n<p>Ceasul, \u00eentr-o culoare albastru pal retro, cu luneta \u0219i cadranul contrastante inspirate de emblematicul cronograf Seiko Crown 1964, aduce aminte de culorile pastelate asociate decorului european al vremii.<\/p>\n<p>Acest model \u00een edi\u021bie limitat\u0103 este livrat \u00eentr-o cutie special\u0103 \u0219i cu o curea de nylon NATO bej suplimentar\u0103, conceput\u0103 pentru a completa culoarea albastru deschis a cadranului \u0219i a lunetei, precum \u0219i pentru a accentua aspectul vintage.<\/p>\n<p>Seiko Presage &#8211; stil atemporal \u0219i cronometrare mecanic\u0103 precis\u0103. Un design de ceas minimalist, cu o estetic\u0103 distinct\u0103 japonez\u0103.<\/p>\n<p>Acest model Seiko \u00een edi\u021bie limitat\u0103 a fost produs \u00een doar 3000 de exemplare. Modele disponibile cu num\u0103rul de model 0852\/3000, 0133\/3000<\/p>","protected":false},"excerpt":{"rendered":"<p>Disponibil exclusiv \u00een Europa, acest ceas \u00een edi\u021bie limitat\u0103 \u00ee\u0219i ia locul \u00een colec\u021bia Seiko Presage Style 60s &#8211; modele clasice inspirate de principiile de design ale anilor 1960. Ceasul, \u00eentr-o culoare albastru pal retro, cu luneta \u0219i cadranul contrastante inspirate de emblematicul cronograf Seiko Crown 1964, aduce aminte de culorile pastelate asociate decorului european [&hellip;]<\/p>\n","protected":false},"featured_media":59060,"comment_status":"closed","ping_status":"open","template":"","meta":{"_acf_changed":false},"product_brand":[],"product_cat":[20,205,588],"product_tag":[],"class_list":{"0":"post-59059","1":"product","2":"type-product","3":"status-publish","4":"has-post-thumbnail","6":"product_cat-ceasuri-barbati","7":"product_cat-limited-edition","8":"product_cat-seiko","9":"pa_brand-seiko","10":"pa_braslet-otel-inoxidabil","11":"pa_braslet-piele-textile","12":"pa_corpus-41-mm","13":"pa_forma-rotund","14":"pa_funcii-data","15":"pa_funcii-limited-edition","16":"pa_funcii-set-cadou","17":"pa_garatia-24-luni","18":"pa_korpus-argintiu","19":"pa_material-otel-inoxidabil","20":"pa_mehanizm-mecanic","21":"pa_mehanizm-mecanism-automatic","22":"pa_remeshok-argintiu","23":"pa_remeshok-bej","24":"pa_steklo-hardlex-crystal","25":"pa_strana-japonia","26":"pa_voda-5-atm","28":"first","29":"instock","30":"purchasable","31":"product-type-simple"},"acf":[],"_links":{"self":[{"href":"https:\/\/ceasuri.md\/ru\/wp-json\/wp\/v2\/product\/59059","targetHints":{"allow":["GET"]}}],"collection":[{"href":"https:\/\/ceasuri.md\/ru\/wp-json\/wp\/v2\/product"}],"about":[{"href":"https:\/\/ceasuri.md\/ru\/wp-json\/wp\/v2\/types\/product"}],"replies":[{"embeddable":true,"href":"https:\/\/ceasuri.md\/ru\/wp-json\/wp\/v2\/comments?post=59059"}],"wp:featuredmedia":[{"embeddable":true,"href":"https:\/\/ceasuri.md\/ru\/wp-json\/wp\/v2\/media\/59060"}],"wp:attachment":[{"href":"https:\/\/ceasuri.md\/ru\/wp-json\/wp\/v2\/media?parent=59059"}],"wp:term":[{"taxonomy":"product_brand","embeddable":true,"href":"https:\/\/ceasuri.md\/ru\/wp-json\/wp\/v2\/product_brand?post=59059"},{"taxonomy":"product_cat","embeddable":true,"href":"https:\/\/ceasuri.md\/ru\/wp-json\/wp\/v2\/product_cat?post=59059"},{"taxonomy":"product_tag","embeddable":true,"href":"https:\/\/ceasuri.md\/ru\/wp-json\/wp\/v2\/product_tag?post=59059"}],"curies":[{"name":"wp","href":"https:\/\/api.w.org\/{rel}","templated":true}]}}