{"id":59048,"date":"2026-04-03T00:57:53","date_gmt":"2026-04-02T21:57:53","guid":{"rendered":"http:\/\/new.ceasuri.md\/shop\/uncategorized\/seiko-presage-ssa464j1\/"},"modified":"2026-04-07T05:03:32","modified_gmt":"2026-04-07T02:03:32","slug":"seiko-presage-ssa464j1","status":"publish","type":"product","link":"https:\/\/ceasuri.md\/ru\/shop\/branduri\/seiko\/seiko-presage-ssa464j1\/","title":{"rendered":"Ceas SEIKO PRESAGE SSA464J1"},"content":{"rendered":"<p>Marca japonez\u0103 Seiko este renumit\u0103 pentru ceasurile sale de \u00eenalt\u0103 calitate de mul\u021bi ani. Dac\u0103 alege\u021bi Seiko, alege\u021bi un ceas fiabil \u0219i precis care v\u0103 va dura mul\u021bi ani.<\/p>\n<p>Acest ceas b\u0103rb\u0103tesc face parte din colec\u021bia Seiko Presage. O linie de ceasuri automate inspirat\u0103 de designul clasic, dar cu o tent\u0103 modern\u0103.<\/p>\n<p>Cadranul par\u021bial deschis v\u0103 permite s\u0103 admira\u021bi mi\u0219carea automat\u0103. Mi\u0219carea automat\u0103 ofer\u0103 o rezerv\u0103 de putere de 41 de ore.<\/p>\n<p>Model cu cadran de culoare \u0219ampanie cu indicatoare orare aurii. Ceasul are carcas\u0103 (41,8 mm), br\u0103\u021bar\u0103 din o\u021bel inoxidabil par\u021bial aurie \u0219i cristal de safir. \u00cen plus, acestea sunt rezistente la ap\u0103 p\u00e2n\u0103 la 30 de metri.<\/p>\n<p>Acest model este conceput special pentru b\u0103rba\u021bii care sunt \u00een c\u0103utarea unui ceas de calitate.<\/p>","protected":false},"excerpt":{"rendered":"<p>Marca japonez\u0103 Seiko este renumit\u0103 pentru ceasurile sale de \u00eenalt\u0103 calitate de mul\u021bi ani. Dac\u0103 alege\u021bi Seiko, alege\u021bi un ceas fiabil \u0219i precis care v\u0103 va dura mul\u021bi ani. Acest ceas b\u0103rb\u0103tesc face parte din colec\u021bia Seiko Presage. O linie de ceasuri automate inspirat\u0103 de designul clasic, dar cu o tent\u0103 modern\u0103. Cadranul par\u021bial deschis [&hellip;]<\/p>\n","protected":false},"featured_media":59049,"comment_status":"closed","ping_status":"open","template":"","meta":{"_acf_changed":false},"product_brand":[],"product_cat":[20,588],"product_tag":[],"class_list":{"0":"post-59048","1":"product","2":"type-product","3":"status-publish","4":"has-post-thumbnail","6":"product_cat-ceasuri-barbati","7":"product_cat-seiko","8":"pa_brand-seiko","9":"pa_braslet-otel-inoxidabil","10":"pa_corpus-42-mm","11":"pa_forma-rotund","12":"pa_funcii-semischelet","13":"pa_garatia-24-luni","14":"pa_korpus-bicolor","15":"pa_material-otel-inoxidabil","16":"pa_mehanizm-mecanic","17":"pa_mehanizm-mecanism-automatic","18":"pa_remeshok-bicolor","19":"pa_steklo-cristal-safir","20":"pa_strana-japonia","21":"pa_voda-3-atm","23":"first","24":"instock","25":"purchasable","26":"product-type-simple"},"acf":[],"_links":{"self":[{"href":"https:\/\/ceasuri.md\/ru\/wp-json\/wp\/v2\/product\/59048","targetHints":{"allow":["GET"]}}],"collection":[{"href":"https:\/\/ceasuri.md\/ru\/wp-json\/wp\/v2\/product"}],"about":[{"href":"https:\/\/ceasuri.md\/ru\/wp-json\/wp\/v2\/types\/product"}],"replies":[{"embeddable":true,"href":"https:\/\/ceasuri.md\/ru\/wp-json\/wp\/v2\/comments?post=59048"}],"wp:featuredmedia":[{"embeddable":true,"href":"https:\/\/ceasuri.md\/ru\/wp-json\/wp\/v2\/media\/59049"}],"wp:attachment":[{"href":"https:\/\/ceasuri.md\/ru\/wp-json\/wp\/v2\/media?parent=59048"}],"wp:term":[{"taxonomy":"product_brand","embeddable":true,"href":"https:\/\/ceasuri.md\/ru\/wp-json\/wp\/v2\/product_brand?post=59048"},{"taxonomy":"product_cat","embeddable":true,"href":"https:\/\/ceasuri.md\/ru\/wp-json\/wp\/v2\/product_cat?post=59048"},{"taxonomy":"product_tag","embeddable":true,"href":"https:\/\/ceasuri.md\/ru\/wp-json\/wp\/v2\/product_tag?post=59048"}],"curies":[{"name":"wp","href":"https:\/\/api.w.org\/{rel}","templated":true}]}}