{"id":59043,"date":"2026-04-03T00:56:57","date_gmt":"2026-04-02T21:56:57","guid":{"rendered":"http:\/\/new.ceasuri.md\/shop\/uncategorized\/seiko-chronograph-ssb349p1\/"},"modified":"2026-04-17T15:19:07","modified_gmt":"2026-04-17T12:19:07","slug":"seiko-chronograph-ssb349p1","status":"publish","type":"product","link":"https:\/\/ceasuri.md\/ru\/shop\/branduri\/seiko\/seiko-chronograph-ssb349p1\/","title":{"rendered":"Ceas SEIKO CHRONOGRAPH SSB349P1"},"content":{"rendered":"<p>Un cronograf dinamic \u0219i sportiv din colec\u021bia Sport de la Seiko.<\/p>\n<p>Conceput pentru persoanele active \u0219i entuzia\u0219tii sporturilor cu motor, acesta combin\u0103 func\u021bionalitatea \u0219i estetica \u00eendr\u0103znea\u021b\u0103.<\/p>\n<p>Ceasul are un cadran negru intens cu subcadrane contrastante \u0219i un luneta tahimetric\u0103, ceea ce \u00eel face at\u00e2t practic, c\u00e2t \u0219i elegant.<\/p>\n<p>G\u0103zduit \u00eentr-o carcas\u0103 din o\u021bel inoxidabil acoperit cu negru, acesta m\u0103soar\u0103 44 mm \u00een diametru \u0219i 13 mm grosime. Cureaua este realizat\u0103 din silicon.<\/p>\n<p>Ceasul este echipat cu o mi\u0219care cu cuar\u021b.<\/p>\n<p>Cristalul este realizat din sticl\u0103 mineral\u0103 Hardlex.<\/p>\n<p>Rezisten\u021ba la ap\u0103 este de 10 ATM.<\/p>","protected":false},"excerpt":{"rendered":"<p>Un cronograf dinamic \u0219i sportiv din colec\u021bia Sport de la Seiko. Conceput pentru persoanele active \u0219i entuzia\u0219tii sporturilor cu motor, acesta combin\u0103 func\u021bionalitatea \u0219i estetica \u00eendr\u0103znea\u021b\u0103. Ceasul are un cadran negru intens cu subcadrane contrastante \u0219i un luneta tahimetric\u0103, ceea ce \u00eel face at\u00e2t practic, c\u00e2t \u0219i elegant. G\u0103zduit \u00eentr-o carcas\u0103 din o\u021bel inoxidabil acoperit [&hellip;]<\/p>\n","protected":false},"featured_media":59044,"comment_status":"closed","ping_status":"open","template":"","meta":{"_acf_changed":false},"product_brand":[],"product_cat":[20,588],"product_tag":[],"class_list":{"0":"post-59043","1":"product","2":"type-product","3":"status-publish","4":"has-post-thumbnail","6":"product_cat-ceasuri-barbati","7":"product_cat-seiko","8":"pa_brand-seiko","9":"pa_braslet-silicon","10":"pa_corpus-44-mm","11":"pa_forma-rotund","12":"pa_funcii-cronograf","13":"pa_funcii-data","14":"pa_funcii-tahimetru","15":"pa_garatia-24-luni","16":"pa_korpus-negru","17":"pa_kvarc-quartz","18":"pa_material-otel-inoxidabil","19":"pa_mehanizm-quartz","20":"pa_remeshok-negru","21":"pa_steklo-hardlex-crystal","22":"pa_strana-japonia","23":"pa_voda-10-atm","25":"first","26":"instock","27":"purchasable","28":"product-type-simple"},"acf":[],"_links":{"self":[{"href":"https:\/\/ceasuri.md\/ru\/wp-json\/wp\/v2\/product\/59043","targetHints":{"allow":["GET"]}}],"collection":[{"href":"https:\/\/ceasuri.md\/ru\/wp-json\/wp\/v2\/product"}],"about":[{"href":"https:\/\/ceasuri.md\/ru\/wp-json\/wp\/v2\/types\/product"}],"replies":[{"embeddable":true,"href":"https:\/\/ceasuri.md\/ru\/wp-json\/wp\/v2\/comments?post=59043"}],"wp:featuredmedia":[{"embeddable":true,"href":"https:\/\/ceasuri.md\/ru\/wp-json\/wp\/v2\/media\/59044"}],"wp:attachment":[{"href":"https:\/\/ceasuri.md\/ru\/wp-json\/wp\/v2\/media?parent=59043"}],"wp:term":[{"taxonomy":"product_brand","embeddable":true,"href":"https:\/\/ceasuri.md\/ru\/wp-json\/wp\/v2\/product_brand?post=59043"},{"taxonomy":"product_cat","embeddable":true,"href":"https:\/\/ceasuri.md\/ru\/wp-json\/wp\/v2\/product_cat?post=59043"},{"taxonomy":"product_tag","embeddable":true,"href":"https:\/\/ceasuri.md\/ru\/wp-json\/wp\/v2\/product_tag?post=59043"}],"curies":[{"name":"wp","href":"https:\/\/api.w.org\/{rel}","templated":true}]}}