{"id":59038,"date":"2026-04-03T00:56:57","date_gmt":"2026-04-02T21:56:57","guid":{"rendered":"http:\/\/new.ceasuri.md\/shop\/uncategorized\/seiko-chronograph-ssb393p1\/"},"modified":"2026-04-17T15:19:07","modified_gmt":"2026-04-17T12:19:07","slug":"seiko-chronograph-ssb393p1","status":"publish","type":"product","link":"https:\/\/ceasuri.md\/ru\/shop\/branduri\/seiko\/seiko-chronograph-ssb393p1\/","title":{"rendered":"Ceas SEIKO CHRONOGRAPH SSB393P1"},"content":{"rendered":"<p>Acest cronograf japonez elegant cu carcas\u0103 din titan va fi un companion excelent.<\/p>\n<p>Ceas cronograf cu cronometru \u0219i tahimetru. Cronometru p\u00e2n\u0103 la 1h, precizie 1\/5s.<\/p>\n<p>Marcaje de curs\u0103. Cadran stilizat \u00een carbon. Fereastr\u0103 pentru dat\u0103.<\/p>\n<p>Coroan\u0103 canelat\u0103. Fond cu \u0219uruburi.<\/p>\n<p>Curea cu cataram\u0103 clasic\u0103.<\/p>","protected":false},"excerpt":{"rendered":"<p>Acest cronograf japonez elegant cu carcas\u0103 din titan va fi un companion excelent. Ceas cronograf cu cronometru \u0219i tahimetru. Cronometru p\u00e2n\u0103 la 1h, precizie 1\/5s. Marcaje de curs\u0103. Cadran stilizat \u00een carbon. Fereastr\u0103 pentru dat\u0103. Coroan\u0103 canelat\u0103. Fond cu \u0219uruburi. Curea cu cataram\u0103 clasic\u0103.<\/p>","protected":false},"featured_media":59039,"comment_status":"closed","ping_status":"open","template":"","meta":{"_acf_changed":false},"product_brand":[],"product_cat":[20,588],"product_tag":[],"class_list":{"0":"post-59038","1":"product","2":"type-product","3":"status-publish","4":"has-post-thumbnail","6":"product_cat-ceasuri-barbati","7":"product_cat-seiko","8":"pa_brand-seiko","9":"pa_braslet-silicon","10":"pa_corpus-42-mm","11":"pa_forma-rotund","12":"pa_funcii-cronograf","13":"pa_funcii-data","14":"pa_funcii-tahimetru","15":"pa_garatia-24-luni","16":"pa_korpus-gri","17":"pa_kvarc-quartz","18":"pa_material-titan","19":"pa_mehanizm-quartz","20":"pa_remeshok-negru","21":"pa_steklo-hardlex-crystal","22":"pa_strana-japonia","23":"pa_voda-10-atm","25":"first","26":"instock","27":"purchasable","28":"product-type-simple"},"acf":[],"_links":{"self":[{"href":"https:\/\/ceasuri.md\/ru\/wp-json\/wp\/v2\/product\/59038","targetHints":{"allow":["GET"]}}],"collection":[{"href":"https:\/\/ceasuri.md\/ru\/wp-json\/wp\/v2\/product"}],"about":[{"href":"https:\/\/ceasuri.md\/ru\/wp-json\/wp\/v2\/types\/product"}],"replies":[{"embeddable":true,"href":"https:\/\/ceasuri.md\/ru\/wp-json\/wp\/v2\/comments?post=59038"}],"wp:featuredmedia":[{"embeddable":true,"href":"https:\/\/ceasuri.md\/ru\/wp-json\/wp\/v2\/media\/59039"}],"wp:attachment":[{"href":"https:\/\/ceasuri.md\/ru\/wp-json\/wp\/v2\/media?parent=59038"}],"wp:term":[{"taxonomy":"product_brand","embeddable":true,"href":"https:\/\/ceasuri.md\/ru\/wp-json\/wp\/v2\/product_brand?post=59038"},{"taxonomy":"product_cat","embeddable":true,"href":"https:\/\/ceasuri.md\/ru\/wp-json\/wp\/v2\/product_cat?post=59038"},{"taxonomy":"product_tag","embeddable":true,"href":"https:\/\/ceasuri.md\/ru\/wp-json\/wp\/v2\/product_tag?post=59038"}],"curies":[{"name":"wp","href":"https:\/\/api.w.org\/{rel}","templated":true}]}}