{"id":59033,"date":"2026-04-03T00:56:57","date_gmt":"2026-04-02T21:56:57","guid":{"rendered":"http:\/\/new.ceasuri.md\/shop\/uncategorized\/seiko-chronograph-ssb407p1\/"},"modified":"2026-04-20T01:50:11","modified_gmt":"2026-04-19T22:50:11","slug":"seiko-chronograph-ssb407p1","status":"publish","type":"product","link":"https:\/\/ceasuri.md\/ru\/shop\/branduri\/seiko\/seiko-chronograph-ssb407p1\/","title":{"rendered":"Ceas SEIKO CHRONOGRAPH SSB407P1"},"content":{"rendered":"<p>Acest ceas cu cuar\u021b din colec\u021bia SPORT este plin de caracteristici utile.<\/p>\n<p>\u00centr-adev\u0103r, cadranul s\u0103u albastru \u00eenchis g\u0103zduie\u0219te cele trei contoare caracteristice cronografelor \u0219i este \u00eenconjurat de un luneta tahimetric\u0103.<\/p>\n<p>Acest model complet din o\u021bel inoxidabil este, de asemenea, foarte robust cu sticla sa hardlex, spatele carcasei \u00een\u0219urubat \u0219i rezisten\u021ba la ap\u0103 p\u00e2n\u0103 la 100 de metri.<\/p>","protected":false},"excerpt":{"rendered":"<p>Acest ceas cu cuar\u021b din colec\u021bia SPORT este plin de caracteristici utile. \u00centr-adev\u0103r, cadranul s\u0103u albastru \u00eenchis g\u0103zduie\u0219te cele trei contoare caracteristice cronografelor \u0219i este \u00eenconjurat de un luneta tahimetric\u0103. Acest model complet din o\u021bel inoxidabil este, de asemenea, foarte robust cu sticla sa hardlex, spatele carcasei \u00een\u0219urubat \u0219i rezisten\u021ba la ap\u0103 p\u00e2n\u0103 la 100 [&hellip;]<\/p>\n","protected":false},"featured_media":59034,"comment_status":"closed","ping_status":"open","template":"","meta":{"_acf_changed":false},"product_brand":[],"product_cat":[20,588],"product_tag":[],"class_list":{"0":"post-59033","1":"product","2":"type-product","3":"status-publish","4":"has-post-thumbnail","6":"product_cat-ceasuri-barbati","7":"product_cat-seiko","8":"pa_brand-seiko","9":"pa_braslet-otel-inoxidabil","10":"pa_corpus-41-mm","11":"pa_forma-rotund","12":"pa_funcii-cronograf","13":"pa_funcii-data","14":"pa_funcii-tahimetru","15":"pa_garatia-24-luni","16":"pa_korpus-argintiu","17":"pa_kvarc-quartz","18":"pa_material-otel-inoxidabil","19":"pa_mehanizm-quartz","20":"pa_remeshok-argintiu","21":"pa_steklo-hardlex-crystal","22":"pa_strana-japonia","23":"pa_voda-10-atm","25":"first","26":"instock","27":"purchasable","28":"product-type-simple"},"acf":[],"_links":{"self":[{"href":"https:\/\/ceasuri.md\/ru\/wp-json\/wp\/v2\/product\/59033","targetHints":{"allow":["GET"]}}],"collection":[{"href":"https:\/\/ceasuri.md\/ru\/wp-json\/wp\/v2\/product"}],"about":[{"href":"https:\/\/ceasuri.md\/ru\/wp-json\/wp\/v2\/types\/product"}],"replies":[{"embeddable":true,"href":"https:\/\/ceasuri.md\/ru\/wp-json\/wp\/v2\/comments?post=59033"}],"wp:featuredmedia":[{"embeddable":true,"href":"https:\/\/ceasuri.md\/ru\/wp-json\/wp\/v2\/media\/59034"}],"wp:attachment":[{"href":"https:\/\/ceasuri.md\/ru\/wp-json\/wp\/v2\/media?parent=59033"}],"wp:term":[{"taxonomy":"product_brand","embeddable":true,"href":"https:\/\/ceasuri.md\/ru\/wp-json\/wp\/v2\/product_brand?post=59033"},{"taxonomy":"product_cat","embeddable":true,"href":"https:\/\/ceasuri.md\/ru\/wp-json\/wp\/v2\/product_cat?post=59033"},{"taxonomy":"product_tag","embeddable":true,"href":"https:\/\/ceasuri.md\/ru\/wp-json\/wp\/v2\/product_tag?post=59033"}],"curies":[{"name":"wp","href":"https:\/\/api.w.org\/{rel}","templated":true}]}}