{"id":59030,"date":"2026-04-03T00:56:57","date_gmt":"2026-04-02T21:56:57","guid":{"rendered":"http:\/\/new.ceasuri.md\/shop\/uncategorized\/seiko-chronograph-ssb461p1\/"},"modified":"2026-04-07T05:03:29","modified_gmt":"2026-04-07T02:03:29","slug":"seiko-chronograph-ssb461p1","status":"publish","type":"product","link":"https:\/\/ceasuri.md\/ru\/shop\/branduri\/seiko\/seiko-chronograph-ssb461p1\/","title":{"rendered":"Ceas SEIKO CHRONOGRAPH SSB461P1"},"content":{"rendered":"<p>Acest cronograf cu cuar\u021b \u0219i afi\u0219aj cu dat\u0103 din colec\u021bia Seiko SPORT ofer\u0103 o gam\u0103 larg\u0103 de func\u021bii.<\/p>\n<p>Trei contoare specifice cronografului sunt amplasate pe cadran. Cronometrul m\u0103soar\u0103 p\u00e2n\u0103 la 60 de minute \u00een trepte de 1\/5 de secund\u0103.<\/p>\n<p>Modelul este fabricat \u00een \u00eentregime din o\u021bel inoxidabil \u0219i este foarte durabil datorit\u0103 cristalului safir, fundului carcasei cu \u0219urub \u0219i rezisten\u021bei la ap\u0103 p\u00e2n\u0103 la 100 de metri.<\/p>","protected":false},"excerpt":{"rendered":"<p>Acest cronograf cu cuar\u021b \u0219i afi\u0219aj cu dat\u0103 din colec\u021bia Seiko SPORT ofer\u0103 o gam\u0103 larg\u0103 de func\u021bii. Trei contoare specifice cronografului sunt amplasate pe cadran. Cronometrul m\u0103soar\u0103 p\u00e2n\u0103 la 60 de minute \u00een trepte de 1\/5 de secund\u0103. Modelul este fabricat \u00een \u00eentregime din o\u021bel inoxidabil \u0219i este foarte durabil datorit\u0103 cristalului safir, fundului [&hellip;]<\/p>\n","protected":false},"featured_media":59031,"comment_status":"closed","ping_status":"open","template":"","meta":{"_acf_changed":false},"product_brand":[],"product_cat":[20,588],"product_tag":[],"class_list":{"0":"post-59030","1":"product","2":"type-product","3":"status-publish","4":"has-post-thumbnail","6":"product_cat-ceasuri-barbati","7":"product_cat-seiko","8":"pa_brand-seiko","9":"pa_braslet-otel-inoxidabil","10":"pa_corpus-40-mm","11":"pa_forma-rotund","12":"pa_funcii-cronograf","13":"pa_funcii-data","14":"pa_garatia-24-luni","15":"pa_korpus-argintiu","16":"pa_material-otel-inoxidabil","17":"pa_mehanizm-quartz","18":"pa_remeshok-argintiu","19":"pa_steklo-cristal-safir","20":"pa_strana-japonia","21":"pa_voda-10-atm","23":"first","24":"instock","25":"purchasable","26":"product-type-simple"},"acf":[],"_links":{"self":[{"href":"https:\/\/ceasuri.md\/ru\/wp-json\/wp\/v2\/product\/59030","targetHints":{"allow":["GET"]}}],"collection":[{"href":"https:\/\/ceasuri.md\/ru\/wp-json\/wp\/v2\/product"}],"about":[{"href":"https:\/\/ceasuri.md\/ru\/wp-json\/wp\/v2\/types\/product"}],"replies":[{"embeddable":true,"href":"https:\/\/ceasuri.md\/ru\/wp-json\/wp\/v2\/comments?post=59030"}],"wp:featuredmedia":[{"embeddable":true,"href":"https:\/\/ceasuri.md\/ru\/wp-json\/wp\/v2\/media\/59031"}],"wp:attachment":[{"href":"https:\/\/ceasuri.md\/ru\/wp-json\/wp\/v2\/media?parent=59030"}],"wp:term":[{"taxonomy":"product_brand","embeddable":true,"href":"https:\/\/ceasuri.md\/ru\/wp-json\/wp\/v2\/product_brand?post=59030"},{"taxonomy":"product_cat","embeddable":true,"href":"https:\/\/ceasuri.md\/ru\/wp-json\/wp\/v2\/product_cat?post=59030"},{"taxonomy":"product_tag","embeddable":true,"href":"https:\/\/ceasuri.md\/ru\/wp-json\/wp\/v2\/product_tag?post=59030"}],"curies":[{"name":"wp","href":"https:\/\/api.w.org\/{rel}","templated":true}]}}