{"id":59017,"date":"2026-04-03T00:56:57","date_gmt":"2026-04-02T21:56:57","guid":{"rendered":"http:\/\/new.ceasuri.md\/shop\/uncategorized\/seiko-astron-gps-solar-le-ssh180j1\/"},"modified":"2026-04-20T01:50:13","modified_gmt":"2026-04-19T22:50:13","slug":"seiko-astron-gps-solar-le-ssh180j1","status":"publish","type":"product","link":"https:\/\/ceasuri.md\/ru\/shop\/branduri\/seiko\/seiko-astron-gps-solar-le-ssh180j1\/","title":{"rendered":"\u0427\u0430\u0441\u044b SEIKO ASTRON GPS SOLAR LE SSH180J1"},"content":{"rendered":"<p>Seiko prezint\u0103 o combina\u021bie de tehnologie de timp dublu, GPS \u0219i func\u021bie de cronometru cu calibrul 5X83. Aceast\u0103 mi\u0219care inovatoare se conecteaz\u0103 automat la re\u021beaua GPS de p\u00e2n\u0103 la dou\u0103 ori pe zi. Conexiunea manual\u0103 la atingerea unui buton este, de asemenea, posibil\u0103 pentru o precizie maxim\u0103 \u00een \u00eentreaga lume.<\/p>\n<p>Colec\u021bia Astron \u00een edi\u021bie limitat\u0103 este un ceas interesant \u00een care Seiko a preluat un design clasic \u0219i l-a actualizat cu o func\u021bie GPS. Cu un diametru al carcasei de 44,3 mm (f\u0103r\u0103 coroan\u0103), acest ceas este un companion foarte la \u00eendem\u00e2n\u0103 \u0219i mai ales practic.<\/p>\n<p>Desigur, ceasul este rezistent la ap\u0103 p\u00e2n\u0103 la 100 de metri, iar cadranul frumos este protejat de un cristal de safir cu un strat super-transparent. Br\u0103\u021bara cu verig\u0103 central\u0103 din ceramic\u0103 este rezistent\u0103 la zg\u00e2rieturi.<\/p>\n<p>Este alimentat\u0103 de panouri solare \u00eencorporate care pot alimenta ceasul timp de p\u00e2n\u0103 la 6 luni cu o \u00eenc\u0103rcare complet\u0103.<\/p>\n<p>Desigur, mi\u0219carea are multe caracteristici, cum ar fi un calendar perpetuu p\u00e2n\u0103 \u00een 2100, indicator al rezervei de energie, ora mondial\u0103 (39 de fusuri orare), dou\u0103 fusuri orare, alinierea automat\u0103 a m\u00e2inilor \u0219i o func\u021bie de economisire a energiei. \u0218i una dintre cele mai frumoase caracteristici &#8211; 5X83 este prima mi\u0219care Astron GPS Solar care are o complica\u021bie de cronograf.<\/p>\n<p>Acest model Seiko \u00een edi\u021bie limitat\u0103 a fost produs \u00een doar 1.500 de exemplare la nivel mondial. Num\u0103r de model disponibil 1107\/1500.<\/p>","protected":false},"excerpt":{"rendered":"<p>Seiko prezint\u0103 o combina\u021bie de tehnologie de timp dublu, GPS \u0219i func\u021bie de cronometru cu calibrul 5X83. Aceast\u0103 mi\u0219care inovatoare se conecteaz\u0103 automat la re\u021beaua GPS de p\u00e2n\u0103 la dou\u0103 ori pe zi. Conexiunea manual\u0103 la atingerea unui buton este, de asemenea, posibil\u0103 pentru o precizie maxim\u0103 \u00een \u00eentreaga lume. Colec\u021bia Astron \u00een edi\u021bie limitat\u0103 [&hellip;]<\/p>\n","protected":false},"featured_media":59018,"comment_status":"closed","ping_status":"open","template":"","meta":{"_acf_changed":false},"product_brand":[],"product_cat":[20,106,205,588],"product_tag":[],"class_list":{"0":"post-59017","1":"product","2":"type-product","3":"status-publish","4":"has-post-thumbnail","6":"product_cat-ceasuri-barbati","7":"product_cat-ceasuri-premium","8":"product_cat-limited-edition","9":"product_cat-seiko","10":"pa_brand-seiko","11":"pa_braslet-ceramica","12":"pa_braslet-titan","13":"pa_corpus-44-mm","14":"pa_forma-rotund","15":"pa_funcii-calendarul-etern","16":"pa_funcii-cronograf","17":"pa_funcii-data","18":"pa_funcii-dual-time","19":"pa_funcii-gps","20":"pa_funcii-limited-edition","21":"pa_funcii-rezerva-de-energie","22":"pa_funcii-timp-mondial","23":"pa_funcii-ziua-saptamanii","24":"pa_garatia-24-luni","25":"pa_korpus-bicolor","26":"pa_kvarc-quartz","27":"pa_material-ceramica","28":"pa_material-titan","29":"pa_mehanizm-baterie-solara","30":"pa_remeshok-bicolor","31":"pa_steklo-cristal-safir","32":"pa_strana-japonia","33":"pa_voda-10-atm","35":"first","36":"instock","37":"purchasable","38":"product-type-simple"},"acf":[],"_links":{"self":[{"href":"https:\/\/ceasuri.md\/ru\/wp-json\/wp\/v2\/product\/59017","targetHints":{"allow":["GET"]}}],"collection":[{"href":"https:\/\/ceasuri.md\/ru\/wp-json\/wp\/v2\/product"}],"about":[{"href":"https:\/\/ceasuri.md\/ru\/wp-json\/wp\/v2\/types\/product"}],"replies":[{"embeddable":true,"href":"https:\/\/ceasuri.md\/ru\/wp-json\/wp\/v2\/comments?post=59017"}],"wp:featuredmedia":[{"embeddable":true,"href":"https:\/\/ceasuri.md\/ru\/wp-json\/wp\/v2\/media\/59018"}],"wp:attachment":[{"href":"https:\/\/ceasuri.md\/ru\/wp-json\/wp\/v2\/media?parent=59017"}],"wp:term":[{"taxonomy":"product_brand","embeddable":true,"href":"https:\/\/ceasuri.md\/ru\/wp-json\/wp\/v2\/product_brand?post=59017"},{"taxonomy":"product_cat","embeddable":true,"href":"https:\/\/ceasuri.md\/ru\/wp-json\/wp\/v2\/product_cat?post=59017"},{"taxonomy":"product_tag","embeddable":true,"href":"https:\/\/ceasuri.md\/ru\/wp-json\/wp\/v2\/product_tag?post=59017"}],"curies":[{"name":"wp","href":"https:\/\/api.w.org\/{rel}","templated":true}]}}