{"id":59008,"date":"2026-04-03T00:56:57","date_gmt":"2026-04-02T21:56:57","guid":{"rendered":"http:\/\/new.ceasuri.md\/shop\/uncategorized\/seiko-classic-sur561p1\/"},"modified":"2026-04-20T01:50:14","modified_gmt":"2026-04-19T22:50:14","slug":"seiko-classic-sur561p1","status":"publish","type":"product","link":"https:\/\/ceasuri.md\/ru\/shop\/branduri\/seiko\/seiko-classic-sur561p1\/","title":{"rendered":"Ceas SEIKO CLASSIC SUR561P1"},"content":{"rendered":"<p>Un ceas sofisticat pentru femei care va fi o adev\u0103rat\u0103 bijuterie la \u00eencheietura dvs.<\/p>\n<p>Carcas\u0103 rotund\u0103 din o\u021bel inoxidabil.<\/p>\n<p>Cadran cu repere cu cifre arabe.<\/p>\n<p>Coroan\u0103 canelat\u0103 decorat\u0103 cu o piatr\u0103 cabochon albastr\u0103.<\/p>\n<p>Br\u0103\u021bar\u0103 cu \u00eenchidere tripl\u0103 pliabil\u0103.<\/p>","protected":false},"excerpt":{"rendered":"<p>Un ceas sofisticat pentru femei care va fi o adev\u0103rat\u0103 bijuterie la \u00eencheietura dvs. Carcas\u0103 rotund\u0103 din o\u021bel inoxidabil. Cadran cu repere cu cifre arabe. Coroan\u0103 canelat\u0103 decorat\u0103 cu o piatr\u0103 cabochon albastr\u0103. Br\u0103\u021bar\u0103 cu \u00eenchidere tripl\u0103 pliabil\u0103.<\/p>","protected":false},"featured_media":59009,"comment_status":"closed","ping_status":"open","template":"","meta":{"_acf_changed":false},"product_brand":[],"product_cat":[25,588],"product_tag":[],"class_list":{"0":"post-59008","1":"product","2":"type-product","3":"status-publish","4":"has-post-thumbnail","6":"product_cat-ceasuri-dama","7":"product_cat-seiko","8":"pa_brand-seiko","9":"pa_braslet-otel-inoxidabil","10":"pa_corpus-29-mm","11":"pa_forma-rotund","12":"pa_garatia-24-luni","13":"pa_korpus-argintiu","14":"pa_kvarc-quartz","15":"pa_material-otel-inoxidabil","16":"pa_mehanizm-quartz","17":"pa_remeshok-argintiu","18":"pa_steklo-hardlex-crystal","19":"pa_strana-japonia","20":"pa_voda-5-atm","22":"first","23":"instock","24":"purchasable","25":"product-type-simple"},"acf":[],"_links":{"self":[{"href":"https:\/\/ceasuri.md\/ru\/wp-json\/wp\/v2\/product\/59008","targetHints":{"allow":["GET"]}}],"collection":[{"href":"https:\/\/ceasuri.md\/ru\/wp-json\/wp\/v2\/product"}],"about":[{"href":"https:\/\/ceasuri.md\/ru\/wp-json\/wp\/v2\/types\/product"}],"replies":[{"embeddable":true,"href":"https:\/\/ceasuri.md\/ru\/wp-json\/wp\/v2\/comments?post=59008"}],"wp:featuredmedia":[{"embeddable":true,"href":"https:\/\/ceasuri.md\/ru\/wp-json\/wp\/v2\/media\/59009"}],"wp:attachment":[{"href":"https:\/\/ceasuri.md\/ru\/wp-json\/wp\/v2\/media?parent=59008"}],"wp:term":[{"taxonomy":"product_brand","embeddable":true,"href":"https:\/\/ceasuri.md\/ru\/wp-json\/wp\/v2\/product_brand?post=59008"},{"taxonomy":"product_cat","embeddable":true,"href":"https:\/\/ceasuri.md\/ru\/wp-json\/wp\/v2\/product_cat?post=59008"},{"taxonomy":"product_tag","embeddable":true,"href":"https:\/\/ceasuri.md\/ru\/wp-json\/wp\/v2\/product_tag?post=59008"}],"curies":[{"name":"wp","href":"https:\/\/api.w.org\/{rel}","templated":true}]}}