{"id":58993,"date":"2026-04-03T00:56:57","date_gmt":"2026-04-02T21:56:57","guid":{"rendered":"http:\/\/new.ceasuri.md\/shop\/uncategorized\/seiko-classic-sur571p1\/"},"modified":"2026-04-20T01:50:16","modified_gmt":"2026-04-19T22:50:16","slug":"seiko-classic-sur571p1","status":"publish","type":"product","link":"https:\/\/ceasuri.md\/ru\/shop\/branduri\/seiko\/seiko-classic-sur571p1\/","title":{"rendered":"Ceas SEIKO CLASSIC SUR571P1"},"content":{"rendered":"<p>Acest ceas japonez pentru b\u0103rba\u021bi este un exemplu de elegan\u021b\u0103 \u0219i func\u021bionalitate, perfect at\u00e2t pentru \u00eent\u00e2lnirile de afaceri, c\u00e2t \u0219i pentru purtarea zilnic\u0103.<\/p>\n<p>Ceasul este echipat cu un cristal de safir, cunoscut pentru durabilitatea sa ridicat\u0103 \u0219i rezisten\u021ba la zg\u00e2rieturi, care asigur\u0103 durabilitatea \u0219i men\u021bine un aspect perfect pentru mul\u021bi ani.<\/p>\n<p>Carcasa este realizat\u0103 din o\u021bel acoperit cu PVD, o solu\u021bie spectaculoas\u0103 \u0219i practic\u0103 care confer\u0103 ceasului un aspect elegant \u0219i modern, \u00eembun\u0103t\u0103\u021bind totodat\u0103 propriet\u0103\u021bile de protec\u021bie ale materialului.<\/p>\n<p>Fereastra datei, situat\u0103 la ora 6, ofer\u0103 confort \u0219i func\u021bionalitate, facilit\u00e2nd urm\u0103rirea datei curente. M\u00e2inile ceasului sunt acoperite cu luminescen\u021b\u0103, facilit\u00e2nd citirea orei \u00een condi\u021bii de luminozitate sc\u0103zut\u0103, fie c\u0103 este vorba de o plimbare de sear\u0103 sau de o \u00eent\u00e2lnire t\u00e2rzie.<\/p>\n<p>Seiko Classic este un ceas pentru b\u0103rba\u021bii care apreciaz\u0103 calitatea, stilul \u0219i fiabilitatea. Poate fi un companion fidel \u00een orice situa\u021bie de via\u021b\u0103, subliniind individualitatea proprietarului s\u0103u \u0219i oferind \u00eencredere \u00een sine \u00een orice mediu.<\/p>","protected":false},"excerpt":{"rendered":"<p>Acest ceas japonez pentru b\u0103rba\u021bi este un exemplu de elegan\u021b\u0103 \u0219i func\u021bionalitate, perfect at\u00e2t pentru \u00eent\u00e2lnirile de afaceri, c\u00e2t \u0219i pentru purtarea zilnic\u0103. Ceasul este echipat cu un cristal de safir, cunoscut pentru durabilitatea sa ridicat\u0103 \u0219i rezisten\u021ba la zg\u00e2rieturi, care asigur\u0103 durabilitatea \u0219i men\u021bine un aspect perfect pentru mul\u021bi ani. Carcasa este realizat\u0103 din [&hellip;]<\/p>\n","protected":false},"featured_media":58994,"comment_status":"closed","ping_status":"open","template":"","meta":{"_acf_changed":false},"product_brand":[],"product_cat":[20,588],"product_tag":[],"class_list":{"0":"post-58993","1":"product","2":"type-product","3":"status-publish","4":"has-post-thumbnail","6":"product_cat-ceasuri-barbati","7":"product_cat-seiko","8":"pa_brand-seiko","9":"pa_braslet-textile","10":"pa_corpus-40mm","11":"pa_forma-rotund","12":"pa_funcii-data","13":"pa_garatia-24-luni","14":"pa_korpus-negru","15":"pa_kvarc-quartz","16":"pa_material-otel-inoxidabil","17":"pa_mehanizm-quartz","18":"pa_remeshok-negru","19":"pa_steklo-cristal-safir","20":"pa_strana-japonia","21":"pa_voda-10-atm","23":"first","24":"instock","25":"purchasable","26":"product-type-simple"},"acf":[],"_links":{"self":[{"href":"https:\/\/ceasuri.md\/ru\/wp-json\/wp\/v2\/product\/58993","targetHints":{"allow":["GET"]}}],"collection":[{"href":"https:\/\/ceasuri.md\/ru\/wp-json\/wp\/v2\/product"}],"about":[{"href":"https:\/\/ceasuri.md\/ru\/wp-json\/wp\/v2\/types\/product"}],"replies":[{"embeddable":true,"href":"https:\/\/ceasuri.md\/ru\/wp-json\/wp\/v2\/comments?post=58993"}],"wp:featuredmedia":[{"embeddable":true,"href":"https:\/\/ceasuri.md\/ru\/wp-json\/wp\/v2\/media\/58994"}],"wp:attachment":[{"href":"https:\/\/ceasuri.md\/ru\/wp-json\/wp\/v2\/media?parent=58993"}],"wp:term":[{"taxonomy":"product_brand","embeddable":true,"href":"https:\/\/ceasuri.md\/ru\/wp-json\/wp\/v2\/product_brand?post=58993"},{"taxonomy":"product_cat","embeddable":true,"href":"https:\/\/ceasuri.md\/ru\/wp-json\/wp\/v2\/product_cat?post=58993"},{"taxonomy":"product_tag","embeddable":true,"href":"https:\/\/ceasuri.md\/ru\/wp-json\/wp\/v2\/product_tag?post=58993"}],"curies":[{"name":"wp","href":"https:\/\/api.w.org\/{rel}","templated":true}]}}