{"id":58979,"date":"2026-04-03T00:56:57","date_gmt":"2026-04-02T21:56:57","guid":{"rendered":"http:\/\/new.ceasuri.md\/shop\/uncategorized\/seiko-conceptual-regular-diamond-sur582p1\/"},"modified":"2026-04-17T15:18:56","modified_gmt":"2026-04-17T12:18:56","slug":"seiko-conceptual-regular-diamond-sur582p1","status":"publish","type":"product","link":"https:\/\/ceasuri.md\/ru\/shop\/branduri\/seiko\/seiko-conceptual-regular-diamond-sur582p1\/","title":{"rendered":"Ceas SEIKO CONCEPTUAL REGULAR DIAMOND SUR582P1"},"content":{"rendered":"<p>Ceasul japonez Seiko Diamond pentru femei va fi completarea perfect\u0103 a \u021binutei dumneavoastr\u0103 elegante. Este un adev\u0103rat simbol al sofistic\u0103rii \u0219i splendoarei, care combin\u0103 perfect stilul modern \u0219i func\u021bionalitatea ridicat\u0103.<\/p>\n<p>Unicitatea cadranului este subliniat\u0103 de splendoarea diamantelor, care fac din fiecare privire la acest ceas o adev\u0103rat\u0103 \u00eenc\u00e2ntare.<\/p>\n<p>Ceasul este protejat de un cristal de safir, asigur\u00e2nd protec\u021bia cadranului \u00eempotriva deterior\u0103rilor \u0219i men\u021binerea aspectului s\u0103u rafinat.<\/p>\n<p>Carcasa \u0219i br\u0103\u021bara sunt realizate din o\u021bel masiv, care nu numai c\u0103 confer\u0103 ceasului un aspect elegant \u0219i modern, dar asigur\u0103 \u0219i durabilitate \u0219i stabilitate. Fereastra datei situat\u0103 la ora 3 adaug\u0103 un plus de confort.<\/p>\n<p>M\u00e2inile sunt echipate cu un strat luminescent pentru a asigura o vizibilitate excelent\u0103 chiar \u0219i \u00een condi\u021bii de lumin\u0103 sc\u0103zut\u0103.<\/p>","protected":false},"excerpt":{"rendered":"<p>Ceasul japonez Seiko Diamond pentru femei va fi completarea perfect\u0103 a \u021binutei dumneavoastr\u0103 elegante. Este un adev\u0103rat simbol al sofistic\u0103rii \u0219i splendoarei, care combin\u0103 perfect stilul modern \u0219i func\u021bionalitatea ridicat\u0103. Unicitatea cadranului este subliniat\u0103 de splendoarea diamantelor, care fac din fiecare privire la acest ceas o adev\u0103rat\u0103 \u00eenc\u00e2ntare. Ceasul este protejat de un cristal de [&hellip;]<\/p>\n","protected":false},"featured_media":58980,"comment_status":"closed","ping_status":"open","template":"","meta":{"_acf_changed":false},"product_brand":[],"product_cat":[25,588],"product_tag":[],"class_list":{"0":"post-58979","1":"product","2":"type-product","3":"status-publish","4":"has-post-thumbnail","6":"product_cat-ceasuri-dama","7":"product_cat-seiko","8":"pa_brand-seiko","9":"pa_braslet-otel-inoxidabil","10":"pa_corpus-32-mm","11":"pa_decor-diamante","12":"pa_forma-rotund","13":"pa_funcii-data","14":"pa_garatia-24-luni","15":"pa_korpus-bicolor","16":"pa_kvarc-quartz","17":"pa_material-otel-inoxidabil","18":"pa_mehanizm-quartz","19":"pa_remeshok-bicolor","20":"pa_steklo-cristal-safir","21":"pa_strana-japonia","22":"pa_voda-10-atm","24":"first","25":"instock","26":"purchasable","27":"product-type-simple"},"acf":[],"_links":{"self":[{"href":"https:\/\/ceasuri.md\/ru\/wp-json\/wp\/v2\/product\/58979","targetHints":{"allow":["GET"]}}],"collection":[{"href":"https:\/\/ceasuri.md\/ru\/wp-json\/wp\/v2\/product"}],"about":[{"href":"https:\/\/ceasuri.md\/ru\/wp-json\/wp\/v2\/types\/product"}],"replies":[{"embeddable":true,"href":"https:\/\/ceasuri.md\/ru\/wp-json\/wp\/v2\/comments?post=58979"}],"wp:featuredmedia":[{"embeddable":true,"href":"https:\/\/ceasuri.md\/ru\/wp-json\/wp\/v2\/media\/58980"}],"wp:attachment":[{"href":"https:\/\/ceasuri.md\/ru\/wp-json\/wp\/v2\/media?parent=58979"}],"wp:term":[{"taxonomy":"product_brand","embeddable":true,"href":"https:\/\/ceasuri.md\/ru\/wp-json\/wp\/v2\/product_brand?post=58979"},{"taxonomy":"product_cat","embeddable":true,"href":"https:\/\/ceasuri.md\/ru\/wp-json\/wp\/v2\/product_cat?post=58979"},{"taxonomy":"product_tag","embeddable":true,"href":"https:\/\/ceasuri.md\/ru\/wp-json\/wp\/v2\/product_tag?post=58979"}],"curies":[{"name":"wp","href":"https:\/\/api.w.org\/{rel}","templated":true}]}}