{"id":58971,"date":"2026-04-03T00:56:57","date_gmt":"2026-04-02T21:56:57","guid":{"rendered":"http:\/\/new.ceasuri.md\/shop\/uncategorized\/seiko-conceptual-regular-diamond-sur603p1\/"},"modified":"2026-04-20T01:50:19","modified_gmt":"2026-04-19T22:50:19","slug":"seiko-conceptual-regular-diamond-sur603p1","status":"publish","type":"product","link":"https:\/\/ceasuri.md\/ru\/shop\/branduri\/seiko\/seiko-conceptual-regular-diamond-sur603p1\/","title":{"rendered":"Ceas SEIKO CONCEPTUAL REGULAR DIAMOND SUR603P1"},"content":{"rendered":"<p>Ceasul de dam\u0103 SEIKO DIAMOND este completarea perfect\u0103 a \u021binutei dvs. elegante.<\/p>\n<p>Acesta este caracterizat de o form\u0103 clar\u0103 a carcasei.<\/p>\n<p>Indicii cu diamante adaug\u0103 o not\u0103 glamour.<\/p>\n<p>Ceasul elegant are cadran din nuc\u0103 de perle \u0219i cristal de safir.<\/p>","protected":false},"excerpt":{"rendered":"<p>Ceasul de dam\u0103 SEIKO DIAMOND este completarea perfect\u0103 a \u021binutei dvs. elegante. Acesta este caracterizat de o form\u0103 clar\u0103 a carcasei. Indicii cu diamante adaug\u0103 o not\u0103 glamour. Ceasul elegant are cadran din nuc\u0103 de perle \u0219i cristal de safir.<\/p>","protected":false},"featured_media":58972,"comment_status":"closed","ping_status":"open","template":"","meta":{"_acf_changed":false},"product_brand":[],"product_cat":[25,588],"product_tag":[],"class_list":{"0":"post-58971","1":"product","2":"type-product","3":"status-publish","4":"has-post-thumbnail","6":"product_cat-ceasuri-dama","7":"product_cat-seiko","8":"pa_brand-seiko","9":"pa_braslet-otel-inoxidabil","10":"pa_corpus-34-mm","11":"pa_decor-diamante","12":"pa_forma-rotund","13":"pa_funcii-data","14":"pa_garatia-24-luni","15":"pa_korpus-argintiu","16":"pa_kvarc-quartz","17":"pa_material-otel-inoxidabil","18":"pa_mehanizm-quartz","19":"pa_remeshok-argintiu","20":"pa_steklo-cristal-safir","21":"pa_strana-japonia","22":"pa_voda-10-atm","24":"first","25":"instock","26":"purchasable","27":"product-type-simple"},"acf":[],"_links":{"self":[{"href":"https:\/\/ceasuri.md\/ru\/wp-json\/wp\/v2\/product\/58971","targetHints":{"allow":["GET"]}}],"collection":[{"href":"https:\/\/ceasuri.md\/ru\/wp-json\/wp\/v2\/product"}],"about":[{"href":"https:\/\/ceasuri.md\/ru\/wp-json\/wp\/v2\/types\/product"}],"replies":[{"embeddable":true,"href":"https:\/\/ceasuri.md\/ru\/wp-json\/wp\/v2\/comments?post=58971"}],"wp:featuredmedia":[{"embeddable":true,"href":"https:\/\/ceasuri.md\/ru\/wp-json\/wp\/v2\/media\/58972"}],"wp:attachment":[{"href":"https:\/\/ceasuri.md\/ru\/wp-json\/wp\/v2\/media?parent=58971"}],"wp:term":[{"taxonomy":"product_brand","embeddable":true,"href":"https:\/\/ceasuri.md\/ru\/wp-json\/wp\/v2\/product_brand?post=58971"},{"taxonomy":"product_cat","embeddable":true,"href":"https:\/\/ceasuri.md\/ru\/wp-json\/wp\/v2\/product_cat?post=58971"},{"taxonomy":"product_tag","embeddable":true,"href":"https:\/\/ceasuri.md\/ru\/wp-json\/wp\/v2\/product_tag?post=58971"}],"curies":[{"name":"wp","href":"https:\/\/api.w.org\/{rel}","templated":true}]}}