{"id":58959,"date":"2026-04-03T00:56:57","date_gmt":"2026-04-02T21:56:57","guid":{"rendered":"http:\/\/new.ceasuri.md\/shop\/uncategorized\/seiko-prospex-sur607j1\/"},"modified":"2026-04-15T21:10:32","modified_gmt":"2026-04-15T18:10:32","slug":"seiko-prospex-sur607j1","status":"publish","type":"product","link":"https:\/\/ceasuri.md\/ru\/shop\/branduri\/seiko\/seiko-prospex-sur607j1\/","title":{"rendered":"Ceas SEIKO PROSPEX SUR607J1"},"content":{"rendered":"<p>Acesta este unul dintre cele trei modele Prospex concepute pentru a combina elegan\u021ba cu func\u021bionalitatea robust\u0103 \u0219i fiabil\u0103 necesar\u0103 pentru sporturile marine active.<\/p>\n<p>Sub un cristal de safir, cadranul albastru deschis din nuc\u0103 de perle are m\u00e2ini \u0219i indici acoperi\u021bi cu Lumibrite pentru o vizibilitate sporit\u0103 chiar \u0219i \u00een condi\u021bii de lumin\u0103 slab\u0103.<\/p>\n<p>Realizat \u00eentr-o carcas\u0103 compact\u0103 de 34 mm, acest ceas micu\u021b onfer\u0103 un stil clasic &#8211; fie c\u0103 face\u021bi bodyboarding sau v\u0103 relaxa\u021bi la barul de pe plaj\u0103. Br\u0103\u021bara sub\u021bire c are o lungime scurt\u0103 a pasului, special conceput\u0103 pentru a se potrivi confortabil pe \u00eencheietura m\u00e2inii.<\/p>\n<p>Ceasul este alimentat de calibrul cu cuar\u021b 6N01 dezvoltat in-house, care ofer\u0103 precizie \u00eentr-o carcas\u0103 de dimensiuni reduse, \u0219i este rezistent la ap\u0103 p\u00e2n\u0103 la 200 de metri.<\/p>\n<p>Prospex este o combina\u021bie a cuvintelor \u201eprofesional\u201d \u0219i \u201eperforman\u021b\u0103 tehnic\u0103\u201d. Ceasurile Seiko Prospex sunt concepute pentru a fi practice, fiabile \u0219i durabile; ele \u00eendeplinesc standardele \u00eenalte cerute \u00een condi\u021bii extreme de c\u0103tre pasiona\u021bii de sport \u0219i aventurieri.<\/p>","protected":false},"excerpt":{"rendered":"<p>Acesta este unul dintre cele trei modele Prospex concepute pentru a combina elegan\u021ba cu func\u021bionalitatea robust\u0103 \u0219i fiabil\u0103 necesar\u0103 pentru sporturile marine active. Sub un cristal de safir, cadranul albastru deschis din nuc\u0103 de perle are m\u00e2ini \u0219i indici acoperi\u021bi cu Lumibrite pentru o vizibilitate sporit\u0103 chiar \u0219i \u00een condi\u021bii de lumin\u0103 slab\u0103. Realizat \u00eentr-o [&hellip;]<\/p>\n","protected":false},"featured_media":58960,"comment_status":"closed","ping_status":"open","template":"","meta":{"_acf_changed":false},"product_brand":[],"product_cat":[25,588],"product_tag":[],"class_list":{"0":"post-58959","1":"product","2":"type-product","3":"status-publish","4":"has-post-thumbnail","6":"product_cat-ceasuri-dama","7":"product_cat-seiko","8":"pa_brand-seiko","9":"pa_braslet-otel-inoxidabil","10":"pa_corpus-34-mm","11":"pa_forma-rotund","12":"pa_garatia-24-luni","13":"pa_korpus-argintiu","14":"pa_kvarc-quartz","15":"pa_material-otel-inoxidabil","16":"pa_mehanizm-quartz","17":"pa_remeshok-argintiu","18":"pa_steklo-cristal-safir","19":"pa_strana-japonia","20":"pa_voda-20-atm","22":"first","23":"instock","24":"purchasable","25":"product-type-simple"},"acf":[],"_links":{"self":[{"href":"https:\/\/ceasuri.md\/ru\/wp-json\/wp\/v2\/product\/58959","targetHints":{"allow":["GET"]}}],"collection":[{"href":"https:\/\/ceasuri.md\/ru\/wp-json\/wp\/v2\/product"}],"about":[{"href":"https:\/\/ceasuri.md\/ru\/wp-json\/wp\/v2\/types\/product"}],"replies":[{"embeddable":true,"href":"https:\/\/ceasuri.md\/ru\/wp-json\/wp\/v2\/comments?post=58959"}],"wp:featuredmedia":[{"embeddable":true,"href":"https:\/\/ceasuri.md\/ru\/wp-json\/wp\/v2\/media\/58960"}],"wp:attachment":[{"href":"https:\/\/ceasuri.md\/ru\/wp-json\/wp\/v2\/media?parent=58959"}],"wp:term":[{"taxonomy":"product_brand","embeddable":true,"href":"https:\/\/ceasuri.md\/ru\/wp-json\/wp\/v2\/product_brand?post=58959"},{"taxonomy":"product_cat","embeddable":true,"href":"https:\/\/ceasuri.md\/ru\/wp-json\/wp\/v2\/product_cat?post=58959"},{"taxonomy":"product_tag","embeddable":true,"href":"https:\/\/ceasuri.md\/ru\/wp-json\/wp\/v2\/product_tag?post=58959"}],"curies":[{"name":"wp","href":"https:\/\/api.w.org\/{rel}","templated":true}]}}