{"id":58940,"date":"2026-04-03T00:56:01","date_gmt":"2026-04-02T21:56:01","guid":{"rendered":"http:\/\/new.ceasuri.md\/shop\/uncategorized\/seiko-classic-swr090p1\/"},"modified":"2026-04-17T15:18:47","modified_gmt":"2026-04-17T12:18:47","slug":"seiko-classic-swr090p1","status":"publish","type":"product","link":"https:\/\/ceasuri.md\/ru\/shop\/branduri\/seiko\/seiko-classic-swr090p1\/","title":{"rendered":"Ceas SEIKO CLASSIC SWR090P1"},"content":{"rendered":"<p>Colec\u021bia Seiko Classic cuprinde modele proiectate \u0219i realizate \u00een tradi\u021bia orologeriei.<\/p>\n<p>Ele sunt o expresie a combina\u021biei reu\u0219ite dintre designul rafinat al carcasei \u0219i tehnologia avansat\u0103 a calibrului.<\/p>\n<p>Aceste ceasuri nu necesit\u0103 lux ostentativ pentru a ar\u0103ta spectaculos la \u00eencheietura m\u00e2inii, sunt elegante, dar accesibile.<\/p>","protected":false},"excerpt":{"rendered":"<p>Colec\u021bia Seiko Classic cuprinde modele proiectate \u0219i realizate \u00een tradi\u021bia orologeriei. Ele sunt o expresie a combina\u021biei reu\u0219ite dintre designul rafinat al carcasei \u0219i tehnologia avansat\u0103 a calibrului. Aceste ceasuri nu necesit\u0103 lux ostentativ pentru a ar\u0103ta spectaculos la \u00eencheietura m\u00e2inii, sunt elegante, dar accesibile.<\/p>","protected":false},"featured_media":58941,"comment_status":"closed","ping_status":"open","template":"","meta":{"_acf_changed":false},"product_brand":[],"product_cat":[25,588],"product_tag":[],"class_list":{"0":"post-58940","1":"product","2":"type-product","3":"status-publish","4":"has-post-thumbnail","6":"product_cat-ceasuri-dama","7":"product_cat-seiko","8":"pa_brand-seiko","9":"pa_braslet-piele","10":"pa_corpus-26-mm","11":"pa_forma-patrat","12":"pa_garatia-24-luni","13":"pa_korpus-auriu","14":"pa_kvarc-quartz","15":"pa_material-otel-inoxidabil","16":"pa_mehanizm-quartz","17":"pa_remeshok-gri","18":"pa_steklo-hardlex-crystal","19":"pa_strana-japonia","20":"pa_voda-5-atm","22":"first","23":"instock","24":"purchasable","25":"product-type-simple"},"acf":[],"_links":{"self":[{"href":"https:\/\/ceasuri.md\/ru\/wp-json\/wp\/v2\/product\/58940","targetHints":{"allow":["GET"]}}],"collection":[{"href":"https:\/\/ceasuri.md\/ru\/wp-json\/wp\/v2\/product"}],"about":[{"href":"https:\/\/ceasuri.md\/ru\/wp-json\/wp\/v2\/types\/product"}],"replies":[{"embeddable":true,"href":"https:\/\/ceasuri.md\/ru\/wp-json\/wp\/v2\/comments?post=58940"}],"wp:featuredmedia":[{"embeddable":true,"href":"https:\/\/ceasuri.md\/ru\/wp-json\/wp\/v2\/media\/58941"}],"wp:attachment":[{"href":"https:\/\/ceasuri.md\/ru\/wp-json\/wp\/v2\/media?parent=58940"}],"wp:term":[{"taxonomy":"product_brand","embeddable":true,"href":"https:\/\/ceasuri.md\/ru\/wp-json\/wp\/v2\/product_brand?post=58940"},{"taxonomy":"product_cat","embeddable":true,"href":"https:\/\/ceasuri.md\/ru\/wp-json\/wp\/v2\/product_cat?post=58940"},{"taxonomy":"product_tag","embeddable":true,"href":"https:\/\/ceasuri.md\/ru\/wp-json\/wp\/v2\/product_tag?post=58940"}],"curies":[{"name":"wp","href":"https:\/\/api.w.org\/{rel}","templated":true}]}}