{"id":58935,"date":"2026-04-03T00:56:01","date_gmt":"2026-04-02T21:56:01","guid":{"rendered":"http:\/\/new.ceasuri.md\/shop\/uncategorized\/seiko-classic-swr091p1\/"},"modified":"2026-04-20T01:50:23","modified_gmt":"2026-04-19T22:50:23","slug":"seiko-classic-swr091p1","status":"publish","type":"product","link":"https:\/\/ceasuri.md\/ru\/shop\/branduri\/seiko\/seiko-classic-swr091p1\/","title":{"rendered":"\u0427\u0430\u0441\u044b SEIKO CLASSIC SWR091P1"},"content":{"rendered":"<p>Descoperi\u021bi acest ceas de dam\u0103 cu cuar\u021b din o\u021bel inoxidabil cu 34 de cristale pe luneta \u0219i o coroan\u0103 cabochon albastr\u0103 frumoas\u0103.<\/p>\n<p>Ceasul are o carcas\u0103 elegant\u0103 \u0219i un cadran mat cu raze de soare \u0219i cifre romane.<\/p>\n<p>Cadranul este protejat de sticl\u0103 Hardlex.<\/p>\n<p>Rezistent la ap\u0103 p\u00e2n\u0103 la 3 bar.<\/p>","protected":false},"excerpt":{"rendered":"<p>Descoperi\u021bi acest ceas de dam\u0103 cu cuar\u021b din o\u021bel inoxidabil cu 34 de cristale pe luneta \u0219i o coroan\u0103 cabochon albastr\u0103 frumoas\u0103. Ceasul are o carcas\u0103 elegant\u0103 \u0219i un cadran mat cu raze de soare \u0219i cifre romane. Cadranul este protejat de sticl\u0103 Hardlex. Rezistent la ap\u0103 p\u00e2n\u0103 la 3 bar.<\/p>","protected":false},"featured_media":58936,"comment_status":"closed","ping_status":"open","template":"","meta":{"_acf_changed":false},"product_brand":[],"product_cat":[25,588],"product_tag":[],"class_list":{"0":"post-58935","1":"product","2":"type-product","3":"status-publish","4":"has-post-thumbnail","6":"product_cat-ceasuri-dama","7":"product_cat-seiko","8":"pa_brand-seiko","9":"pa_braslet-otel-inoxidabil","10":"pa_corpus-23-mm","11":"pa_decor-cristale-swarowski","12":"pa_forma-dreptunghiular","13":"pa_garatia-24-luni","14":"pa_korpus-argintiu","15":"pa_kvarc-quartz","16":"pa_material-otel-inoxidabil","17":"pa_mehanizm-quartz","18":"pa_remeshok-argintiu","19":"pa_steklo-hardlex-crystal","20":"pa_strana-japonia","21":"pa_voda-3-atm","23":"first","24":"instock","25":"purchasable","26":"product-type-simple"},"acf":[],"_links":{"self":[{"href":"https:\/\/ceasuri.md\/ru\/wp-json\/wp\/v2\/product\/58935","targetHints":{"allow":["GET"]}}],"collection":[{"href":"https:\/\/ceasuri.md\/ru\/wp-json\/wp\/v2\/product"}],"about":[{"href":"https:\/\/ceasuri.md\/ru\/wp-json\/wp\/v2\/types\/product"}],"replies":[{"embeddable":true,"href":"https:\/\/ceasuri.md\/ru\/wp-json\/wp\/v2\/comments?post=58935"}],"wp:featuredmedia":[{"embeddable":true,"href":"https:\/\/ceasuri.md\/ru\/wp-json\/wp\/v2\/media\/58936"}],"wp:attachment":[{"href":"https:\/\/ceasuri.md\/ru\/wp-json\/wp\/v2\/media?parent=58935"}],"wp:term":[{"taxonomy":"product_brand","embeddable":true,"href":"https:\/\/ceasuri.md\/ru\/wp-json\/wp\/v2\/product_brand?post=58935"},{"taxonomy":"product_cat","embeddable":true,"href":"https:\/\/ceasuri.md\/ru\/wp-json\/wp\/v2\/product_cat?post=58935"},{"taxonomy":"product_tag","embeddable":true,"href":"https:\/\/ceasuri.md\/ru\/wp-json\/wp\/v2\/product_tag?post=58935"}],"curies":[{"name":"wp","href":"https:\/\/api.w.org\/{rel}","templated":true}]}}