{"id":58928,"date":"2026-04-03T00:56:01","date_gmt":"2026-04-02T21:56:01","guid":{"rendered":"http:\/\/new.ceasuri.md\/shop\/uncategorized\/casio-collection-aq-s820w-3bvef\/"},"modified":"2026-04-20T01:50:24","modified_gmt":"2026-04-19T22:50:24","slug":"casio-collection-aq-s820w-3bvef","status":"publish","type":"product","link":"https:\/\/ceasuri.md\/ru\/shop\/branduri\/casio\/casio-collection-aq-s820w-3bvef\/","title":{"rendered":"\u0427\u0430\u0441\u044b CASIO COLLECTION AQ-S820W-3BVEF"},"content":{"rendered":"<p>Acest ceas iconic este alimentat de energia fiabil\u0103 Tough Solar.<\/p>\n<p>Carcasa \u0219i br\u0103\u021bara sa sunt fabricate din poliresin\u0103 durabil\u0103. Ceasul are 50,1 mm \u00een diametru \u0219i 12,7 mm \u00een \u00een\u0103l\u021bime.<\/p>\n<p>A\u0219a cum este tipic pentru Casio, pe l\u00e2ng\u0103 afi\u0219area orei, ceasul are numeroase func\u021bii convenabile, cum ar fi cronometre, un cronometru, 5 alarme zilnice \u0219i o func\u021bie de ora mondial\u0103.<\/p>\n<p>Rezisten\u021ba la ap\u0103 de 10ATM\/100m aduce, de asemenea, fiabilitate \u00een via\u021ba de zi cu zi.<\/p>\n<p>Mi\u0219carea este alimentat\u0103 de lumin\u0103 \u0219i func\u021bioneaz\u0103 de la orice surs\u0103 de lumin\u0103, ceea ce economise\u0219te timp \u0219i bani, deoarece nu este nevoie s\u0103 schimba\u021bi bateria. Indicatorul de \u00eenc\u0103rcare al ceasului arat\u0103 nivelul actual de \u00eenc\u0103rcare a bateriei.<\/p>","protected":false},"excerpt":{"rendered":"<p>Acest ceas iconic este alimentat de energia fiabil\u0103 Tough Solar. Carcasa \u0219i br\u0103\u021bara sa sunt fabricate din poliresin\u0103 durabil\u0103. Ceasul are 50,1 mm \u00een diametru \u0219i 12,7 mm \u00een \u00een\u0103l\u021bime. A\u0219a cum este tipic pentru Casio, pe l\u00e2ng\u0103 afi\u0219area orei, ceasul are numeroase func\u021bii convenabile, cum ar fi cronometre, un cronometru, 5 alarme zilnice \u0219i [&hellip;]<\/p>\n","protected":false},"featured_media":58929,"comment_status":"closed","ping_status":"open","template":"","meta":{"_acf_changed":false},"product_brand":[],"product_cat":[27,20],"product_tag":[],"class_list":{"0":"post-58928","1":"product","2":"type-product","3":"status-publish","4":"has-post-thumbnail","6":"product_cat-casio","7":"product_cat-ceasuri-barbati","8":"pa_brand-casio","9":"pa_braslet-plastic","10":"pa_corpus-50-mm","11":"pa_forma-rotund","12":"pa_funcii-alarma","13":"pa_funcii-calendar","14":"pa_funcii-cronometru","15":"pa_funcii-dual-time","16":"pa_funcii-iluminare","17":"pa_funcii-rezerva-de-energie","18":"pa_funcii-timp-mondial","19":"pa_garatia-24-luni","20":"pa_korpus-verde","21":"pa_kvarc-quartz","22":"pa_material-plastic","23":"pa_mehanizm-baterie-solara","24":"pa_mehanizm-electronic","25":"pa_mehanizm-quartz","26":"pa_remeshok-verde","27":"pa_steklo-plastic","28":"pa_strana-japonia","29":"pa_voda-10-atm","31":"first","32":"instock","33":"purchasable","34":"product-type-simple"},"acf":[],"_links":{"self":[{"href":"https:\/\/ceasuri.md\/ru\/wp-json\/wp\/v2\/product\/58928","targetHints":{"allow":["GET"]}}],"collection":[{"href":"https:\/\/ceasuri.md\/ru\/wp-json\/wp\/v2\/product"}],"about":[{"href":"https:\/\/ceasuri.md\/ru\/wp-json\/wp\/v2\/types\/product"}],"replies":[{"embeddable":true,"href":"https:\/\/ceasuri.md\/ru\/wp-json\/wp\/v2\/comments?post=58928"}],"wp:featuredmedia":[{"embeddable":true,"href":"https:\/\/ceasuri.md\/ru\/wp-json\/wp\/v2\/media\/58929"}],"wp:attachment":[{"href":"https:\/\/ceasuri.md\/ru\/wp-json\/wp\/v2\/media?parent=58928"}],"wp:term":[{"taxonomy":"product_brand","embeddable":true,"href":"https:\/\/ceasuri.md\/ru\/wp-json\/wp\/v2\/product_brand?post=58928"},{"taxonomy":"product_cat","embeddable":true,"href":"https:\/\/ceasuri.md\/ru\/wp-json\/wp\/v2\/product_cat?post=58928"},{"taxonomy":"product_tag","embeddable":true,"href":"https:\/\/ceasuri.md\/ru\/wp-json\/wp\/v2\/product_tag?post=58928"}],"curies":[{"name":"wp","href":"https:\/\/api.w.org\/{rel}","templated":true}]}}