{"id":58919,"date":"2026-04-03T00:56:01","date_gmt":"2026-04-02T21:56:01","guid":{"rendered":"http:\/\/new.ceasuri.md\/shop\/uncategorized\/casio-baby-g-bga-10-6aer\/"},"modified":"2026-04-20T01:50:26","modified_gmt":"2026-04-19T22:50:26","slug":"casio-baby-g-bga-10-6aer","status":"publish","type":"product","link":"https:\/\/ceasuri.md\/ru\/shop\/branduri\/casio\/casio-baby-g-bga-10-6aer\/","title":{"rendered":"Ceas CASIO BABY-G BGA-10-6AER"},"content":{"rendered":"<p>Designul capricios \u0219i dinamic al fe\u021bei aduce automat ceva nou \u00een fiecare zi. Culorile care ies prin cele patru deschideri \u00een form\u0103 de inim\u0103, care se schimb\u0103 pe m\u0103sur\u0103 ce roata de culori de sub cadran se rote\u0219te zilnic, \u0219i afi\u0219ajul colorat al datei aduc o not\u0103 de distrac\u021bie \u00een via\u021ba de zi cu zi. De asemenea, pute\u021bi schimba oric\u00e2nd culorile prin rotirea coroanei, \u00een func\u021bie de starea dvs. de spirit.<\/p>\n<p>Cifrele arabe rotunjite, \u00een relief, pentru o citire u\u0219oar\u0103 \u0219i o m\u00e2n\u0103 pentru secunde \u00een form\u0103 de s\u0103geat\u0103 a lui Cupidon care str\u0103punge inimile &#8211; aceste elemente de design exclusiv BABY-G aduc \u0219i mai mult farmec \u0219i fantezie acestui ceas analogic adorabil.<\/p>\n<p>Luneta deta\u0219abil\u0103 este total rezistent\u0103, dar u\u0219or de utilizat. Cu un finisaj mat, acesta las\u0103 s\u0103 str\u0103luceasc\u0103 designul cadranului cu tematic\u0103 de inim\u0103, protej\u00e2nd \u00een acela\u0219i timp sticla \u0219i coroana ceasului pentru a rezista momentelor active din via\u021ba ta de zi cu zi. De asemenea, luneta poate fi \u00eendep\u0103rtat\u0103 cu u\u0219urin\u021b\u0103 f\u0103r\u0103 unelte speciale, astfel \u00eenc\u00e2t s\u0103 pute\u021bi accesa coroana pentru a schimba manual ora, data sau combina\u021bia de culori. Descoperi\u021bi chiar \u0219i un detaliu de design fermec\u0103tor ascuns &#8211; motivul inimii de pe partea lateral\u0103 a carcasei &#8211; dezv\u0103luit doar atunci c\u00e2nd luneta este scoas\u0103!<\/p>\n<p>Mai mult dec\u00e2t fermec\u0103tor \u0219i plin de culoare, acest ceas ofer\u0103 \u0219i func\u021bii &#8211; cu o construc\u021bie rezistent\u0103 la \u0219ocuri, rezisten\u021b\u0103 la ap\u0103 p\u00e2n\u0103 la 100 de metri, toate pentru a \u021bine pasul cu aventurile vie\u021bii tale.<\/p>","protected":false},"excerpt":{"rendered":"<p>Designul capricios \u0219i dinamic al fe\u021bei aduce automat ceva nou \u00een fiecare zi. Culorile care ies prin cele patru deschideri \u00een form\u0103 de inim\u0103, care se schimb\u0103 pe m\u0103sur\u0103 ce roata de culori de sub cadran se rote\u0219te zilnic, \u0219i afi\u0219ajul colorat al datei aduc o not\u0103 de distrac\u021bie \u00een via\u021ba de zi cu zi. [&hellip;]<\/p>\n","protected":false},"featured_media":58920,"comment_status":"closed","ping_status":"open","template":"","meta":{"_acf_changed":false},"product_brand":[],"product_cat":[27,25,565],"product_tag":[],"class_list":{"0":"post-58919","1":"product","2":"type-product","3":"status-publish","4":"has-post-thumbnail","6":"product_cat-casio","7":"product_cat-ceasuri-dama","8":"product_cat-pentru-fete","9":"pa_brand-casio","10":"pa_braslet-plastic","11":"pa_corpus-42-mm","12":"pa_forma-rotund","13":"pa_funcii-data","14":"pa_garatia-24-luni","15":"pa_korpus-albastru","16":"pa_kvarc-quartz","17":"pa_material-plastic","18":"pa_mehanizm-quartz","19":"pa_remeshok-albastru","20":"pa_steklo-cristal-mineral","21":"pa_strana-japonia","22":"pa_voda-10-atm","24":"first","25":"instock","26":"purchasable","27":"product-type-simple"},"acf":[],"_links":{"self":[{"href":"https:\/\/ceasuri.md\/ru\/wp-json\/wp\/v2\/product\/58919","targetHints":{"allow":["GET"]}}],"collection":[{"href":"https:\/\/ceasuri.md\/ru\/wp-json\/wp\/v2\/product"}],"about":[{"href":"https:\/\/ceasuri.md\/ru\/wp-json\/wp\/v2\/types\/product"}],"replies":[{"embeddable":true,"href":"https:\/\/ceasuri.md\/ru\/wp-json\/wp\/v2\/comments?post=58919"}],"wp:featuredmedia":[{"embeddable":true,"href":"https:\/\/ceasuri.md\/ru\/wp-json\/wp\/v2\/media\/58920"}],"wp:attachment":[{"href":"https:\/\/ceasuri.md\/ru\/wp-json\/wp\/v2\/media?parent=58919"}],"wp:term":[{"taxonomy":"product_brand","embeddable":true,"href":"https:\/\/ceasuri.md\/ru\/wp-json\/wp\/v2\/product_brand?post=58919"},{"taxonomy":"product_cat","embeddable":true,"href":"https:\/\/ceasuri.md\/ru\/wp-json\/wp\/v2\/product_cat?post=58919"},{"taxonomy":"product_tag","embeddable":true,"href":"https:\/\/ceasuri.md\/ru\/wp-json\/wp\/v2\/product_tag?post=58919"}],"curies":[{"name":"wp","href":"https:\/\/api.w.org\/{rel}","templated":true}]}}