{"id":58909,"date":"2026-04-03T00:56:01","date_gmt":"2026-04-02T21:56:01","guid":{"rendered":"http:\/\/new.ceasuri.md\/shop\/uncategorized\/casio-baby-g-bgd-565gc-2er\/"},"modified":"2026-04-20T01:50:27","modified_gmt":"2026-04-19T22:50:27","slug":"casio-baby-g-bgd-565gc-2er","status":"publish","type":"product","link":"https:\/\/ceasuri.md\/ru\/shop\/branduri\/casio\/casio-baby-g-bgd-565gc-2er\/","title":{"rendered":"Ceas CASIO BABY-G BGD-565GC-2ER"},"content":{"rendered":"<p>Deveni\u021bi radiant cu acest ceas compact cu un luneta \u0219i o curea translucide.<\/p>\n<p>P\u0103str\u00e2nd stilul angular al modelului BGD-565, ceasul a primit noi culori translucide \u0219i un cadran str\u0103lucitor pentru un plus de lux.<\/p>\n<p>Mai mult dec\u00e2t un accesoriu str\u0103lucitor, acest ceas este, de asemenea, rezistent la \u0219ocuri. Acesta are un afi\u0219aj digital cu iluminare de fundal SUPER LED pentru o lizibilitate excelent\u0103 \u00een orice condi\u021bii. Carcasa este realizat\u0103 din material polimeric, care confer\u0103 ceasului un aspect unic \u0219i modern.<\/p>\n<p>Rezistent la ap\u0103 p\u00e2n\u0103 la 100 de metri. Format ora 12\/24. Afi\u0219aj lun\u0103, zi \u0219i dat\u0103. Cronometru.<\/p>\n<p>Pute\u021bi fi siguri c\u0103 acest ceas este potrivit pentru un stil de via\u021b\u0103 activ.<\/p>","protected":false},"excerpt":{"rendered":"<p>Deveni\u021bi radiant cu acest ceas compact cu un luneta \u0219i o curea translucide. P\u0103str\u00e2nd stilul angular al modelului BGD-565, ceasul a primit noi culori translucide \u0219i un cadran str\u0103lucitor pentru un plus de lux. Mai mult dec\u00e2t un accesoriu str\u0103lucitor, acest ceas este, de asemenea, rezistent la \u0219ocuri. Acesta are un afi\u0219aj digital cu iluminare [&hellip;]<\/p>\n","protected":false},"featured_media":58910,"comment_status":"closed","ping_status":"open","template":"","meta":{"_acf_changed":false},"product_brand":[],"product_cat":[27,25,565],"product_tag":[],"class_list":{"0":"post-58909","1":"product","2":"type-product","3":"status-publish","4":"has-post-thumbnail","6":"product_cat-casio","7":"product_cat-ceasuri-dama","8":"product_cat-pentru-fete","9":"pa_brand-casio","10":"pa_braslet-plastic","11":"pa_corpus-38x42mm","12":"pa_forma-octogonala","13":"pa_funcii-alarma","14":"pa_funcii-calendar","15":"pa_funcii-cronometru","16":"pa_funcii-iluminare","17":"pa_garatia-24-luni","18":"pa_korpus-transparent","19":"pa_kvarc-quartz","20":"pa_material-plastic","21":"pa_mehanizm-electronic","22":"pa_remeshok-albastru","23":"pa_remeshok-transparent","24":"pa_steklo-cristal-mineral","25":"pa_strana-japonia","26":"pa_voda-10-atm","28":"first","29":"instock","30":"purchasable","31":"product-type-simple"},"acf":[],"_links":{"self":[{"href":"https:\/\/ceasuri.md\/ru\/wp-json\/wp\/v2\/product\/58909","targetHints":{"allow":["GET"]}}],"collection":[{"href":"https:\/\/ceasuri.md\/ru\/wp-json\/wp\/v2\/product"}],"about":[{"href":"https:\/\/ceasuri.md\/ru\/wp-json\/wp\/v2\/types\/product"}],"replies":[{"embeddable":true,"href":"https:\/\/ceasuri.md\/ru\/wp-json\/wp\/v2\/comments?post=58909"}],"wp:featuredmedia":[{"embeddable":true,"href":"https:\/\/ceasuri.md\/ru\/wp-json\/wp\/v2\/media\/58910"}],"wp:attachment":[{"href":"https:\/\/ceasuri.md\/ru\/wp-json\/wp\/v2\/media?parent=58909"}],"wp:term":[{"taxonomy":"product_brand","embeddable":true,"href":"https:\/\/ceasuri.md\/ru\/wp-json\/wp\/v2\/product_brand?post=58909"},{"taxonomy":"product_cat","embeddable":true,"href":"https:\/\/ceasuri.md\/ru\/wp-json\/wp\/v2\/product_cat?post=58909"},{"taxonomy":"product_tag","embeddable":true,"href":"https:\/\/ceasuri.md\/ru\/wp-json\/wp\/v2\/product_tag?post=58909"}],"curies":[{"name":"wp","href":"https:\/\/api.w.org\/{rel}","templated":true}]}}