{"id":58895,"date":"2026-04-03T00:56:01","date_gmt":"2026-04-02T21:56:01","guid":{"rendered":"http:\/\/new.ceasuri.md\/shop\/uncategorized\/casio-g-shock-dw-5600bbr-1er\/"},"modified":"2026-04-07T05:03:05","modified_gmt":"2026-04-07T02:03:05","slug":"casio-g-shock-dw-5600bbr-1er","status":"publish","type":"product","link":"https:\/\/ceasuri.md\/ru\/shop\/branduri\/casio\/casio-g-shock-dw-5600bbr-1er\/","title":{"rendered":"Ceas CASIO G-SHOCK DW-5600BBR-1ER"},"content":{"rendered":"<p>Ie\u0219i\u021bi \u00een fa\u021b\u0103 cu \u00eendr\u0103zneal\u0103, hot\u0103r\u00e2re \u0219i energie cu colec\u021bia Black and Red G-SHOCK.<\/p>\n<p>Culoarea ro\u0219ie aprins\u0103 \u0219i bogat\u0103 a ecranului LCD iese \u00een eviden\u021b\u0103 fa\u021b\u0103 de luneta \u0219i cureaua negre, nu numai c\u0103 spore\u0219te vizibilitatea, dar \u0219i \u00eempinge limitele designului \u00eendr\u0103zne\u021b.<\/p>\n<p>\u00cen timp ce designul este minimal, setul de caracteristici r\u0103m\u00e2ne neschimbat. Ceasul ofer\u0103 durabilitatea standard G-Shock, rezisten\u021b\u0103 la \u0219ocuri, rezisten\u021b\u0103 la ap\u0103 de 200 de metri \u0219i o alarm\u0103 multifunc\u021bional\u0103.<\/p>\n<p>Ecranul are o lumin\u0103 de fundal Super LED pentru o mai bun\u0103 citire pe timp de noapte.<\/p>\n<p>Cureaua este din r\u0103\u0219in\u0103 bio, \u00een conformitate cu recentul impuls al Casio pentru materiale ecologice.<\/p>\n<p>Specifica\u021biile includ un cronometru de 1\/100 de secund\u0103, o num\u0103r\u0103toare invers\u0103 \u0219i o baterie de cinci ani. Afi\u0219ajul poate comuta \u00eentre formatele de 12 \u0219i 24 de ore \u0219i exist\u0103, de asemenea, un calendar automat.<\/p>\n<p>Face\u021bi o declara\u021bie \u00eentr-o culoare neagr\u0103 unic\u0103 cu o atingere de ro\u0219u \u00eendr\u0103zne\u021b.<\/p>","protected":false},"excerpt":{"rendered":"<p>Ie\u0219i\u021bi \u00een fa\u021b\u0103 cu \u00eendr\u0103zneal\u0103, hot\u0103r\u00e2re \u0219i energie cu colec\u021bia Black and Red G-SHOCK. Culoarea ro\u0219ie aprins\u0103 \u0219i bogat\u0103 a ecranului LCD iese \u00een eviden\u021b\u0103 fa\u021b\u0103 de luneta \u0219i cureaua negre, nu numai c\u0103 spore\u0219te vizibilitatea, dar \u0219i \u00eempinge limitele designului \u00eendr\u0103zne\u021b. \u00cen timp ce designul este minimal, setul de caracteristici r\u0103m\u00e2ne neschimbat. Ceasul ofer\u0103 [&hellip;]<\/p>\n","protected":false},"featured_media":58896,"comment_status":"closed","ping_status":"open","template":"","meta":{"_acf_changed":false},"product_brand":[],"product_cat":[27,20,419],"product_tag":[],"class_list":{"0":"post-58895","1":"product","2":"type-product","3":"status-publish","4":"has-post-thumbnail","6":"product_cat-casio","7":"product_cat-ceasuri-barbati","8":"product_cat-g-shock","9":"pa_brand-casio","10":"pa_brand-g-shock","11":"pa_braslet-plastic","12":"pa_corpus-43x49mm","13":"pa_forma-octogonala","14":"pa_funcii-alarma","15":"pa_funcii-calendar","16":"pa_funcii-cronometru","17":"pa_funcii-iluminare","18":"pa_garatia-24-luni","19":"pa_korpus-negru","20":"pa_material-plastic","21":"pa_mehanizm-electronic","22":"pa_remeshok-negru","23":"pa_steklo-cristal-mineral","24":"pa_strana-japonia","25":"pa_voda-20-atm","27":"first","28":"instock","29":"purchasable","30":"product-type-simple"},"acf":[],"_links":{"self":[{"href":"https:\/\/ceasuri.md\/ru\/wp-json\/wp\/v2\/product\/58895","targetHints":{"allow":["GET"]}}],"collection":[{"href":"https:\/\/ceasuri.md\/ru\/wp-json\/wp\/v2\/product"}],"about":[{"href":"https:\/\/ceasuri.md\/ru\/wp-json\/wp\/v2\/types\/product"}],"replies":[{"embeddable":true,"href":"https:\/\/ceasuri.md\/ru\/wp-json\/wp\/v2\/comments?post=58895"}],"wp:featuredmedia":[{"embeddable":true,"href":"https:\/\/ceasuri.md\/ru\/wp-json\/wp\/v2\/media\/58896"}],"wp:attachment":[{"href":"https:\/\/ceasuri.md\/ru\/wp-json\/wp\/v2\/media?parent=58895"}],"wp:term":[{"taxonomy":"product_brand","embeddable":true,"href":"https:\/\/ceasuri.md\/ru\/wp-json\/wp\/v2\/product_brand?post=58895"},{"taxonomy":"product_cat","embeddable":true,"href":"https:\/\/ceasuri.md\/ru\/wp-json\/wp\/v2\/product_cat?post=58895"},{"taxonomy":"product_tag","embeddable":true,"href":"https:\/\/ceasuri.md\/ru\/wp-json\/wp\/v2\/product_tag?post=58895"}],"curies":[{"name":"wp","href":"https:\/\/api.w.org\/{rel}","templated":true}]}}