{"id":58891,"date":"2026-04-03T00:56:01","date_gmt":"2026-04-02T21:56:01","guid":{"rendered":"http:\/\/new.ceasuri.md\/shop\/uncategorized\/casio-edifice-efv-610el-5auef\/"},"modified":"2026-04-07T05:03:03","modified_gmt":"2026-04-07T02:03:03","slug":"casio-edifice-efv-610el-5auef","status":"publish","type":"product","link":"https:\/\/ceasuri.md\/ru\/shop\/branduri\/casio\/casio-edifice-efv-610el-5auef\/","title":{"rendered":"Ceas CASIO EDIFICE EFV-610EL-5AUEF"},"content":{"rendered":"<p>Accentua\u021bi-v\u0103 stilul cu acest cronograf sport modern EDIFICE de m\u0103rime medie.<\/p>\n<p>Un luneta sub\u021bire \u00eencadreaz\u0103 cadranul lat pentru o citire u\u0219oar\u0103, \u00een timp ce accentele vibrante de culoare aur roz creeaz\u0103 un aspect sofisticat.<\/p>\n<p>Acest ceas nu este doar frumuse\u021be sofisticat\u0103, ci \u0219i func\u021bionalitate cronometric\u0103 precis\u0103. Un cronometru precis la 1\/10 de secund\u0103 \u0219i rezisten\u021ba la ap\u0103 de 100 de metri \u00eel fac la fel de convenabil, fie c\u0103 sunte\u021bi la serviciu, studia\u021bi sau c\u0103l\u0103tori\u021bi.<\/p>\n<p>Acest cronograf elegant \u0219i practic de m\u0103rime medie v\u0103 va \u021bine preg\u0103tit pentru orice provocare.<\/p>","protected":false},"excerpt":{"rendered":"<p>Accentua\u021bi-v\u0103 stilul cu acest cronograf sport modern EDIFICE de m\u0103rime medie. Un luneta sub\u021bire \u00eencadreaz\u0103 cadranul lat pentru o citire u\u0219oar\u0103, \u00een timp ce accentele vibrante de culoare aur roz creeaz\u0103 un aspect sofisticat. Acest ceas nu este doar frumuse\u021be sofisticat\u0103, ci \u0219i func\u021bionalitate cronometric\u0103 precis\u0103. Un cronometru precis la 1\/10 de secund\u0103 \u0219i rezisten\u021ba [&hellip;]<\/p>\n","protected":false},"featured_media":58892,"comment_status":"closed","ping_status":"open","template":"","meta":{"_acf_changed":false},"product_brand":[],"product_cat":[27,20,536],"product_tag":[],"class_list":{"0":"post-58891","1":"product","2":"type-product","3":"status-publish","4":"has-post-thumbnail","6":"product_cat-casio","7":"product_cat-ceasuri-barbati","8":"product_cat-edifice","9":"pa_brand-casio","10":"pa_brand-edifice","11":"pa_braslet-piele","12":"pa_corpus-44-mm","13":"pa_forma-rotund","14":"pa_funcii-cronograf","15":"pa_funcii-data","16":"pa_garatia-24-luni","17":"pa_korpus-argintiu","18":"pa_material-otel-inoxidabil","19":"pa_mehanizm-quartz","20":"pa_remeshok-negru","21":"pa_steklo-cristal-mineral","22":"pa_strana-japonia","23":"pa_voda-10-atm","25":"first","26":"instock","27":"purchasable","28":"product-type-simple"},"acf":[],"_links":{"self":[{"href":"https:\/\/ceasuri.md\/ru\/wp-json\/wp\/v2\/product\/58891","targetHints":{"allow":["GET"]}}],"collection":[{"href":"https:\/\/ceasuri.md\/ru\/wp-json\/wp\/v2\/product"}],"about":[{"href":"https:\/\/ceasuri.md\/ru\/wp-json\/wp\/v2\/types\/product"}],"replies":[{"embeddable":true,"href":"https:\/\/ceasuri.md\/ru\/wp-json\/wp\/v2\/comments?post=58891"}],"wp:featuredmedia":[{"embeddable":true,"href":"https:\/\/ceasuri.md\/ru\/wp-json\/wp\/v2\/media\/58892"}],"wp:attachment":[{"href":"https:\/\/ceasuri.md\/ru\/wp-json\/wp\/v2\/media?parent=58891"}],"wp:term":[{"taxonomy":"product_brand","embeddable":true,"href":"https:\/\/ceasuri.md\/ru\/wp-json\/wp\/v2\/product_brand?post=58891"},{"taxonomy":"product_cat","embeddable":true,"href":"https:\/\/ceasuri.md\/ru\/wp-json\/wp\/v2\/product_cat?post=58891"},{"taxonomy":"product_tag","embeddable":true,"href":"https:\/\/ceasuri.md\/ru\/wp-json\/wp\/v2\/product_tag?post=58891"}],"curies":[{"name":"wp","href":"https:\/\/api.w.org\/{rel}","templated":true}]}}