{"id":58886,"date":"2026-04-03T00:56:01","date_gmt":"2026-04-02T21:56:01","guid":{"rendered":"http:\/\/new.ceasuri.md\/shop\/uncategorized\/casio-g-shock-ga-110hds-7aer\/"},"modified":"2026-04-20T01:50:31","modified_gmt":"2026-04-19T22:50:31","slug":"casio-g-shock-ga-110hds-7aer","status":"publish","type":"product","link":"https:\/\/ceasuri.md\/ru\/shop\/branduri\/casio\/casio-g-shock-ga-110hds-7aer\/","title":{"rendered":"\u0427\u0430\u0441\u044b CASIO G-SHOCK GA-110HDS-7AER"},"content":{"rendered":"<p>Las\u0103-te inspirat de marea de var\u0103 cu modelul G-SHOCK albastru \u0219i alb.<\/p>\n<p>Cadranul fosforescent al ceasului str\u0103luce\u0219te magic noaptea, amintind de str\u0103lucirea planctonului bioluminescent care \u00eenoat\u0103 \u00een mare. Combin\u00e2nd o schem\u0103 de culori alb \u0219i albastru, designul transmite transformarea dinamic\u0103 a plajei de la str\u0103lucirea soarelui din timpul zilei la nuan\u021bele bl\u00e2nde ale nop\u021bii.<\/p>\n<p>Acest ceas incredibil este fabricat din plastic \u00eentr-o elegant\u0103 culoare alb\u0103 mat\u0103 \u0219i este fortificat cu o sticl\u0103 mineral\u0103 durabil\u0103. Acestea sunt dotate cu func\u021bii suplimentare, inclusiv retroiluminare LED, 5 alarme zilnice \u0219i format de or\u0103 12\/24 ore.<\/p>\n<p>Rezisten\u021ba la ap\u0103 de 20 ATM v\u0103 permite s\u0103 \u00eenota\u021bi, s\u0103 pluti\u021bi \u0219i s\u0103 v\u0103 scufunda\u021bi \u00een corpuri de ap\u0103.<\/p>\n<p>Ceasul de inspira\u021bie nautic\u0103 trece cu u\u0219urin\u021b\u0103 de la mediul casual la cel de lucru.<\/p>","protected":false},"excerpt":{"rendered":"<p>Las\u0103-te inspirat de marea de var\u0103 cu modelul G-SHOCK albastru \u0219i alb. Cadranul fosforescent al ceasului str\u0103luce\u0219te magic noaptea, amintind de str\u0103lucirea planctonului bioluminescent care \u00eenoat\u0103 \u00een mare. Combin\u00e2nd o schem\u0103 de culori alb \u0219i albastru, designul transmite transformarea dinamic\u0103 a plajei de la str\u0103lucirea soarelui din timpul zilei la nuan\u021bele bl\u00e2nde ale nop\u021bii. Acest [&hellip;]<\/p>\n","protected":false},"featured_media":58887,"comment_status":"closed","ping_status":"open","template":"","meta":{"_acf_changed":false},"product_brand":[],"product_cat":[27,20,25,419],"product_tag":[],"class_list":{"0":"post-58886","1":"product","2":"type-product","3":"status-publish","4":"has-post-thumbnail","6":"product_cat-casio","7":"product_cat-ceasuri-barbati","8":"product_cat-ceasuri-dama","9":"product_cat-g-shock","10":"pa_brand-casio","11":"pa_brand-g-shock","12":"pa_braslet-plastic","13":"pa_corpus-51-mm","14":"pa_forma-rotund","15":"pa_funcii-alarma","16":"pa_funcii-calendar","17":"pa_funcii-cronometru","18":"pa_funcii-iluminare","19":"pa_funcii-timp-mondial","20":"pa_garatia-24-luni","21":"pa_korpus-alb","22":"pa_kvarc-quartz","23":"pa_material-plastic","24":"pa_mehanizm-electronic","25":"pa_mehanizm-quartz","26":"pa_remeshok-alb","27":"pa_steklo-cristal-mineral","28":"pa_strana-japonia","29":"pa_voda-20-atm","31":"first","32":"instock","33":"purchasable","34":"product-type-simple"},"acf":[],"_links":{"self":[{"href":"https:\/\/ceasuri.md\/ru\/wp-json\/wp\/v2\/product\/58886","targetHints":{"allow":["GET"]}}],"collection":[{"href":"https:\/\/ceasuri.md\/ru\/wp-json\/wp\/v2\/product"}],"about":[{"href":"https:\/\/ceasuri.md\/ru\/wp-json\/wp\/v2\/types\/product"}],"replies":[{"embeddable":true,"href":"https:\/\/ceasuri.md\/ru\/wp-json\/wp\/v2\/comments?post=58886"}],"wp:featuredmedia":[{"embeddable":true,"href":"https:\/\/ceasuri.md\/ru\/wp-json\/wp\/v2\/media\/58887"}],"wp:attachment":[{"href":"https:\/\/ceasuri.md\/ru\/wp-json\/wp\/v2\/media?parent=58886"}],"wp:term":[{"taxonomy":"product_brand","embeddable":true,"href":"https:\/\/ceasuri.md\/ru\/wp-json\/wp\/v2\/product_brand?post=58886"},{"taxonomy":"product_cat","embeddable":true,"href":"https:\/\/ceasuri.md\/ru\/wp-json\/wp\/v2\/product_cat?post=58886"},{"taxonomy":"product_tag","embeddable":true,"href":"https:\/\/ceasuri.md\/ru\/wp-json\/wp\/v2\/product_tag?post=58886"}],"curies":[{"name":"wp","href":"https:\/\/api.w.org\/{rel}","templated":true}]}}