{"id":58879,"date":"2026-04-03T00:56:01","date_gmt":"2026-04-02T21:56:01","guid":{"rendered":"http:\/\/new.ceasuri.md\/shop\/uncategorized\/casio-g-shock-ga-700bbr-1aer\/"},"modified":"2026-04-07T05:03:01","modified_gmt":"2026-04-07T02:03:01","slug":"casio-g-shock-ga-700bbr-1aer","status":"publish","type":"product","link":"https:\/\/ceasuri.md\/ru\/shop\/branduri\/casio\/casio-g-shock-ga-700bbr-1aer\/","title":{"rendered":"Ceas CASIO G-SHOCK GA-700BBR-1AER"},"content":{"rendered":"<p>Un ceas \u00eendr\u0103zne\u021b, robust \u0219i colorat din seria G-Shock ro\u0219u \u0219i negru, o colec\u021bie conceput\u0103 pentru cei care nu se tem s\u0103 ias\u0103 \u00een eviden\u021b\u0103.<\/p>\n<p>Culoarea ro\u0219ie bogat\u0103 a afi\u0219ajului LCD iese \u00een eviden\u021b\u0103 pe fondul carcasei \u0219i curelei negre. Atunci c\u00e2nd lumina de fundal este aprins\u0103, afi\u0219ajul digital str\u0103luce\u0219te \u0219i mai tare, transform\u00e2nd fiecare privire la ceas \u00eentr-o aventur\u0103.<\/p>\n<p>Carcasa din polimer este completat\u0103 de o curea din polimer \u0219i \u00eent\u0103rit\u0103 cu sticl\u0103 mineral\u0103.<\/p>\n<p>Afi\u0219ajul este o combina\u021bie de tip analogic \u0219i digital, partea analogic\u0103 afi\u0219\u00e2nd orele \u0219i minutele, iar partea digital\u0103 afi\u0219\u00e2nd orele \u0219i minutele, secundele, luna, data \u0219i ziua. Acesta dispune de o lumin\u0103 de fundal Super Illuminator LED cu lumin\u0103 alb\u0103.<\/p>\n<p>Ceasul este proiectat s\u0103 reziste la \u0219ocuri \u0219i vibra\u021bii. Rezisten\u021ba la ap\u0103 de 20 ATM v\u0103 permite s\u0103 v\u0103 \u00eemb\u0103ia\u021bi, s\u0103 \u00eenota\u021bi \u0219i s\u0103 v\u0103 scufunda\u021bi \u00een corpuri de ap\u0103.<\/p>","protected":false},"excerpt":{"rendered":"<p>Un ceas \u00eendr\u0103zne\u021b, robust \u0219i colorat din seria G-Shock ro\u0219u \u0219i negru, o colec\u021bie conceput\u0103 pentru cei care nu se tem s\u0103 ias\u0103 \u00een eviden\u021b\u0103. Culoarea ro\u0219ie bogat\u0103 a afi\u0219ajului LCD iese \u00een eviden\u021b\u0103 pe fondul carcasei \u0219i curelei negre. Atunci c\u00e2nd lumina de fundal este aprins\u0103, afi\u0219ajul digital str\u0103luce\u0219te \u0219i mai tare, transform\u00e2nd fiecare [&hellip;]<\/p>\n","protected":false},"featured_media":58880,"comment_status":"closed","ping_status":"open","template":"","meta":{"_acf_changed":false},"product_brand":[],"product_cat":[27,20,419],"product_tag":[],"class_list":{"0":"post-58879","1":"product","2":"type-product","3":"status-publish","4":"has-post-thumbnail","6":"product_cat-casio","7":"product_cat-ceasuri-barbati","8":"product_cat-g-shock","9":"pa_brand-casio","10":"pa_brand-g-shock","11":"pa_braslet-plastic","12":"pa_corpus-53-mm","13":"pa_forma-rotund","14":"pa_funcii-alarma","15":"pa_funcii-calendar","16":"pa_funcii-cronometru","17":"pa_funcii-iluminare","18":"pa_funcii-timp-mondial","19":"pa_garatia-24-luni","20":"pa_korpus-negru","21":"pa_material-plastic","22":"pa_mehanizm-electronic","23":"pa_mehanizm-quartz","24":"pa_remeshok-negru","25":"pa_steklo-cristal-mineral","26":"pa_strana-japonia","27":"pa_voda-20-atm","29":"first","30":"instock","31":"purchasable","32":"product-type-simple"},"acf":[],"_links":{"self":[{"href":"https:\/\/ceasuri.md\/ru\/wp-json\/wp\/v2\/product\/58879","targetHints":{"allow":["GET"]}}],"collection":[{"href":"https:\/\/ceasuri.md\/ru\/wp-json\/wp\/v2\/product"}],"about":[{"href":"https:\/\/ceasuri.md\/ru\/wp-json\/wp\/v2\/types\/product"}],"replies":[{"embeddable":true,"href":"https:\/\/ceasuri.md\/ru\/wp-json\/wp\/v2\/comments?post=58879"}],"wp:featuredmedia":[{"embeddable":true,"href":"https:\/\/ceasuri.md\/ru\/wp-json\/wp\/v2\/media\/58880"}],"wp:attachment":[{"href":"https:\/\/ceasuri.md\/ru\/wp-json\/wp\/v2\/media?parent=58879"}],"wp:term":[{"taxonomy":"product_brand","embeddable":true,"href":"https:\/\/ceasuri.md\/ru\/wp-json\/wp\/v2\/product_brand?post=58879"},{"taxonomy":"product_cat","embeddable":true,"href":"https:\/\/ceasuri.md\/ru\/wp-json\/wp\/v2\/product_cat?post=58879"},{"taxonomy":"product_tag","embeddable":true,"href":"https:\/\/ceasuri.md\/ru\/wp-json\/wp\/v2\/product_tag?post=58879"}],"curies":[{"name":"wp","href":"https:\/\/api.w.org\/{rel}","templated":true}]}}