{"id":58872,"date":"2026-04-03T00:55:05","date_gmt":"2026-04-02T21:55:05","guid":{"rendered":"http:\/\/new.ceasuri.md\/shop\/uncategorized\/casio-g-shock-ga-b2100bbr-1aer\/"},"modified":"2026-04-20T01:50:34","modified_gmt":"2026-04-19T22:50:34","slug":"casio-g-shock-ga-b2100bbr-1aer","status":"publish","type":"product","link":"https:\/\/ceasuri.md\/ru\/shop\/branduri\/casio\/casio-g-shock-ga-b2100bbr-1aer\/","title":{"rendered":"Ceas CASIO G-SHOCK GA-B2100BBR-1AER"},"content":{"rendered":"<p>Deveni\u021bi un purt\u0103tor \u00eendr\u0103zne\u021b, hot\u0103r\u00e2t \u0219i colorat al colec\u021biei Black and Red G-SHOCK.<\/p>\n<p>Culoarea ro\u0219ie aprins\u0103 \u0219i bogat\u0103 a afi\u0219ajului LCD iese \u00een eviden\u021b\u0103 pe fondul carcasei, curelei \u0219i cadranului negre, nu doar sporind vizibilitatea, ci \u0219i dep\u0103\u0219ind limitele designului \u00eendr\u0103zne\u021b.<\/p>\n<p>Activa\u021bi lumina de fundal pentru a face afi\u0219ajul digital \u0219i mai vizibil.<\/p>\n<p>Modelul este rezistent la ap\u0103 p\u00e2n\u0103 la 200 de metri, ceea ce \u00eel face potrivit pentru \u00eenot \u0219i activit\u0103\u021bi \u00een aer liber.<\/p>\n<p>Caracteristicile suplimentare includ timp mondial, cronometru cu num\u0103r\u0103toare invers\u0103, cinci alarme zilnice, format de or\u0103 12\/24 de ore, iluminare de fundal cu dou\u0103 LED-uri (Super Illuminator), calendar.<\/p>\n<p>Func\u021bia Smartphone Link: comunicare mobil\u0103 (conexiune wireless utiliz\u00e2nd Bluetooth\u00ae). Conexiune la aplica\u021bie &#8211; setare automat\u0103 a orei, setare u\u0219oar\u0103 a ceasului, aproximativ 300 de ora\u0219e ale lumii, memento ora \u0219i locul, c\u0103utare telefon.<\/p>","protected":false},"excerpt":{"rendered":"<p>Deveni\u021bi un purt\u0103tor \u00eendr\u0103zne\u021b, hot\u0103r\u00e2t \u0219i colorat al colec\u021biei Black and Red G-SHOCK. Culoarea ro\u0219ie aprins\u0103 \u0219i bogat\u0103 a afi\u0219ajului LCD iese \u00een eviden\u021b\u0103 pe fondul carcasei, curelei \u0219i cadranului negre, nu doar sporind vizibilitatea, ci \u0219i dep\u0103\u0219ind limitele designului \u00eendr\u0103zne\u021b. Activa\u021bi lumina de fundal pentru a face afi\u0219ajul digital \u0219i mai vizibil. Modelul este [&hellip;]<\/p>\n","protected":false},"featured_media":58873,"comment_status":"closed","ping_status":"open","template":"","meta":{"_acf_changed":false},"product_brand":[],"product_cat":[27,20,25,419],"product_tag":[],"class_list":{"0":"post-58872","1":"product","2":"type-product","3":"status-publish","4":"has-post-thumbnail","6":"product_cat-casio","7":"product_cat-ceasuri-barbati","8":"product_cat-ceasuri-dama","9":"product_cat-g-shock","10":"pa_brand-casio","11":"pa_brand-g-shock","12":"pa_braslet-plastic","13":"pa_corpus-45x49mm","14":"pa_forma-octogonala","15":"pa_funcii-alarma","16":"pa_funcii-bluetooth-smart","17":"pa_funcii-calendar","18":"pa_funcii-cronometru","19":"pa_funcii-iluminare","20":"pa_funcii-rezerva-de-energie","21":"pa_funcii-timp-mondial","22":"pa_funcii-ziua-saptamanii","23":"pa_garatia-24-luni","24":"pa_korpus-negru","25":"pa_kvarc-quartz","26":"pa_material-carbon","27":"pa_material-plastic","28":"pa_mehanizm-baterie-solara","29":"pa_mehanizm-electronic","30":"pa_mehanizm-quartz","31":"pa_remeshok-negru","32":"pa_steklo-cristal-mineral","33":"pa_strana-japonia","34":"pa_voda-20-atm","36":"first","37":"instock","38":"purchasable","39":"product-type-simple"},"acf":[],"_links":{"self":[{"href":"https:\/\/ceasuri.md\/ru\/wp-json\/wp\/v2\/product\/58872","targetHints":{"allow":["GET"]}}],"collection":[{"href":"https:\/\/ceasuri.md\/ru\/wp-json\/wp\/v2\/product"}],"about":[{"href":"https:\/\/ceasuri.md\/ru\/wp-json\/wp\/v2\/types\/product"}],"replies":[{"embeddable":true,"href":"https:\/\/ceasuri.md\/ru\/wp-json\/wp\/v2\/comments?post=58872"}],"wp:featuredmedia":[{"embeddable":true,"href":"https:\/\/ceasuri.md\/ru\/wp-json\/wp\/v2\/media\/58873"}],"wp:attachment":[{"href":"https:\/\/ceasuri.md\/ru\/wp-json\/wp\/v2\/media?parent=58872"}],"wp:term":[{"taxonomy":"product_brand","embeddable":true,"href":"https:\/\/ceasuri.md\/ru\/wp-json\/wp\/v2\/product_brand?post=58872"},{"taxonomy":"product_cat","embeddable":true,"href":"https:\/\/ceasuri.md\/ru\/wp-json\/wp\/v2\/product_cat?post=58872"},{"taxonomy":"product_tag","embeddable":true,"href":"https:\/\/ceasuri.md\/ru\/wp-json\/wp\/v2\/product_tag?post=58872"}],"curies":[{"name":"wp","href":"https:\/\/api.w.org\/{rel}","templated":true}]}}