{"id":58856,"date":"2026-04-03T00:55:05","date_gmt":"2026-04-02T21:55:05","guid":{"rendered":"http:\/\/new.ceasuri.md\/shop\/uncategorized\/casio-g-shock-ga-v01-9aer\/"},"modified":"2026-04-07T05:02:57","modified_gmt":"2026-04-07T02:02:57","slug":"casio-g-shock-ga-v01-9aer","status":"publish","type":"product","link":"https:\/\/ceasuri.md\/ru\/shop\/branduri\/casio\/casio-g-shock-ga-v01-9aer\/","title":{"rendered":"Ceas CASIO G-SHOCK GA-V01-9AER"},"content":{"rendered":"<p>G-Shock demonstreaz\u0103 \u00eenc\u0103 o dat\u0103 evolu\u021bia sa continu\u0103 prin prezentarea unui ceas care combin\u0103 idei \u0219i dezvolt\u0103ri de ultim\u0103 or\u0103, \u00eentruchip\u00e2nd esen\u021ba m\u0103rcii: durabilitate, inova\u021bie \u0219i \u00eendr\u0103zneal\u0103.<\/p>\n<p>Carcasa impresioneaz\u0103 prin forma sa organic\u0103, iar afi\u0219ajul LCD mare este acoperit de un cadran deschis care dezv\u0103luie mecanismul unic Shock Release de pe minutar. Cureaua este dintr-o singur\u0103 bucat\u0103 cu carcasa. Acest design modern confer\u0103 modelului un aspect industrial distinctiv \u0219i subliniaz\u0103 spiritul G-Shock &#8211; \u00eendr\u0103zne\u021b, neconven\u021bional \u0219i f\u0103r\u0103 compromisuri \u00een abordarea provoc\u0103rilor.<\/p>\n<p>Sistemul Shock Release utilizeaz\u0103 un sistem magnetic pentru fixarea minutarului \u00een locul fix\u0103rii tradi\u021bionale pe ax\u0103. Cu aceast\u0103 inova\u021bie, m\u00e2na poate absorbi \u0219i disipa \u0219ocurile, permi\u021b\u00e2nd \u00een acela\u0219i timp o mai mare libertate de dimensiune \u0219i design. Atunci c\u00e2nd are loc un \u0219oc sau o vibra\u021bie, m\u00e2na se poate mi\u0219ca temporar u\u0219or, dar revine automat la pozi\u021bia corect\u0103 dup\u0103 c\u00e2teva minute.<\/p>\n<p>Ceasul are o gam\u0103 larg\u0103 de func\u021bii: ora mondial\u0103 \u00een 31 de fusuri orare, un cronometru precis la 1\/100 de secund\u0103, un cronometru cu o autonomie de p\u00e2n\u0103 la 24 de ore \u0219i 5 alarme zilnice. Lumin\u0103 de fundal cu dou\u0103 LED-uri (Super Illuminator). Rezisten\u021b\u0103 la ap\u0103 20 ATM.<\/p>\n<p>Sticla mineral\u0103 este sferic\u0103 pentru o vizibilitate mai clar\u0103, iar durata de via\u021b\u0103 a bateriei ajunge la aproximativ 10 ani.<\/p>","protected":false},"excerpt":{"rendered":"<p>G-Shock demonstreaz\u0103 \u00eenc\u0103 o dat\u0103 evolu\u021bia sa continu\u0103 prin prezentarea unui ceas care combin\u0103 idei \u0219i dezvolt\u0103ri de ultim\u0103 or\u0103, \u00eentruchip\u00e2nd esen\u021ba m\u0103rcii: durabilitate, inova\u021bie \u0219i \u00eendr\u0103zneal\u0103. Carcasa impresioneaz\u0103 prin forma sa organic\u0103, iar afi\u0219ajul LCD mare este acoperit de un cadran deschis care dezv\u0103luie mecanismul unic Shock Release de pe minutar. Cureaua este dintr-o [&hellip;]<\/p>\n","protected":false},"featured_media":58857,"comment_status":"closed","ping_status":"open","template":"","meta":{"_acf_changed":false},"product_brand":[],"product_cat":[27,20,25,419],"product_tag":[],"class_list":{"0":"post-58856","1":"product","2":"type-product","3":"status-publish","4":"has-post-thumbnail","6":"product_cat-casio","7":"product_cat-ceasuri-barbati","8":"product_cat-ceasuri-dama","9":"product_cat-g-shock","10":"pa_brand-casio","11":"pa_brand-g-shock","12":"pa_braslet-plastic","13":"pa_corpus-58-mm","14":"pa_forma-rotund","15":"pa_funcii-alarma","16":"pa_funcii-calendar","17":"pa_funcii-cronometru","18":"pa_funcii-iluminare","19":"pa_funcii-timp-mondial","20":"pa_garatia-24-luni","21":"pa_korpus-verde","22":"pa_material-plastic","23":"pa_mehanizm-electronic","24":"pa_mehanizm-quartz","25":"pa_remeshok-verde","26":"pa_steklo-cristal-mineral","27":"pa_strana-japonia","28":"pa_voda-20-atm","30":"first","31":"instock","32":"purchasable","33":"product-type-simple"},"acf":[],"_links":{"self":[{"href":"https:\/\/ceasuri.md\/ru\/wp-json\/wp\/v2\/product\/58856","targetHints":{"allow":["GET"]}}],"collection":[{"href":"https:\/\/ceasuri.md\/ru\/wp-json\/wp\/v2\/product"}],"about":[{"href":"https:\/\/ceasuri.md\/ru\/wp-json\/wp\/v2\/types\/product"}],"replies":[{"embeddable":true,"href":"https:\/\/ceasuri.md\/ru\/wp-json\/wp\/v2\/comments?post=58856"}],"wp:featuredmedia":[{"embeddable":true,"href":"https:\/\/ceasuri.md\/ru\/wp-json\/wp\/v2\/media\/58857"}],"wp:attachment":[{"href":"https:\/\/ceasuri.md\/ru\/wp-json\/wp\/v2\/media?parent=58856"}],"wp:term":[{"taxonomy":"product_brand","embeddable":true,"href":"https:\/\/ceasuri.md\/ru\/wp-json\/wp\/v2\/product_brand?post=58856"},{"taxonomy":"product_cat","embeddable":true,"href":"https:\/\/ceasuri.md\/ru\/wp-json\/wp\/v2\/product_cat?post=58856"},{"taxonomy":"product_tag","embeddable":true,"href":"https:\/\/ceasuri.md\/ru\/wp-json\/wp\/v2\/product_tag?post=58856"}],"curies":[{"name":"wp","href":"https:\/\/api.w.org\/{rel}","templated":true}]}}