{"id":58841,"date":"2026-04-03T00:55:05","date_gmt":"2026-04-02T21:55:05","guid":{"rendered":"http:\/\/new.ceasuri.md\/shop\/uncategorized\/casio-g-shock-gbx-100s-2er\/"},"modified":"2026-04-07T05:02:54","modified_gmt":"2026-04-07T02:02:54","slug":"casio-g-shock-gbx-100s-2er","status":"publish","type":"product","link":"https:\/\/ceasuri.md\/ru\/shop\/branduri\/casio\/casio-g-shock-gbx-100s-2er\/","title":{"rendered":"Ceas CASIO G-SHOCK GBX-100S-2ER"},"content":{"rendered":"<p>G-SHOCK-ul din gama G-LIDE ofer\u0103 durabilitatea \u0219i func\u021bionalitatea pe care stilul t\u0103u de via\u021b\u0103 de surfing le cere.<\/p>\n<p>Inspirat de surfingul de var\u0103, luneta este realizat\u0103 din dou\u0103 materiale diferite pentru a crea impresia de valuri str\u0103lucitoare care sclipesc \u00een lumina soarelui. Partea superioar\u0103 a lunetei din o\u021bel inoxidabil, cu margini conice finisate \u00een oglind\u0103, contrasteaz\u0103 subtil cu transluciditatea lucioas\u0103 a bazei lunetei din polimer.<\/p>\n<p>Cureaua este fabricat\u0103 din uretan pe baz\u0103 biologic\u0103 \u0219i are o fant\u0103 pentru o potrivire mai bun\u0103 \u0219i drenarea apei \u0219i a transpira\u021biei.<\/p>\n<p>Func\u021bionalitate complet\u0103 la \u00eendem\u00e2n\u0103 cu Smartphone Link. Pur \u0219i simplu utiliza\u021bi aplica\u021bia dedicat\u0103 pentru a selecta unul dintre cele 3.300 de locuri de surf principale din \u00eentreaga lume \u0219i trimite\u021bi condi\u021biile de maree \u0219i de lumin\u0103 natural\u0103 la ceas. Cadranul lat al ceasului cu afi\u0219aj LCD de \u00eenalt\u0103 rezolu\u021bie Memory in Pixel (MIP) ofer\u0103 citiri clare. Acest ceas este conceput pentru a ajuta surferii s\u0103 se preg\u0103teasc\u0103 pentru competi\u021biile dificile din \u00eentreaga lume.<\/p>\n<p>Ceasul are caracteristici suplimentare, cum ar fi: afi\u0219aj faz\u0103 lunar\u0103, pedometru, cronometru \u0219i cronometru, iluminare automat\u0103 ultra-luminoas\u0103 \u0219i posibilitatea de a activa \u0219i dezactiva notific\u0103rile prin vibra\u021bii.<\/p>\n<p>Rezistent la ap\u0103 p\u00e2n\u0103 la 200 de metri.<\/p>","protected":false},"excerpt":{"rendered":"<p>G-SHOCK-ul din gama G-LIDE ofer\u0103 durabilitatea \u0219i func\u021bionalitatea pe care stilul t\u0103u de via\u021b\u0103 de surfing le cere. Inspirat de surfingul de var\u0103, luneta este realizat\u0103 din dou\u0103 materiale diferite pentru a crea impresia de valuri str\u0103lucitoare care sclipesc \u00een lumina soarelui. Partea superioar\u0103 a lunetei din o\u021bel inoxidabil, cu margini conice finisate \u00een oglind\u0103, [&hellip;]<\/p>\n","protected":false},"featured_media":58842,"comment_status":"closed","ping_status":"open","template":"","meta":{"_acf_changed":false},"product_brand":[],"product_cat":[27,20,419],"product_tag":[],"class_list":{"0":"post-58841","1":"product","2":"type-product","3":"status-publish","4":"has-post-thumbnail","6":"product_cat-casio","7":"product_cat-ceasuri-barbati","8":"product_cat-g-shock","9":"pa_brand-casio","10":"pa_brand-g-shock","11":"pa_braslet-plastic","12":"pa_corpus-46x51mm","13":"pa_forma-octogonala","14":"pa_funcii-accelerometru","15":"pa_funcii-alarma","16":"pa_funcii-bluetooth-smart","17":"pa_funcii-calendar","18":"pa_funcii-cronometru","19":"pa_funcii-fazele-lunii","20":"pa_funcii-iluminare","21":"pa_funcii-timp-mondial","22":"pa_garatia-24-luni","23":"pa_korpus-argintiu","24":"pa_korpus-transparent","25":"pa_material-otel-inoxidabil","26":"pa_material-plastic","27":"pa_mehanizm-electronic","28":"pa_remeshok-albastru-inchis","29":"pa_steklo-cristal-mineral","30":"pa_strana-japonia","31":"pa_voda-20-atm","33":"first","34":"instock","35":"purchasable","36":"product-type-simple"},"acf":[],"_links":{"self":[{"href":"https:\/\/ceasuri.md\/ru\/wp-json\/wp\/v2\/product\/58841","targetHints":{"allow":["GET"]}}],"collection":[{"href":"https:\/\/ceasuri.md\/ru\/wp-json\/wp\/v2\/product"}],"about":[{"href":"https:\/\/ceasuri.md\/ru\/wp-json\/wp\/v2\/types\/product"}],"replies":[{"embeddable":true,"href":"https:\/\/ceasuri.md\/ru\/wp-json\/wp\/v2\/comments?post=58841"}],"wp:featuredmedia":[{"embeddable":true,"href":"https:\/\/ceasuri.md\/ru\/wp-json\/wp\/v2\/media\/58842"}],"wp:attachment":[{"href":"https:\/\/ceasuri.md\/ru\/wp-json\/wp\/v2\/media?parent=58841"}],"wp:term":[{"taxonomy":"product_brand","embeddable":true,"href":"https:\/\/ceasuri.md\/ru\/wp-json\/wp\/v2\/product_brand?post=58841"},{"taxonomy":"product_cat","embeddable":true,"href":"https:\/\/ceasuri.md\/ru\/wp-json\/wp\/v2\/product_cat?post=58841"},{"taxonomy":"product_tag","embeddable":true,"href":"https:\/\/ceasuri.md\/ru\/wp-json\/wp\/v2\/product_tag?post=58841"}],"curies":[{"name":"wp","href":"https:\/\/api.w.org\/{rel}","templated":true}]}}